{"id":39097,"date":"2023-01-13T14:45:26","date_gmt":"2023-01-13T14:45:26","guid":{"rendered":"https:\/\/www.mysexualfantasy.eu\/?post_type=product&#038;p=39097"},"modified":"2023-12-06T17:26:04","modified_gmt":"2023-12-06T17:26:04","slug":"obsessive-marrbel-set-dos-piezas-s-m","status":"publish","type":"product","link":"https:\/\/www.mysexualfantasy.eu\/en\/product\/obsessive-marrbel-set-dos-piezas-s-m\/","title":{"rendered":"OBSESSIVE &#8211; MARRBEL SET DOS PIEZAS S\/M"},"content":{"rendered":"<p>\u00a1Conjunto de lencer\u00eda extremadamente sensual y femenino, perfecto tanto para una noche picante con tu pareja como para el uso diario debajo de tu ropa!\u00a1D\u00e9jate llevar por una sensaci\u00f3n sexy las 24 horas del d\u00eda, envolviendo tu cuerpo en la delicadeza de los materiales de esta maravilla de la colecci\u00f3n Marrbel!<\/p>\n<p>\u00a1Incre\u00edble comodidad combinada con un corte s\u00faper femenino!\u00a1No lo dudes m\u00e1s y date el placer que te mereces!<\/p>\n<p>M\u00e1s detalles aqu\u00ed:<\/p>\n<ul>\n<li><span style=\"font-size: 13px;\">El conjunto incluye: sujetador y tanga<\/span><\/li>\n<li><span style=\"font-size: 13px;\">Copas de sujetador triangulares: busto bellamente enfatizado<\/span><\/li>\n<li><span style=\"font-size: 13px;\">Correas ajustables  llenas de comodidad<\/span><\/li>\n<li><span style=\"font-size: 13px;\">Cierre ajustable en la parte posterior<\/span><\/li>\n<li><span style=\"font-size: 13px;\">Correas con un inserto de material adicional en los hombros: un adorno \u00fanico<\/span><\/li>\n<li><span style=\"font-size: 13px;\">Malla transparente debajo del busto y en la tanga<\/span><\/li>\n<li><span style=\"font-size: 13px;\">Elementos de joyer\u00eda\u00a0<\/span><\/li>\n<li><span style=\"font-size: 13px;\">Material acolchado: aspecto extraordinario (45% poliuretanO, 45% poliamida, 10% elastano)<span style=\"font-size: 13px;\"><\/span><\/span><\/li>\n<\/ul>\n<p 1.5=\"\" color:=\"\" font-size:=\"\" line-height:=\"\" margin-top:=\"\" roboto=\"\" style=\"box-sizing: border-box;\">\u00a1Obsessive significa inspiraci\u00f3n en la mujer!\u00a0 Elegancia, sensualidad, amor a la costura&#8230;.significa mucho para la mujer, pocos son los adjetivos que pueden calificar a Obsessive, donde una labor de a\u00f1os han conseguido unir la mejor relaci\u00f3n calidad-precio.<\/p>\n<p 1.5=\"\" color:=\"\" font-size:=\"\" line-height:=\"\" margin-top:=\"\" roboto=\"\" style=\"box-sizing: border-box;\">\u00a1L\u00edderes mundiales en lencer\u00eda, nadie lo hace mejor!<\/p>\n<p style=\"text-align: center;\"><img decoding=\"async\" src=\"https:\/\/store.dreamlove.es\/UserFiles\/images\/SIZES.png\" \/><\/p>","protected":false},"excerpt":{"rendered":"<p>OBSESSIVE &#8211; MARRBEL TWO PIECES SET S\/M<\/p>","protected":false},"featured_media":71042,"comment_status":"open","ping_status":"closed","template":"","meta":{"_monsterinsights_skip_tracking":false,"_monsterinsights_sitenote_active":false,"_monsterinsights_sitenote_note":"","_monsterinsights_sitenote_category":0,"_joinchat":[]},"product_brand":[],"product_cat":[1196,1199,1166,148,1200],"product_tag":[],"class_list":{"0":"post-39097","1":"product","2":"type-product","3":"status-publish","4":"has-post-thumbnail","6":"product_cat-moda-lencerialenceria-mujer","7":"product_cat-moda-lencerialenceria-mujerlenceria-sexy","8":"product_cat-moda-lenceria","9":"product_cat-ofertas","10":"product_cat-moda-lencerialenceria-mujerlenceria-sexysujetador-y-parte-inferior","11":"yith_product_brand-obsessive","12":"yith_product_brand-obsessiveobsessive-sets","14":"first","15":"instock","16":"taxable","17":"shipping-taxable","18":"purchasable","19":"product-type-variable"},"aioseo_notices":[],"_links":{"self":[{"href":"https:\/\/www.mysexualfantasy.eu\/en\/wp-json\/wp\/v2\/product\/39097","targetHints":{"allow":["GET"]}}],"collection":[{"href":"https:\/\/www.mysexualfantasy.eu\/en\/wp-json\/wp\/v2\/product"}],"about":[{"href":"https:\/\/www.mysexualfantasy.eu\/en\/wp-json\/wp\/v2\/types\/product"}],"replies":[{"embeddable":true,"href":"https:\/\/www.mysexualfantasy.eu\/en\/wp-json\/wp\/v2\/comments?post=39097"}],"wp:featuredmedia":[{"embeddable":true,"href":"https:\/\/www.mysexualfantasy.eu\/en\/wp-json\/wp\/v2\/media\/71042"}],"wp:attachment":[{"href":"https:\/\/www.mysexualfantasy.eu\/en\/wp-json\/wp\/v2\/media?parent=39097"}],"wp:term":[{"taxonomy":"product_brand","embeddable":true,"href":"https:\/\/www.mysexualfantasy.eu\/en\/wp-json\/wp\/v2\/product_brand?post=39097"},{"taxonomy":"product_cat","embeddable":true,"href":"https:\/\/www.mysexualfantasy.eu\/en\/wp-json\/wp\/v2\/product_cat?post=39097"},{"taxonomy":"product_tag","embeddable":true,"href":"https:\/\/www.mysexualfantasy.eu\/en\/wp-json\/wp\/v2\/product_tag?post=39097"}],"curies":[{"name":"wp","href":"https:\/\/api.w.org\/{rel}","templated":true}]}}