{"id":39110,"date":"2023-01-13T14:41:36","date_gmt":"2023-01-13T14:41:36","guid":{"rendered":"https:\/\/www.mysexualfantasy.eu\/?post_type=product&#038;p=39110"},"modified":"2023-12-06T16:08:45","modified_gmt":"2023-12-06T16:08:45","slug":"satisfyer-sniper-anillo-vibrador-azul","status":"publish","type":"product","link":"https:\/\/www.mysexualfantasy.eu\/en\/product\/satisfyer-sniper-anillo-vibrador-azul\/","title":{"rendered":"SATISFYER SNIPER ANILLO VIBRADOR AZUL"},"content":{"rendered":"<p>El Satisfyer Sniper cuenta con dos lazos (uno de los cuales es ajustable), est\u00e1 confeccionado con silicona agradable para el cuerpo, asegura un mayor efecto de ralentizaci\u00f3n de la sangre y prolonga el juego sexual. Las vibraciones adicionales estimulan a ambos participantes.<\/p>\n<p><strong>Informaci\u00f3n del producto \u00abSatisfyer Sniper\u00bb <\/strong><\/p>\n<ul>\n<li>M\u00e1s resistencia debido al excitante efecto de retenci\u00f3n sangu\u00ednea<\/li>\n<li>Estrechez ajustable individualmente<\/li>\n<li>El potente motor transmite intensos ritmos de vibraci\u00f3n por todo el dispositivo<\/li>\n<li>Ideal para parejas<\/li>\n<li>Fabricado con silicona m\u00e9dica s\u00faper suave e inocua para la piel y con un tacto sedoso y extremadamente higi\u00e9nico<\/li>\n<li>15 a\u00f1os de garant\u00eda<\/li>\n<li>Se ajusta al detalle a cada persona<\/li>\n<li>Silicona inocua para el cuerpo<\/li>\n<li>Impermeable (IPX7) Modo susurro<\/li>\n<li>F\u00e1cil de limpiar Bater\u00eda de iones de litio<\/li>\n<li>Cable de carga magn\u00e9tico USB incluido<\/li>\n<\/ul>\n<p><strong>Anillo vibrador para el pene: A\u00fan m\u00e1s placer con el Satisfyer Sniper <\/strong><\/p>\n<p>Con el Satisfyer Sniper puedes disfrutar de relaciones m\u00e1s duraderas y de una erecci\u00f3n m\u00e1s intensa: dos lazos, uno de los cuales se puede ajustar de forma individual, aseguran un mayor efecto de congesti\u00f3n sangu\u00ednea. El anillo para el pene ajustable con un estimulador de cl\u00edtoris c\u00f3nico tambi\u00e9n estimula a los dos durante el acto sexual con intensas vibraciones. Los 12 programas de vibraci\u00f3n se pueden controlar f\u00e1cilmente a trav\u00e9s del bot\u00f3n de un solo toque y var\u00edan de suaves a intensos.<\/p>\n<p>Gracias a su sencillo funcionamiento y al lazo de tama\u00f1o ajustable, el Satisfyer Sniper es id\u00f3neo para principiantes y cualquiera que est\u00e9 buscando un anillo para el pene que se ajuste a la perfecci\u00f3n.<\/p>\n<p><strong>Satisfyer Sniper: anillo para el pene de silicona <\/strong><\/p>\n<p>Puesto que el anillo ajustable para el pene es de silicona m\u00e9dica e inocua para el cuerpo, es especialmente flexible. Adem\u00e1s, el anillo es resistente al agua (IPX7) y tambi\u00e9n se puede usar en la ducha o la ba\u00f1era. Las bater\u00edas integradas se pueden recargar a trav\u00e9s del cable de carga USB incluido.<\/p>","protected":false},"excerpt":{"rendered":"<p>SATISFYER SNIPER  RING VIBRATOR BLUE<\/p>","protected":false},"featured_media":70229,"comment_status":"open","ping_status":"closed","template":"","meta":{"_monsterinsights_skip_tracking":false,"_monsterinsights_sitenote_active":false,"_monsterinsights_sitenote_note":"","_monsterinsights_sitenote_category":0,"_joinchat":[]},"product_brand":[],"product_cat":[125,121,929,189,119,853,762],"product_tag":[],"class_list":{"0":"post-39110","1":"product","2":"type-product","3":"status-publish","4":"has-post-thumbnail","6":"product_cat-juguetes-sexuales-xxxaccesorios-para-el-pene","7":"product_cat-juguetes-sexuales-xxxacuaticos","8":"product_cat-juguetes-sexuales-xxxaccesorios-para-el-peneanillos-pene","9":"product_cat-juguetes-sexuales-xxxestimuladores","10":"product_cat-juguetes-sexuales-xxx","11":"product_cat-juguetes-sexuales-xxxestimuladorespara-clitoris","12":"product_cat-juguetes-sexuales-xxxpara-el","13":"yith_product_brand-satisfyer","14":"yith_product_brand-satisfyer-satisfyer-ring","16":"first","17":"instock","18":"taxable","19":"shipping-taxable","20":"purchasable","21":"product-type-simple"},"aioseo_notices":[],"_links":{"self":[{"href":"https:\/\/www.mysexualfantasy.eu\/en\/wp-json\/wp\/v2\/product\/39110","targetHints":{"allow":["GET"]}}],"collection":[{"href":"https:\/\/www.mysexualfantasy.eu\/en\/wp-json\/wp\/v2\/product"}],"about":[{"href":"https:\/\/www.mysexualfantasy.eu\/en\/wp-json\/wp\/v2\/types\/product"}],"replies":[{"embeddable":true,"href":"https:\/\/www.mysexualfantasy.eu\/en\/wp-json\/wp\/v2\/comments?post=39110"}],"wp:featuredmedia":[{"embeddable":true,"href":"https:\/\/www.mysexualfantasy.eu\/en\/wp-json\/wp\/v2\/media\/70229"}],"wp:attachment":[{"href":"https:\/\/www.mysexualfantasy.eu\/en\/wp-json\/wp\/v2\/media?parent=39110"}],"wp:term":[{"taxonomy":"product_brand","embeddable":true,"href":"https:\/\/www.mysexualfantasy.eu\/en\/wp-json\/wp\/v2\/product_brand?post=39110"},{"taxonomy":"product_cat","embeddable":true,"href":"https:\/\/www.mysexualfantasy.eu\/en\/wp-json\/wp\/v2\/product_cat?post=39110"},{"taxonomy":"product_tag","embeddable":true,"href":"https:\/\/www.mysexualfantasy.eu\/en\/wp-json\/wp\/v2\/product_tag?post=39110"}],"curies":[{"name":"wp","href":"https:\/\/api.w.org\/{rel}","templated":true}]}}