{"id":39121,"date":"2023-01-13T15:00:18","date_gmt":"2023-01-13T15:00:18","guid":{"rendered":"https:\/\/www.mysexualfantasy.eu\/?post_type=product&#038;p=39121"},"modified":"2023-12-06T16:08:49","modified_gmt":"2023-12-06T16:08:49","slug":"satisfyer-threesome-4-vibrador-app-azul","status":"publish","type":"product","link":"https:\/\/www.mysexualfantasy.eu\/en\/product\/satisfyer-threesome-4-vibrador-app-azul\/","title":{"rendered":"SATISFYER THREESOME 4 VIBRADOR APP &#8211; AZUL"},"content":{"rendered":"<p>Satisfyer Threesome 4\u00a0tiene tres brazos, un motor potente y un dise\u00f1o innovador. Es un vibrador de contacto que estimula el cl\u00edtoris y los labios.<\/p>\n<p><strong>Informaci\u00f3n del producto Satisfyer \u00abThreesome 4<\/strong><strong>\u00ab<\/strong><\/p>\n<ul>\n<li>3 motores para una potente vibraci\u00f3n<\/li>\n<li>Brazos flexibles para una estimulaci\u00f3n apasionante<\/li>\n<li>12 programas de vibraci\u00f3n<\/li>\n<li>Estimulaci\u00f3n sensual del cl\u00edtoris y de los labios vaginales<\/li>\n<li>Compatible con la aplicaci\u00f3n gratuita de Satisfyer, disponible para iOS y Android<\/li>\n<li>Tambi\u00e9n se puede utilizar sin la aplicaci\u00f3n<\/li>\n<li>La aplicaci\u00f3n ofrece una gama interminable de programas<\/li>\n<li>15 a\u00f1os de garant\u00eda<\/li>\n<li>Modo susurro<\/li>\n<li>Fabricadas con silicona m\u00e9dica s\u00faper suave e inocua para la piel y con un tacto sedoso<\/li>\n<li>Bater\u00eda recargable de iones de litio<\/li>\n<li>Impermeable (IPX7)<\/li>\n<li>Cable de carga USB magn\u00e9tico incluido<\/li>\n<li>F\u00e1cil de limpiar<\/li>\n<\/ul>\n<p><strong>Qu\u00e9 otras ventajas presenta el vibrador Satisfyer Threesome 4? <\/strong><\/p>\n<p>El cuerpo r\u00edgido tiene brazos flexibles que se pueden ajustar para estimular los lugares correctos. Threesome 4\u00a0cuenta con tres\u00a0motores que ofrecen potentes y profundas vibraciones al usuario. Los programas de vibraci\u00f3n 2 x 12 ofrecen innumerables formas de estimular el cl\u00edtoris y los labios vaginales.<\/p>\n<p>Gracias a la aplicaci\u00f3n gratuita Satisfyer Connect, puedes controlar el vibrador desde cualquier parte del mundo a trav\u00e9s de Internet, emparejar el generador de placer con tu lista de reproducci\u00f3n favorita en Spotify o crear tus propios programas de vibraci\u00f3n y transferirlos al Satisfyer: \u00a1las posibilidades son infinitas! Los 12 programas de vibraci\u00f3n predefinidos del\u00a0vibrador\u00a0tambi\u00e9n se pueden controlar intuitivamente sin la aplicaci\u00f3n a trav\u00e9s del bot\u00f3n.<\/p>","protected":false},"excerpt":{"rendered":"<p>SATISFYER THREESOME 4 VIBRATOR APP &#8211; BLUE<\/p>","protected":false},"featured_media":72656,"comment_status":"open","ping_status":"closed","template":"","meta":{"_monsterinsights_skip_tracking":false,"_monsterinsights_sitenote_active":false,"_monsterinsights_sitenote_note":"","_monsterinsights_sitenote_category":0,"_joinchat":[]},"product_brand":[],"product_cat":[121,189,119,245,853,258,837,255],"product_tag":[],"class_list":{"0":"post-39121","1":"product","2":"type-product","3":"status-publish","4":"has-post-thumbnail","6":"product_cat-juguetes-sexuales-xxxacuaticos","7":"product_cat-juguetes-sexuales-xxxestimuladores","8":"product_cat-juguetes-sexuales-xxx","9":"product_cat-juguetes-sexuales-xxxmasturbadores-para-ellas","10":"product_cat-juguetes-sexuales-xxxestimuladorespara-clitoris","11":"product_cat-juguetes-sexuales-xxxvibradores","12":"product_cat-juguetes-sexuales-xxxvibradores-con-app","13":"product_cat-juguetes-sexuales-xxxvibradores-hi-tech","14":"yith_product_brand-satisfyer","15":"yith_product_brand-satisfyer-satisfyer-connect","17":"first","18":"instock","19":"taxable","20":"shipping-taxable","21":"purchasable","22":"product-type-simple"},"aioseo_notices":[],"_links":{"self":[{"href":"https:\/\/www.mysexualfantasy.eu\/en\/wp-json\/wp\/v2\/product\/39121","targetHints":{"allow":["GET"]}}],"collection":[{"href":"https:\/\/www.mysexualfantasy.eu\/en\/wp-json\/wp\/v2\/product"}],"about":[{"href":"https:\/\/www.mysexualfantasy.eu\/en\/wp-json\/wp\/v2\/types\/product"}],"replies":[{"embeddable":true,"href":"https:\/\/www.mysexualfantasy.eu\/en\/wp-json\/wp\/v2\/comments?post=39121"}],"wp:featuredmedia":[{"embeddable":true,"href":"https:\/\/www.mysexualfantasy.eu\/en\/wp-json\/wp\/v2\/media\/72656"}],"wp:attachment":[{"href":"https:\/\/www.mysexualfantasy.eu\/en\/wp-json\/wp\/v2\/media?parent=39121"}],"wp:term":[{"taxonomy":"product_brand","embeddable":true,"href":"https:\/\/www.mysexualfantasy.eu\/en\/wp-json\/wp\/v2\/product_brand?post=39121"},{"taxonomy":"product_cat","embeddable":true,"href":"https:\/\/www.mysexualfantasy.eu\/en\/wp-json\/wp\/v2\/product_cat?post=39121"},{"taxonomy":"product_tag","embeddable":true,"href":"https:\/\/www.mysexualfantasy.eu\/en\/wp-json\/wp\/v2\/product_tag?post=39121"}],"curies":[{"name":"wp","href":"https:\/\/api.w.org\/{rel}","templated":true}]}}