{"id":39378,"date":"2023-01-13T12:15:57","date_gmt":"2023-01-13T12:15:57","guid":{"rendered":"https:\/\/www.mysexualfantasy.eu\/?post_type=product&#038;p=39378"},"modified":"2023-12-06T17:27:12","modified_gmt":"2023-12-06T17:27:12","slug":"penthouse-no-excuses-medias-s-m-l","status":"publish","type":"product","link":"https:\/\/www.mysexualfantasy.eu\/en\/product\/penthouse-no-excuses-medias-s-m-l\/","title":{"rendered":"PENTHOUSE NO EXCUSES MEDIAS S\/M\/L"},"content":{"rendered":"<p>\u00a1Nos complace presentar la segunda colecci\u00f3n de nuestra l\u00ednea Penthouse Lingerie! Basados en el \u00e9xito de nuestra colecci\u00f3n inicial, nos complace ofrecer estilos a\u00fan m\u00e1s sexys de nuestros populares conjuntos, panties, bodys, vestidos y bodys.<\/p>\n<p>S\u00e9 diferente, s\u00e9 confiada, \u00a1destaca!. No importa qu\u00e9 estilo elijas hoy, prometemos que cada d\u00eda ser\u00e1 un ocasi\u00f3n\u00a0especial con nuestra lencer\u00eda<\/p>\n<p>\u00a1Conoce el lujo definitivo! \u00a1Nuestra sensual lencer\u00eda Penthouse est\u00e1 disponible en envases de primera calidad y es completamente libre de pl\u00e1stico y sostenible! El acabado dorado de buen gusto y la tarjeta de felicitaci\u00f3n exclusiva hacen de su caja de lencer\u00eda una pieza de arte \u00fanica<\/p>\n<ul>\n<li>NO EXCUSES MEDIAS<\/li>\n<li>Estas medias sexys lo tienen todo:El look de tirantes realza tus piernas y hace que la lencer\u00eda sea un verdadero punto de atracci\u00f3n.Al mismo tiempo, los detalles de la correa ponen tus caderas y especialmente tus nalgas en el centro de atenci\u00f3n.El aspecto se completa con el tejido de malla fina y las decoraciones hechas de rayas estrechas y cruzadas.<\/li>\n<\/ul>\n<p>\u00a1Disfruta de esta l\u00ednea sexy y de alta calidad creada solo para ti! \u00a1Disfruta de ser una chica Penthouse!<\/p>","protected":false},"excerpt":{"rendered":"<p>PENTHOUSE NO EXCUSES STOCKINGS S\/M\/L<\/p>","protected":false},"featured_media":48088,"comment_status":"open","ping_status":"closed","template":"","meta":{"_monsterinsights_skip_tracking":false,"_monsterinsights_sitenote_active":false,"_monsterinsights_sitenote_note":"","_monsterinsights_sitenote_category":0,"_joinchat":[]},"product_brand":[],"product_cat":[1196,1197,1446,1166],"product_tag":[],"class_list":{"0":"post-39378","1":"product","2":"type-product","3":"status-publish","4":"has-post-thumbnail","6":"product_cat-moda-lencerialenceria-mujer","7":"product_cat-moda-lencerialenceria-mujerlenceria-picante","8":"product_cat-moda-lencerialenceria-mujerlenceria-picantemedias-con-liguero","9":"product_cat-moda-lenceria","10":"yith_product_brand-penthouse-lingerie","12":"first","13":"instock","14":"taxable","15":"shipping-taxable","16":"purchasable","17":"product-type-variable"},"aioseo_notices":[],"_links":{"self":[{"href":"https:\/\/www.mysexualfantasy.eu\/en\/wp-json\/wp\/v2\/product\/39378","targetHints":{"allow":["GET"]}}],"collection":[{"href":"https:\/\/www.mysexualfantasy.eu\/en\/wp-json\/wp\/v2\/product"}],"about":[{"href":"https:\/\/www.mysexualfantasy.eu\/en\/wp-json\/wp\/v2\/types\/product"}],"replies":[{"embeddable":true,"href":"https:\/\/www.mysexualfantasy.eu\/en\/wp-json\/wp\/v2\/comments?post=39378"}],"wp:featuredmedia":[{"embeddable":true,"href":"https:\/\/www.mysexualfantasy.eu\/en\/wp-json\/wp\/v2\/media\/48088"}],"wp:attachment":[{"href":"https:\/\/www.mysexualfantasy.eu\/en\/wp-json\/wp\/v2\/media?parent=39378"}],"wp:term":[{"taxonomy":"product_brand","embeddable":true,"href":"https:\/\/www.mysexualfantasy.eu\/en\/wp-json\/wp\/v2\/product_brand?post=39378"},{"taxonomy":"product_cat","embeddable":true,"href":"https:\/\/www.mysexualfantasy.eu\/en\/wp-json\/wp\/v2\/product_cat?post=39378"},{"taxonomy":"product_tag","embeddable":true,"href":"https:\/\/www.mysexualfantasy.eu\/en\/wp-json\/wp\/v2\/product_tag?post=39378"}],"curies":[{"name":"wp","href":"https:\/\/api.w.org\/{rel}","templated":true}]}}