{"id":39387,"date":"2023-01-13T12:34:14","date_gmt":"2023-01-13T12:34:14","guid":{"rendered":"https:\/\/www.mysexualfantasy.eu\/?post_type=product&#038;p=39387"},"modified":"2023-12-06T17:27:12","modified_gmt":"2023-12-06T17:27:12","slug":"penthouse-smoking-gun-set-2-piezas-s-m-l","status":"publish","type":"product","link":"https:\/\/www.mysexualfantasy.eu\/en\/product\/penthouse-smoking-gun-set-2-piezas-s-m-l\/","title":{"rendered":"PENTHOUSE SMOKING GUN SET 2 PIEZAS S\/M\/L"},"content":{"rendered":"<p>\u00a1Nos complace presentar la segunda colecci\u00f3n de nuestra l\u00ednea Penthouse Lingerie! Basados en el \u00e9xito de nuestra colecci\u00f3n inicial, nos complace ofrecer estilos a\u00fan m\u00e1s sexys de nuestros populares conjuntos, panties, bodys, vestidos y bodys.<\/p>\n<p>S\u00e9 diferente, s\u00e9 confiada, \u00a1destaca!. No importa qu\u00e9 estilo elijas hoy, prometemos que cada d\u00eda ser\u00e1 un ocasi\u00f3n\u00a0especial con nuestra lencer\u00eda<\/p>\n<p>\u00a1Conoce el lujo definitivo! \u00a1Nuestra sensual lencer\u00eda Penthouse est\u00e1 disponible en envases de primera calidad y es completamente libre de pl\u00e1stico y sostenible! El acabado dorado de buen gusto y la tarjeta de felicitaci\u00f3n exclusiva hacen de su caja de lencer\u00eda una pieza de arte \u00fanica<\/p>\n<ul>\n<li>SMOKING GUN SET 2 PIEZAS<\/li>\n<li>Este conjunto de lencer\u00eda es una clara prueba de tu arte de seducir. Se compone de un corpi\u00f1o y medias con tirantes en un atrevido look de ganchillo. El conjunto inspira con su dise\u00f1o transparente con un patr\u00f3n de agujeros salvajes. Esto le da a su contraparte ideas tentadoras que r\u00e1pidamente lo hacen querer m\u00e1s. Gracias al cuello halter, el corpi\u00f1o se sienta perfectamente en todo momento y prepara h\u00e1bilmente el escenario para el tama\u00f1o de tu busto. Las medias con efecto tirantes completan el conjunto y adem\u00e1s alargan \u00f3pticamente las piernas. El material de alta calidad se ajusta suave y c\u00f3modamente a su cuerpo y garantiza una comodidad \u00f3ptima.<\/li>\n<\/ul>\n<p>\u00a1Disfruta de esta l\u00ednea sexy y de alta calidad creada solo para ti! \u00a1Disfruta de ser una chica Penthouse!<\/p>","protected":false},"excerpt":{"rendered":"<p>PENTHOUSE SMOKING GUN 2 PIECES SET S\/M\/L<\/p>","protected":false},"featured_media":51710,"comment_status":"open","ping_status":"closed","template":"","meta":{"_monsterinsights_skip_tracking":false,"_monsterinsights_sitenote_active":false,"_monsterinsights_sitenote_note":"","_monsterinsights_sitenote_category":0,"_joinchat":[]},"product_brand":[],"product_cat":[1196,1197,1166,1451],"product_tag":[],"class_list":{"0":"post-39387","1":"product","2":"type-product","3":"status-publish","4":"has-post-thumbnail","6":"product_cat-moda-lencerialenceria-mujer","7":"product_cat-moda-lencerialenceria-mujerlenceria-picante","8":"product_cat-moda-lenceria","9":"product_cat-moda-lencerialenceria-mujerlenceria-picantevestidos-sexys","10":"yith_product_brand-penthouse-lingerie","11":"yith_product_brand-penthouse-lingerie-penthouse-set","13":"first","14":"instock","15":"taxable","16":"shipping-taxable","17":"purchasable","18":"product-type-variable"},"aioseo_notices":[],"_links":{"self":[{"href":"https:\/\/www.mysexualfantasy.eu\/en\/wp-json\/wp\/v2\/product\/39387","targetHints":{"allow":["GET"]}}],"collection":[{"href":"https:\/\/www.mysexualfantasy.eu\/en\/wp-json\/wp\/v2\/product"}],"about":[{"href":"https:\/\/www.mysexualfantasy.eu\/en\/wp-json\/wp\/v2\/types\/product"}],"replies":[{"embeddable":true,"href":"https:\/\/www.mysexualfantasy.eu\/en\/wp-json\/wp\/v2\/comments?post=39387"}],"wp:featuredmedia":[{"embeddable":true,"href":"https:\/\/www.mysexualfantasy.eu\/en\/wp-json\/wp\/v2\/media\/51710"}],"wp:attachment":[{"href":"https:\/\/www.mysexualfantasy.eu\/en\/wp-json\/wp\/v2\/media?parent=39387"}],"wp:term":[{"taxonomy":"product_brand","embeddable":true,"href":"https:\/\/www.mysexualfantasy.eu\/en\/wp-json\/wp\/v2\/product_brand?post=39387"},{"taxonomy":"product_cat","embeddable":true,"href":"https:\/\/www.mysexualfantasy.eu\/en\/wp-json\/wp\/v2\/product_cat?post=39387"},{"taxonomy":"product_tag","embeddable":true,"href":"https:\/\/www.mysexualfantasy.eu\/en\/wp-json\/wp\/v2\/product_tag?post=39387"}],"curies":[{"name":"wp","href":"https:\/\/api.w.org\/{rel}","templated":true}]}}