{"id":39461,"date":"2023-01-13T11:45:44","date_gmt":"2023-01-13T11:45:44","guid":{"rendered":"https:\/\/www.mysexualfantasy.eu\/?post_type=product&#038;p=39461"},"modified":"2023-12-06T16:08:52","modified_gmt":"2023-12-06T16:08:52","slug":"pride-plug-twink-bandera-lgbt-85-cm","status":"publish","type":"product","link":"https:\/\/www.mysexualfantasy.eu\/en\/product\/pride-plug-twink-bandera-lgbt-85-cm\/","title":{"rendered":"PRIDE &#8211; PLUG TWINK BANDERA LGBT 8,5 CM"},"content":{"rendered":"<p>Celebre su &#8216;Pride&#8217; con TOYJOY. \u00a1El colorido Twink Plug Medium es la elecci\u00f3n perfecta para mostrar tu &#8216;Pride&#8217; con estilo! El dise\u00f1o de alta calidad est\u00e1 hecho de silicona 100% segura para el cuerpo y presenta un color con tem\u00e1tica de arco\u00edris, inspirado en la bandera del orgullo. Deja que Pride by TOYJOY te lleve a trav\u00e9s del arco\u00edris donde te espera el placer.<\/p>\n<ul>\n<li>Longitud total: 11 cm<\/li>\n<li>Di\u00e1metro: 3 cm<\/li>\n<li>Longitud insertable: 8,5 cm<\/li>\n<\/ul>\n<p>NS Novelties es una de las marcas m\u00e1s conocidas en el mundo de las novedades para adultos. La compa\u00f1\u00eda ha estado produciendo proveedores de placer de calidad durante muchos a\u00f1os, \u00a1y realmente sabe lo que los amantes desean! Con muchas colecciones para elegir, NS Novedades tiene algo para cada preferencia, g\u00e9nero y nivel de entrada. La marca siempre se mantiene al d\u00eda con las \u00faltimas tendencias, lanzando nuevos art\u00edculos de forma regular y ampliando constantemente su ya fant\u00e1stico surtido. Si quieres juguetes contempor\u00e1neos, calidad y diversi\u00f3n: NS Novelties es tu pareja.<\/p>","protected":false},"excerpt":{"rendered":"<p>PRIDE &#8211; LGBT FLAG PLUG TWINK 8.5 CM<\/p>","protected":false},"featured_media":42577,"comment_status":"open","ping_status":"closed","template":"","meta":{"_monsterinsights_skip_tracking":false,"_monsterinsights_sitenote_active":false,"_monsterinsights_sitenote_note":"","_monsterinsights_sitenote_category":0,"_joinchat":[]},"product_brand":[],"product_cat":[1162,1306,1152,1160,1155,1165,1167,1189],"product_tag":[],"class_list":{"0":"post-39461","1":"product","2":"type-product","3":"status-publish","4":"has-post-thumbnail","6":"product_cat-juguetes-bienestar-anal","7":"product_cat-juguetes-bienestar-analdildos-anales","8":"product_cat-juguetes-bienestar","9":"product_cat-juguetes-bienestar-juguetes-para-hombres","10":"product_cat-juguetes-bienestar-juguetes-para-mujeres","11":"product_cat-juguetes-bienestar-juguetes-para-mujeresmasturbadores-para-ellas","12":"product_cat-juguetes-bienestar-juguetes-para-hombresmasturbadores-para-ellos","13":"product_cat-juguetes-bienestar-analplugs-anales","14":"yith_product_brand-pride","16":"first","17":"instock","18":"taxable","19":"shipping-taxable","20":"purchasable","21":"product-type-simple"},"aioseo_notices":[],"_links":{"self":[{"href":"https:\/\/www.mysexualfantasy.eu\/en\/wp-json\/wp\/v2\/product\/39461","targetHints":{"allow":["GET"]}}],"collection":[{"href":"https:\/\/www.mysexualfantasy.eu\/en\/wp-json\/wp\/v2\/product"}],"about":[{"href":"https:\/\/www.mysexualfantasy.eu\/en\/wp-json\/wp\/v2\/types\/product"}],"replies":[{"embeddable":true,"href":"https:\/\/www.mysexualfantasy.eu\/en\/wp-json\/wp\/v2\/comments?post=39461"}],"wp:featuredmedia":[{"embeddable":true,"href":"https:\/\/www.mysexualfantasy.eu\/en\/wp-json\/wp\/v2\/media\/42577"}],"wp:attachment":[{"href":"https:\/\/www.mysexualfantasy.eu\/en\/wp-json\/wp\/v2\/media?parent=39461"}],"wp:term":[{"taxonomy":"product_brand","embeddable":true,"href":"https:\/\/www.mysexualfantasy.eu\/en\/wp-json\/wp\/v2\/product_brand?post=39461"},{"taxonomy":"product_cat","embeddable":true,"href":"https:\/\/www.mysexualfantasy.eu\/en\/wp-json\/wp\/v2\/product_cat?post=39461"},{"taxonomy":"product_tag","embeddable":true,"href":"https:\/\/www.mysexualfantasy.eu\/en\/wp-json\/wp\/v2\/product_tag?post=39461"}],"curies":[{"name":"wp","href":"https:\/\/api.w.org\/{rel}","templated":true}]}}