{"id":39473,"date":"2023-01-13T14:34:07","date_gmt":"2023-01-13T14:34:07","guid":{"rendered":"https:\/\/www.mysexualfantasy.eu\/?post_type=product&#038;p=39473"},"modified":"2023-12-06T16:21:11","modified_gmt":"2023-12-06T16:21:11","slug":"ositos-de-gominola-con-alcohol-ginebra-y-fresas","status":"publish","type":"product","link":"https:\/\/www.mysexualfantasy.eu\/en\/product\/ositos-de-gominola-con-alcohol-ginebra-y-fresas\/","title":{"rendered":"OSITO  CO &#8211; OSITOS DE GOMINOLA CON ALCOHOL GINEBRA Y FRESAS"},"content":{"rendered":"<p><strong>OSITOS DE GOMINOLA CON ALCOHOL SABOR GINEBRA Y FRESAS &#8211; CAJA LOVE 70 gr<\/strong><\/p>\n<p>ROSE, sabe a ginebra con fresa. Que no te d\u00e9 corte, con la autoestima bien alta y el perreo hasta el suelo, disfruta de una copita rosa, ya sea con amigues de discotequeo o en casa. Suave y delicada pero bien ca\u00f1era, atr\u00e9vete a ser el alma de la fiesta con ella.<\/p>\n<p><strong>Qu\u00e9 son los OSITOS DE GOMINOLA CON ALCOHOL?<\/strong><\/p>\n<p>Somos la voz de una nueva generaci\u00f3n con una forma diferente de ver el mundo. Nos apasiona descubrir nuevas formas de diversi\u00f3n.<\/p>\n<p>Nos encanta hacer colegas, compartir historias, abrazar la diversidad, ir de fiesta. A veces incluso nos hacemos virales. No trat\u00e9is de entendernos. Somos Ositos con alcohol. \ud83d\udc3b<\/p>\n<p><strong>C\u00f3mo se toman?<\/strong><\/p>\n<p>Suelen decir que un osito es como un chupito. Si tienes buen aguante, tambi\u00e9n puedes probar de cinco en cinco y por el culo te\u2026 vale no, no haremos bromas as\u00ed. Hay gente que incluso se toma 150 de golpe. Pero en fin, que puedes hacer lo que quieras: solos, acompa\u00f1ados en tus c\u00f3cteles preferidos o con cualquier refresco. \ud83c\udf79\ud83c\udf78\ud83d\udd1e Si los conservas fr\u00edos siempre los disfrutar\u00e1s m\u00e1s. \u00a1O incluso puedes congelarlos y te servir\u00e1n como unos hielos para saborear poco a poco!<\/p>\n<p>Lo m\u00e1s particular de los ositos con alcohol es que al ser s\u00f3lidos, te los puedes llevar a cualquier parte. D\u00f3nde? Cu\u00e1ndo? C\u00f3mo? \u00a1Eso ya es a tu elecci\u00f3n! Fiesta, fiesta, fiesta, momentos especiales, fiestas, cumplea\u00f1os, en casa, con amiguetes, de fiesta, de aperitivo, de postre, en discotecas, pubs, festivales de m\u00fasica, en cualquier ocasi\u00f3n, de fiesta, incluso en tu viaje de avi\u00f3n, de tren, de coche, de bus, o cualquier tipo de viaje \ud83c\udfdd \u2708\ufe0f \ud83c\udfd5 (eso s\u00ed, no vayas a conducir luego). \u00a1Sorprende a tu familia, amigos y amigas en tu pr\u00f3ximo evento y convierte tus ositos en imprescindibles! \ud83c\udf89 \ud83c\udf89<\/p>\n<p><strong>Eat responsibly<\/strong><\/p>\n<p>Los Ositos con alcohol contienen un 15% volumen de alcohol. Pese a su forma ic\u00f3nica, son exclusivamente para mayores de edad. Recomendamos mantenerlos fuera del alcance de menores de edad.<\/p>\n<ul>\n<li>Peso: 70 gramos<\/li>\n<li>Valor energ\u00e9tico: 1565 Kj \/ 368 kcal<\/li>\n<li>Grasas: 0,68g<\/li>\n<li>De los cuales saturadas: <0,6g<\/li>\n<li>Hidratos de carbono: 81,9g<\/li>\n<li>De los cuales az\u00facares: 81,5g<\/li>\n<li>Proteinas: 7,74g<\/li>\n<li>Sal: <0,2g<\/li>\n<\/ul>","protected":false},"excerpt":{"rendered":"<p>PACKAGING DISPONIBLE EN: \/es\/en\/<\/p>","protected":false},"featured_media":69083,"comment_status":"open","ping_status":"closed","template":"","meta":{"_monsterinsights_skip_tracking":false,"_monsterinsights_sitenote_active":false,"_monsterinsights_sitenote_note":"","_monsterinsights_sitenote_category":0,"_joinchat":[]},"product_brand":[],"product_cat":[1240,1379,1381,1384,616,1266],"product_tag":[],"class_list":{"0":"post-39473","1":"product","2":"type-product","3":"status-publish","4":"has-post-thumbnail","6":"product_cat-articulos-varios","7":"product_cat-articulos-variosdulces","8":"product_cat-articulos-variosdulcesgolosinas-divertidas","9":"product_cat-articulos-variosdulcesgolosinas-divertidas-con-alcohol","10":"product_cat-juegos","11":"product_cat-juegos-juegos-preliminares","12":"yith_product_brand-osito-co","14":"first","15":"instock","16":"taxable","17":"shipping-taxable","18":"purchasable","19":"product-type-simple"},"aioseo_notices":[],"_links":{"self":[{"href":"https:\/\/www.mysexualfantasy.eu\/en\/wp-json\/wp\/v2\/product\/39473","targetHints":{"allow":["GET"]}}],"collection":[{"href":"https:\/\/www.mysexualfantasy.eu\/en\/wp-json\/wp\/v2\/product"}],"about":[{"href":"https:\/\/www.mysexualfantasy.eu\/en\/wp-json\/wp\/v2\/types\/product"}],"replies":[{"embeddable":true,"href":"https:\/\/www.mysexualfantasy.eu\/en\/wp-json\/wp\/v2\/comments?post=39473"}],"wp:featuredmedia":[{"embeddable":true,"href":"https:\/\/www.mysexualfantasy.eu\/en\/wp-json\/wp\/v2\/media\/69083"}],"wp:attachment":[{"href":"https:\/\/www.mysexualfantasy.eu\/en\/wp-json\/wp\/v2\/media?parent=39473"}],"wp:term":[{"taxonomy":"product_brand","embeddable":true,"href":"https:\/\/www.mysexualfantasy.eu\/en\/wp-json\/wp\/v2\/product_brand?post=39473"},{"taxonomy":"product_cat","embeddable":true,"href":"https:\/\/www.mysexualfantasy.eu\/en\/wp-json\/wp\/v2\/product_cat?post=39473"},{"taxonomy":"product_tag","embeddable":true,"href":"https:\/\/www.mysexualfantasy.eu\/en\/wp-json\/wp\/v2\/product_tag?post=39473"}],"curies":[{"name":"wp","href":"https:\/\/api.w.org\/{rel}","templated":true}]}}