{"id":39477,"date":"2023-01-13T14:24:56","date_gmt":"2023-01-13T14:24:56","guid":{"rendered":"https:\/\/www.mysexualfantasy.eu\/?post_type=product&#038;p=39477"},"modified":"2023-12-06T15:30:47","modified_gmt":"2023-12-06T15:30:47","slug":"control-geisha-balls-nivel-i-18g","status":"publish","type":"product","link":"https:\/\/www.mysexualfantasy.eu\/en\/product\/control-geisha-balls-nivel-i-18g\/","title":{"rendered":"CONTROL GEISHA BALLS NIVEL I &#8211; 18G"},"content":{"rendered":"<p>Para entrenarse para los momentos m\u00e1s bellos.<\/p>\n<p>Cada gran viaje necesita un poco de preparaci\u00f3n, incluso en el mundo del placer. Las Geisha Balls, un estimulante vaginal compuesto por 2 bolas de silicona de 18 gr cada una unidas entre s\u00ed , son el aliado perfecto para estimular y preparar la actividad sexual.Si se utilizan durante 15 minutos al d\u00eda, con un entrenamiento espec\u00edfico o ejercicios Kegel, ayudan a las mujeres a reforzar los m\u00fasculos vaginales y p\u00e9lvicos, mejorando y amplificando el placer.<\/p>\n<p>Completamente impermeables, pueden utilizarse tambi\u00e9n bajo la ducha. Para un uso \u00f3ptimo y sensaciones m\u00e1s intensas, se aconseja utilizar las Geisha Balls con un gel de Control.<\/p>\n<p>Informaci\u00f3n t\u00e9cnica:<\/p>\n<ul>\n<li>Material: Silicona m\u00e9dica hipoalerg\u00e9nica, Pl\u00e1stico ABS (esferas)<\/li>\n<li>Uso: Vagina<\/li>\n<li>Impermeable: S\u00ed, testado durante 30 minutos bajo 1 metro de agua<\/li>\n<\/ul>","protected":false},"excerpt":{"rendered":"<p>CONTROL GEISHA BALLS NIVEL I &#8211; 18G<\/p>","protected":false},"featured_media":67351,"comment_status":"open","ping_status":"closed","template":"","meta":{"_monsterinsights_skip_tracking":false,"_monsterinsights_sitenote_active":false,"_monsterinsights_sitenote_note":"","_monsterinsights_sitenote_category":0,"_joinchat":[]},"product_brand":[],"product_cat":[1158,1264,1152],"product_tag":[],"class_list":{"0":"post-39477","1":"product","2":"type-product","3":"status-publish","4":"has-post-thumbnail","6":"product_cat-juguetes-bienestar-bolas","7":"product_cat-juguetes-bienestar-bolasbolas-basicas","8":"product_cat-juguetes-bienestar","9":"yith_product_brand-control","10":"yith_product_brand-controlcontrol-toys","12":"first","13":"instock","14":"taxable","15":"shipping-taxable","16":"purchasable","17":"product-type-simple"},"aioseo_notices":[],"_links":{"self":[{"href":"https:\/\/www.mysexualfantasy.eu\/en\/wp-json\/wp\/v2\/product\/39477","targetHints":{"allow":["GET"]}}],"collection":[{"href":"https:\/\/www.mysexualfantasy.eu\/en\/wp-json\/wp\/v2\/product"}],"about":[{"href":"https:\/\/www.mysexualfantasy.eu\/en\/wp-json\/wp\/v2\/types\/product"}],"replies":[{"embeddable":true,"href":"https:\/\/www.mysexualfantasy.eu\/en\/wp-json\/wp\/v2\/comments?post=39477"}],"wp:featuredmedia":[{"embeddable":true,"href":"https:\/\/www.mysexualfantasy.eu\/en\/wp-json\/wp\/v2\/media\/67351"}],"wp:attachment":[{"href":"https:\/\/www.mysexualfantasy.eu\/en\/wp-json\/wp\/v2\/media?parent=39477"}],"wp:term":[{"taxonomy":"product_brand","embeddable":true,"href":"https:\/\/www.mysexualfantasy.eu\/en\/wp-json\/wp\/v2\/product_brand?post=39477"},{"taxonomy":"product_cat","embeddable":true,"href":"https:\/\/www.mysexualfantasy.eu\/en\/wp-json\/wp\/v2\/product_cat?post=39477"},{"taxonomy":"product_tag","embeddable":true,"href":"https:\/\/www.mysexualfantasy.eu\/en\/wp-json\/wp\/v2\/product_tag?post=39477"}],"curies":[{"name":"wp","href":"https:\/\/api.w.org\/{rel}","templated":true}]}}