{"id":39478,"date":"2023-01-13T14:24:57","date_gmt":"2023-01-13T14:24:57","guid":{"rendered":"https:\/\/www.mysexualfantasy.eu\/?post_type=product&#038;p=39478"},"modified":"2023-12-06T15:30:48","modified_gmt":"2023-12-06T15:30:48","slug":"control-geisha-balls-nivel-ii-28g","status":"publish","type":"product","link":"https:\/\/www.mysexualfantasy.eu\/en\/product\/control-geisha-balls-nivel-ii-28g\/","title":{"rendered":"CONTROL GEISHA BALLS NIVEL II &#8211; 28G"},"content":{"rendered":"<p>Para vivir la intimidad con intensidad.<\/p>\n<p>Cada gran viaje nos regala una fuerza nueva y sorprendente, incluso en el mundo del placer. Las Geisha Balls nivel 3, un estimulante vaginal compuesto por 2 bolas de silicona de 28 gr cada una unidas entre s\u00ed, son el aliado perfecto para estimular y preparar la actividad sexual a quien tiene un suelo p\u00e9lvico ya tonificado y el\u00e1stico o que ya ha entrenado con las Geisha Balls de niveles inferiores.<\/p>\n<p>Si se utilizan durante 15 minutos al d\u00eda, con un entrenamiento espec\u00edfico o ejercicios Kegel, ayudan a las mujeres a reforzar los m\u00fasculos vaginales y p\u00e9lvicos, mejorando y amplificando el placer. Completamente impermeables, pueden utilizarse tambi\u00e9n bajo la ducha. Para un uso \u00f3ptimo y sensaciones m\u00e1s intensas, se aconseja utilizar las Geisha Balls con un gel de Control.<\/p>\n<p>Informaci\u00f3n t\u00e9cnica:<\/p>\n<ul>\n<li>Material: Silicona m\u00e9dica hipoalerg\u00e9nica, Pl\u00e1stico ABS (esferas)<\/li>\n<li>Uso: Vagina<\/li>\n<li>Impermeable: S\u00ed, testado durante 30 minutos bajo 1 metro de agua<\/li>\n<\/ul>","protected":false},"excerpt":{"rendered":"<p>CONTROL GEISHA BALLS NIVEL II &#8211; 28G<\/p>","protected":false},"featured_media":67352,"comment_status":"open","ping_status":"closed","template":"","meta":{"_monsterinsights_skip_tracking":false,"_monsterinsights_sitenote_active":false,"_monsterinsights_sitenote_note":"","_monsterinsights_sitenote_category":0,"_joinchat":[]},"product_brand":[],"product_cat":[1158,1264,1152],"product_tag":[],"class_list":{"0":"post-39478","1":"product","2":"type-product","3":"status-publish","4":"has-post-thumbnail","6":"product_cat-juguetes-bienestar-bolas","7":"product_cat-juguetes-bienestar-bolasbolas-basicas","8":"product_cat-juguetes-bienestar","9":"yith_product_brand-control","10":"yith_product_brand-controlcontrol-toys","12":"first","13":"instock","14":"taxable","15":"shipping-taxable","16":"purchasable","17":"product-type-simple"},"aioseo_notices":[],"_links":{"self":[{"href":"https:\/\/www.mysexualfantasy.eu\/en\/wp-json\/wp\/v2\/product\/39478","targetHints":{"allow":["GET"]}}],"collection":[{"href":"https:\/\/www.mysexualfantasy.eu\/en\/wp-json\/wp\/v2\/product"}],"about":[{"href":"https:\/\/www.mysexualfantasy.eu\/en\/wp-json\/wp\/v2\/types\/product"}],"replies":[{"embeddable":true,"href":"https:\/\/www.mysexualfantasy.eu\/en\/wp-json\/wp\/v2\/comments?post=39478"}],"wp:featuredmedia":[{"embeddable":true,"href":"https:\/\/www.mysexualfantasy.eu\/en\/wp-json\/wp\/v2\/media\/67352"}],"wp:attachment":[{"href":"https:\/\/www.mysexualfantasy.eu\/en\/wp-json\/wp\/v2\/media?parent=39478"}],"wp:term":[{"taxonomy":"product_brand","embeddable":true,"href":"https:\/\/www.mysexualfantasy.eu\/en\/wp-json\/wp\/v2\/product_brand?post=39478"},{"taxonomy":"product_cat","embeddable":true,"href":"https:\/\/www.mysexualfantasy.eu\/en\/wp-json\/wp\/v2\/product_cat?post=39478"},{"taxonomy":"product_tag","embeddable":true,"href":"https:\/\/www.mysexualfantasy.eu\/en\/wp-json\/wp\/v2\/product_tag?post=39478"}],"curies":[{"name":"wp","href":"https:\/\/api.w.org\/{rel}","templated":true}]}}