{"id":39514,"date":"2023-01-13T14:41:42","date_gmt":"2023-01-13T14:41:42","guid":{"rendered":"https:\/\/www.mysexualfantasy.eu\/?post_type=product&#038;p=39514"},"modified":"2023-12-06T16:08:59","modified_gmt":"2023-12-06T16:08:59","slug":"satisfyer-swordsman-anillo-vibrador-verde","status":"publish","type":"product","link":"https:\/\/www.mysexualfantasy.eu\/en\/product\/satisfyer-swordsman-anillo-vibrador-verde\/","title":{"rendered":"SATISFYER SWORDSMAN ANILLO VIBRADOR &#8211; VERDE"},"content":{"rendered":"<p>\u00a1Saca la espada y demuestra ser el mejor! Est\u00e1s buscando un anillo para el pene que pueda hacer frente a todo lo que le propongas? \u00a1Echa un vistazo al Swordsman!<\/p>\n<p><strong>Informaci\u00f3n del producto \u00abSatisfyer Swordsman\u00bb <\/strong><\/p>\n<ul>\n<li>M\u00e1s resistencia debido al excitante efecto de retenci\u00f3n sangu\u00ednea<\/li>\n<li>Estrechez ajustable individualmente<\/li>\n<li>El potente motor transmite intensos ritmos de vibraci\u00f3n por todo el dispositivo<\/li>\n<li>Ideal para parejas<\/li>\n<li>Fabricado con silicona m\u00e9dica s\u00faper suave e inocua para la piel y con un tacto sedoso y extremadamente higi\u00e9nico<\/li>\n<li>15 a\u00f1os de garant\u00eda<\/li>\n<li>Se ajusta al detalle a cada persona<\/li>\n<li>Silicona inocua para el cuerpo<\/li>\n<li>Impermeable (IPX7) Modo susurro<\/li>\n<li>F\u00e1cil de limpiar Bater\u00eda de iones de litio<\/li>\n<li>Cable de carga magn\u00e9tico USB incluido<\/li>\n<\/ul>\n<p><strong>Qu\u00e9 otras ventajas presenta el vibrador Satisfyer Swordsman? <\/strong><\/p>\n<p>Swordsman es un anillo ajustable que te garantiza una flexibilidad total: ya no tendr\u00e1s que esforzarte por encontrar un anillo para el pene que se adapte a tus necesidades. Este anillo resulta ideal tanto para los principiantes como para los m\u00e1s expertos, ya que permite descubrir las numerosas posibilidades de los anillos para el pene. Con un voluminoso estimulador de cl\u00edtoris y una estructura acanalada para una mayor estimulaci\u00f3n del pene o los test\u00edculos, Swordsman est\u00e1 aqu\u00ed, sin duda, para satisfacer. \u00a1Este anillo ajustable con cierre deslizante se adapta realmente a cualquier tama\u00f1o! Gracias a su motor, a su bot\u00f3n de un solo toque y a sus 12 programas de vibraci\u00f3n, Swordsman te har\u00e1 disfrutar del placer m\u00e1s puro.<\/p>\n<p>Swordsman est\u00e1 fabricado con silicona inocua para el cuerpo, es recargable e impermeable (IPX7).<\/p>\n<p>\u00a1Desenfunda tu espada!<\/p>","protected":false},"excerpt":{"rendered":"<p>SATISFYER SWORDSMAN RING VIBRATOR &#8211; GREEN<\/p>","protected":false},"featured_media":70243,"comment_status":"open","ping_status":"closed","template":"","meta":{"_monsterinsights_skip_tracking":false,"_monsterinsights_sitenote_active":false,"_monsterinsights_sitenote_note":"","_monsterinsights_sitenote_category":0,"_joinchat":[]},"product_brand":[],"product_cat":[125,121,929,189,119,853,762],"product_tag":[],"class_list":{"0":"post-39514","1":"product","2":"type-product","3":"status-publish","4":"has-post-thumbnail","6":"product_cat-juguetes-sexuales-xxxaccesorios-para-el-pene","7":"product_cat-juguetes-sexuales-xxxacuaticos","8":"product_cat-juguetes-sexuales-xxxaccesorios-para-el-peneanillos-pene","9":"product_cat-juguetes-sexuales-xxxestimuladores","10":"product_cat-juguetes-sexuales-xxx","11":"product_cat-juguetes-sexuales-xxxestimuladorespara-clitoris","12":"product_cat-juguetes-sexuales-xxxpara-el","13":"yith_product_brand-satisfyer","14":"yith_product_brand-satisfyer-satisfyer-ring","16":"first","17":"instock","18":"taxable","19":"shipping-taxable","20":"purchasable","21":"product-type-simple"},"aioseo_notices":[],"_links":{"self":[{"href":"https:\/\/www.mysexualfantasy.eu\/en\/wp-json\/wp\/v2\/product\/39514","targetHints":{"allow":["GET"]}}],"collection":[{"href":"https:\/\/www.mysexualfantasy.eu\/en\/wp-json\/wp\/v2\/product"}],"about":[{"href":"https:\/\/www.mysexualfantasy.eu\/en\/wp-json\/wp\/v2\/types\/product"}],"replies":[{"embeddable":true,"href":"https:\/\/www.mysexualfantasy.eu\/en\/wp-json\/wp\/v2\/comments?post=39514"}],"wp:featuredmedia":[{"embeddable":true,"href":"https:\/\/www.mysexualfantasy.eu\/en\/wp-json\/wp\/v2\/media\/70243"}],"wp:attachment":[{"href":"https:\/\/www.mysexualfantasy.eu\/en\/wp-json\/wp\/v2\/media?parent=39514"}],"wp:term":[{"taxonomy":"product_brand","embeddable":true,"href":"https:\/\/www.mysexualfantasy.eu\/en\/wp-json\/wp\/v2\/product_brand?post=39514"},{"taxonomy":"product_cat","embeddable":true,"href":"https:\/\/www.mysexualfantasy.eu\/en\/wp-json\/wp\/v2\/product_cat?post=39514"},{"taxonomy":"product_tag","embeddable":true,"href":"https:\/\/www.mysexualfantasy.eu\/en\/wp-json\/wp\/v2\/product_tag?post=39514"}],"curies":[{"name":"wp","href":"https:\/\/api.w.org\/{rel}","templated":true}]}}