{"id":39570,"date":"2023-01-13T14:12:03","date_gmt":"2023-01-13T14:12:03","guid":{"rendered":"https:\/\/www.mysexualfantasy.eu\/?post_type=product&#038;p=39570"},"modified":"2023-12-06T16:24:51","modified_gmt":"2023-12-06T16:24:51","slug":"secretplay-latigo-negro-bdsm-collection","status":"publish","type":"product","link":"https:\/\/www.mysexualfantasy.eu\/en\/product\/secretplay-latigo-negro-bdsm-collection\/","title":{"rendered":"SECRETPLAY &#8211; LATIGO NEGRO BDSM COLLECTION"},"content":{"rendered":"<p>Entra en el apasionante mundo del BDSM con este accesorio b\u00e1sico. Sentir dolor y placer al mismo tiempo te gusta? Entonces necesitas este l\u00e1tigo sexy a la vez que elegante, con flecos e incre\u00edblemente suave al tacto. Muy c\u00f3modo, no pesa nada y sus finas tiras no son demasiado largas, por lo que es muy f\u00e1cil llevarlo contigo a todas partes. Un verdadero tesoro para todos tus encuentros sensuales.<\/p>\n<p>Composici\u00f3n: Cuero sint\u00e9tico<\/p>\n<p>Longitud: 44 cm<\/p>","protected":false},"excerpt":{"rendered":"<p>SECRETPLAY &#8211; BLACK BONDAGE WHIP BDSM COLLECTION<\/p>","protected":false},"featured_media":65675,"comment_status":"open","ping_status":"closed","template":"","meta":{"_monsterinsights_skip_tracking":false,"_monsterinsights_sitenote_active":false,"_monsterinsights_sitenote_note":"","_monsterinsights_sitenote_category":0,"_joinchat":[]},"product_brand":[],"product_cat":[1176,1175,1152,1404],"product_tag":[],"class_list":{"0":"post-39570","1":"product","2":"type-product","3":"status-publish","4":"has-post-thumbnail","6":"product_cat-bdsm-bondage-articulos-bdsm","7":"product_cat-bdsm-bondage","8":"product_cat-juguetes-bienestar","9":"product_cat-bdsm-bondage-articulos-bdsmlatigos-bdsm","10":"yith_product_brand-secretplay","11":"yith_product_brand-secretplaysecretplay-100-fetish","13":"first","14":"instock","15":"taxable","16":"shipping-taxable","17":"purchasable","18":"product-type-simple"},"aioseo_notices":[],"_links":{"self":[{"href":"https:\/\/www.mysexualfantasy.eu\/en\/wp-json\/wp\/v2\/product\/39570","targetHints":{"allow":["GET"]}}],"collection":[{"href":"https:\/\/www.mysexualfantasy.eu\/en\/wp-json\/wp\/v2\/product"}],"about":[{"href":"https:\/\/www.mysexualfantasy.eu\/en\/wp-json\/wp\/v2\/types\/product"}],"replies":[{"embeddable":true,"href":"https:\/\/www.mysexualfantasy.eu\/en\/wp-json\/wp\/v2\/comments?post=39570"}],"wp:featuredmedia":[{"embeddable":true,"href":"https:\/\/www.mysexualfantasy.eu\/en\/wp-json\/wp\/v2\/media\/65675"}],"wp:attachment":[{"href":"https:\/\/www.mysexualfantasy.eu\/en\/wp-json\/wp\/v2\/media?parent=39570"}],"wp:term":[{"taxonomy":"product_brand","embeddable":true,"href":"https:\/\/www.mysexualfantasy.eu\/en\/wp-json\/wp\/v2\/product_brand?post=39570"},{"taxonomy":"product_cat","embeddable":true,"href":"https:\/\/www.mysexualfantasy.eu\/en\/wp-json\/wp\/v2\/product_cat?post=39570"},{"taxonomy":"product_tag","embeddable":true,"href":"https:\/\/www.mysexualfantasy.eu\/en\/wp-json\/wp\/v2\/product_tag?post=39570"}],"curies":[{"name":"wp","href":"https:\/\/api.w.org\/{rel}","templated":true}]}}