{"id":39647,"date":"2023-01-13T11:50:07","date_gmt":"2023-01-13T11:50:07","guid":{"rendered":"https:\/\/www.mysexualfantasy.eu\/?post_type=product&#038;p=39647"},"modified":"2023-12-06T16:21:40","modified_gmt":"2023-12-06T16:21:40","slug":"varta-max-power-pila-alcalina-aa-lr6-blister4","status":"publish","type":"product","link":"https:\/\/www.mysexualfantasy.eu\/en\/product\/varta-max-power-pila-alcalina-aa-lr6-blister4\/","title":{"rendered":"VARTA &#8211; MAX POWER PILA ALCALINA AA LR6 BLISTER*4"},"content":{"rendered":"<p>La pila AA es la pila m\u00e1s utilizada en todo el mundo y se pueden encontrar en cientos de miles de dispositivos. Los c\u00f3digos IEC para pilas AA incluyen el popular LR6 para pilas alcalinas AA y HR6 para pilas recargables NiMH. El voltaje normal para estas pilas es 1.5V, mientras que las bater\u00edas recargables proporcionan generalmente 1.2V. Las nuevas bater\u00edas de litio AA proporcionan una capacidad mucho mayor por un precio ligeramente m\u00e1s alto. Introducido en 1907, el tama\u00f1o de la bater\u00eda AA fue estandarizado por el American National Standards Institute (ANSI) en 1947, pero se hab\u00eda utilizado en linternas y novedades el\u00e9ctricas durante alg\u00fan tiempo antes de la normalizaci\u00f3n formal. La nomenclatura de bater\u00edas ANSI e IEC da varias designaciones para celdas de este tama\u00f1o, dependiendo de las caracter\u00edsticas de la celda y de la qu\u00edmica. Cada pila AA tiene una longitud de 51mm y un di\u00e1metro de 14mm. Los formatos en los que est\u00e1 disponible la pila AA son, pilas alcalinas, pilas salinas, bater\u00edas de litio de larga duraci\u00f3n y recargables de diferentes capacidades. Las pilas alcalinas AA tienen una vida de almacenamiento de alrededor de 6 a\u00f1os, mientras que los equivalentes de litio AA duran hasta 9 a\u00f1os antes de su uso. Las bater\u00edas AA recargables est\u00e1n ahora disponibles en NiMH con capacidades de hasta 2850mAh y tambi\u00e9n est\u00e1n disponibles en la nueva tecnolog\u00eda \u00abpre-cargada\u00bb que le permite usarlas, directamente desde el paquete.<\/p>\n<p> Marca: Varta<\/p>\n<p> Tipo: <span style=\"font-size: 13px;\">AA LR6<\/span><\/p>\n<p> Tecnolog\u00eda: Alcalina<\/p>\n<p> Voltaje: 1,5V<\/p>\n<p> Usos: Relojes, Afeitadoras Gillette, Teclados y Ratones, Linternas, Juguetes&#8230;<\/p>","protected":false},"excerpt":{"rendered":"<p>VARTA &#8211; MAX POWER ALKALINE BATTERY AA LR6 4 UNIT<\/p>","protected":false},"featured_media":43842,"comment_status":"open","ping_status":"closed","template":"","meta":{"_monsterinsights_skip_tracking":false,"_monsterinsights_sitenote_active":false,"_monsterinsights_sitenote_note":"","_monsterinsights_sitenote_category":0,"_joinchat":[]},"product_brand":[],"product_cat":[1240,1152,1392,1393],"product_tag":[],"class_list":{"0":"post-39647","1":"product","2":"type-product","3":"status-publish","4":"has-post-thumbnail","6":"product_cat-articulos-varios","7":"product_cat-juguetes-bienestar","8":"product_cat-articulos-variospilas","9":"product_cat-articulos-variospilaspilas-alcalinas","10":"yith_product_brand-varta","12":"first","13":"instock","14":"taxable","15":"shipping-taxable","16":"purchasable","17":"product-type-simple"},"aioseo_notices":[],"_links":{"self":[{"href":"https:\/\/www.mysexualfantasy.eu\/en\/wp-json\/wp\/v2\/product\/39647","targetHints":{"allow":["GET"]}}],"collection":[{"href":"https:\/\/www.mysexualfantasy.eu\/en\/wp-json\/wp\/v2\/product"}],"about":[{"href":"https:\/\/www.mysexualfantasy.eu\/en\/wp-json\/wp\/v2\/types\/product"}],"replies":[{"embeddable":true,"href":"https:\/\/www.mysexualfantasy.eu\/en\/wp-json\/wp\/v2\/comments?post=39647"}],"wp:featuredmedia":[{"embeddable":true,"href":"https:\/\/www.mysexualfantasy.eu\/en\/wp-json\/wp\/v2\/media\/43842"}],"wp:attachment":[{"href":"https:\/\/www.mysexualfantasy.eu\/en\/wp-json\/wp\/v2\/media?parent=39647"}],"wp:term":[{"taxonomy":"product_brand","embeddable":true,"href":"https:\/\/www.mysexualfantasy.eu\/en\/wp-json\/wp\/v2\/product_brand?post=39647"},{"taxonomy":"product_cat","embeddable":true,"href":"https:\/\/www.mysexualfantasy.eu\/en\/wp-json\/wp\/v2\/product_cat?post=39647"},{"taxonomy":"product_tag","embeddable":true,"href":"https:\/\/www.mysexualfantasy.eu\/en\/wp-json\/wp\/v2\/product_tag?post=39647"}],"curies":[{"name":"wp","href":"https:\/\/api.w.org\/{rel}","templated":true}]}}