{"id":39655,"date":"2023-01-13T15:00:26","date_gmt":"2023-01-13T15:00:26","guid":{"rendered":"https:\/\/www.mysexualfantasy.eu\/?post_type=product&#038;p=39655"},"modified":"2023-12-06T15:53:48","modified_gmt":"2023-12-06T15:53:48","slug":"satisfyer-rotator-plug-2-plug-vibrador-app-rojo","status":"publish","type":"product","link":"https:\/\/www.mysexualfantasy.eu\/en\/product\/satisfyer-rotator-plug-2-plug-vibrador-app-rojo\/","title":{"rendered":"SATISFYER ROTATOR PLUG 2+ PLUG VIBRADOR APP &#8211; ROJO"},"content":{"rendered":"<p>Deseando un poco&#8230; m\u00e1s? Descubre la estimulaci\u00f3n anal m\u00e1s apasionante con el nuevo tap\u00f3n anal con vibraciones, Rotator Plug 2+. Provisto de dos motores, Rotator Plug 2+ cuenta con un motor destinado a generar unas vibraciones intensas y otro que se encarga de las intrincadas bolas giratorias situadas en la mitad inferior.<\/p>\n<p><strong>Informaci\u00f3n del producto \u00abSatisfyer Rotator Plug 2+ Connect App\u00bb<\/strong><\/p>\n<ul>\n<li>Compatible con la aplicaci\u00f3n gratuita de Satisfyer, disponible para iOS y Android<\/li>\n<li>Dos potentes motores transmiten intensos ritmos de vibraci\u00f3n y de rotaci\u00f3n<\/li>\n<li>Unisex, apto para todos los g\u00e9neros<\/li>\n<li>12 programas de vibraci\u00f3n<\/li>\n<li>12 programas de rotaci\u00f3n<\/li>\n<li>15 a\u00f1os de garant\u00eda<\/li>\n<li>Tambi\u00e9n se puede utilizar sin la aplicaci\u00f3n<\/li>\n<li>Los programas preestablecidos se pueden editar<\/li>\n<li>Silicona amigable con el cuerpo<\/li>\n<li>La aplicaci\u00f3n ofrece una gama interminable de programas<\/li>\n<li>Impermeable (IPX7)<\/li>\n<li>Modo Susurro<\/li>\n<li>Bater\u00eda recargable de iones de litio<\/li>\n<li>Cable de carga USB magn\u00e9tico incluido<\/li>\n<li>F\u00e1cil de limpiar<\/li>\n<\/ul>\n<p><strong>Qu\u00e9 otras ventajas presenta el vibrador Satisfyer Rotator Plug 2+ Connect App?<\/strong><\/p>\n<p>Un producto m\u00e1s bien para avanzados, Rotator Plug 2+ resulta f\u00e1cil de introducir gracias a su resistencia y es extremadamente potente, ya que las bolas giratorias aportan una estimulaci\u00f3n inigualable. Gracias a su parte superior m\u00e1s delgada y puntiaguda, la inserci\u00f3n resulta todav\u00eda m\u00e1s f\u00e1cil.<\/p>\n<p>Rotator Plug 1+, con tecnolog\u00eda Bluetooth, se puede conectar a la galardonada aplicaci\u00f3n gratuita Satisfyer Connect, ofreci\u00e9ndote la opci\u00f3n de tener un control total sobre el potente motor y personalizar de verdad el placer. Rotator Plug 1+ est\u00e1 fabricado con silicona inocua para el cuerpo, es recargable e impermeable (IPX7).<\/p>\n<p>\u00a1Descubre la sensaci\u00f3n de llenado hoy mismo!<\/p>","protected":false},"excerpt":{"rendered":"<p>SATISFYER ROTATOR PLUG 2+ VIBRATING PLUG APP &#8211; RED<\/p>","protected":false},"featured_media":72674,"comment_status":"open","ping_status":"closed","template":"","meta":{"_monsterinsights_skip_tracking":false,"_monsterinsights_sitenote_active":false,"_monsterinsights_sitenote_note":"","_monsterinsights_sitenote_category":0,"_joinchat":[]},"product_brand":[],"product_cat":[121,171,659,119,762,261,258,837,255],"product_tag":[],"class_list":{"0":"post-39655","1":"product","2":"type-product","3":"status-publish","4":"has-post-thumbnail","6":"product_cat-juguetes-sexuales-xxxacuaticos","7":"product_cat-juguetes-sexuales-xxxanal","8":"product_cat-juguetes-sexuales-xxxespecial-gays","9":"product_cat-juguetes-sexuales-xxx","10":"product_cat-juguetes-sexuales-xxxpara-el","11":"product_cat-juguetes-sexuales-xxxplugs-anales","12":"product_cat-juguetes-sexuales-xxxvibradores","13":"product_cat-juguetes-sexuales-xxxvibradores-con-app","14":"product_cat-juguetes-sexuales-xxxvibradores-hi-tech","15":"yith_product_brand-satisfyer","16":"yith_product_brand-satisfyer-satisfyer-connect","18":"first","19":"instock","20":"taxable","21":"shipping-taxable","22":"purchasable","23":"product-type-simple"},"aioseo_notices":[],"_links":{"self":[{"href":"https:\/\/www.mysexualfantasy.eu\/en\/wp-json\/wp\/v2\/product\/39655","targetHints":{"allow":["GET"]}}],"collection":[{"href":"https:\/\/www.mysexualfantasy.eu\/en\/wp-json\/wp\/v2\/product"}],"about":[{"href":"https:\/\/www.mysexualfantasy.eu\/en\/wp-json\/wp\/v2\/types\/product"}],"replies":[{"embeddable":true,"href":"https:\/\/www.mysexualfantasy.eu\/en\/wp-json\/wp\/v2\/comments?post=39655"}],"wp:featuredmedia":[{"embeddable":true,"href":"https:\/\/www.mysexualfantasy.eu\/en\/wp-json\/wp\/v2\/media\/72674"}],"wp:attachment":[{"href":"https:\/\/www.mysexualfantasy.eu\/en\/wp-json\/wp\/v2\/media?parent=39655"}],"wp:term":[{"taxonomy":"product_brand","embeddable":true,"href":"https:\/\/www.mysexualfantasy.eu\/en\/wp-json\/wp\/v2\/product_brand?post=39655"},{"taxonomy":"product_cat","embeddable":true,"href":"https:\/\/www.mysexualfantasy.eu\/en\/wp-json\/wp\/v2\/product_cat?post=39655"},{"taxonomy":"product_tag","embeddable":true,"href":"https:\/\/www.mysexualfantasy.eu\/en\/wp-json\/wp\/v2\/product_tag?post=39655"}],"curies":[{"name":"wp","href":"https:\/\/api.w.org\/{rel}","templated":true}]}}