{"id":39708,"date":"2023-01-13T11:37:28","date_gmt":"2023-01-13T11:37:28","guid":{"rendered":"https:\/\/www.mysexualfantasy.eu\/?post_type=product&#038;p=39708"},"modified":"2023-12-06T14:50:42","modified_gmt":"2023-12-06T14:50:42","slug":"mythology-fantasy-harness-arnes-iridiscente-s-m","status":"publish","type":"product","link":"https:\/\/www.mysexualfantasy.eu\/en\/product\/mythology-fantasy-harness-arnes-iridiscente-s-m\/","title":{"rendered":"MYTHOLOGY FANTASY HARNESS &#8211; ARN\u00c9S IRIDISCENTE S\/M"},"content":{"rendered":"<p><strong>MYTHOLOGY FANTASY HARNESS &#8211; ARN\u00c9S IRIDISCENTE S\/M<\/strong><\/p>\n<p>Un c\u00f3modo arn\u00e9s para dildos \u00fanicos. El sexo con arn\u00e9s es genial. Si\u00e9ntete bien mientras lo haces con este elegante y resistente arn\u00e9s.<\/p>\n<p><strong>QU\u00c9 HACE ESPECIAL EL ARN\u00c9S DE MYTHOLOGIC?<\/strong><\/p>\n<p>Atarlo es incre\u00edble, y este arn\u00e9s lo hace a\u00fan mejor. El Fantasy Harness es un arn\u00e9s 100% Europeo hecho a mano con materiales ecol\u00f3gicos, lo que lo hace 100% vegano y f\u00e1cil de limpiar. El cintur\u00f3n de cadera ancho y c\u00f3modo y las dos correas para las piernas son ajustables, para que pueda manejar su comodidad y su control. Debido a que mantiene su consolador en su lugar tan bien, puede probar con confianza cualquier nueva posici\u00f3n que desee.<\/p>\n<p><strong>ENTRAR\u00c1 MI DILDO EN ESTE ARN\u00c9S CON CORREA AJUSTABLE?<\/strong><\/p>\n<p>\u00a1Probablemente s\u00ed!\u00a0 EL Mythologic Fantasy Harness se adapta a cualquier consolador con un di\u00e1metro de hasta 5 cm ( Incluye dos anillas flexibles de interior 4 y 5 cm respectivamente ) \u00a0siempre que tenga una base. Por supuesto, te recomendamos probarlo con uno de nuestros dildos MYTHOLOGIC, ya que sus bases te permitir\u00e1n acercarte m\u00e1s que nunca.<\/p>\n<p><strong>ME QUEDAR\u00c1 BIEN EL ARN\u00c9S?<\/strong><\/p>\n<p>Este arn\u00e9s ajustable es adecuado para las tallas 34 a 46, debe elegir bien la talla S\/M O L\/XL. El cintur\u00f3n y las correas de los gl\u00fateos se pueden ajustar de forma independiente, por lo que puede personalizarlo seg\u00fan su cuerpo.<\/p>\n<p><strong>C\u00d3MO LO LIMPIO?<\/strong><\/p>\n<p>Una ventaja de este material sobre el cuero es que es muy f\u00e1cil de limpiar. Simplemente l\u00e1velo con agua y jab\u00f3n para ropa, ya sea a mano o en una bolsa de ropa en el lavado.<\/p>\n<p>Los arneses de Mythology te dejar\u00e1n con la boca abierta. La conjunci\u00f3n perfecta entre materiales innovadores, comodidad y dise\u00f1o polivalente.<\/p>\n<p>Estos \u201cstraps\u201d est\u00e1n disponibles en dos tallas: S\/M y L\/XL. Elegimos estas medidas para que fueran adecuados a todos los tipos de cuerpo. Son ajustables en la cintura mediante velcro y en sus el\u00e1sticos por hebillas. El dise\u00f1o del arn\u00e9s ha sido pensado para que pueda ser utilizado en varias posiciones poco convencionales: en la rodilla, el codo, el pecho\u2026<\/p>\n<p>Estamos seguros que estos arneses no pasar\u00e1n desapercibidos a ojos de los clientes. Estos \u00faltimos a\u00f1os hemos notado un aumento significativo de las ventas en este tipo de art\u00edculos. Puedes combinarlos como quieras, todos los dildos Mythology son compatibles con estos incre\u00edbles arneses.<\/p>\n<p>Actualmente contamos con dos terminaciones diferentes; una de color cobrizo, que conjuntar\u00e1 a la perfecci\u00f3n con Rune &#8211; Royal y otro de acabado irisado (cambia de color en funci\u00f3n al angulo de vista y a la luz incidente). Una verdadera joya para los amantes del fetish y el pegging.<\/p>\n<p><strong>HEMOS PENSADO EN TODO<\/strong><\/p>\n<p>El arn\u00e9s dispone en los laterales de una goma el\u00e1stica que podr\u00e1 ser utilizada para colocar el control remoto \u201cWatchme\u201d, un bote de lubricante, aceite o lo que prefieras. Este el\u00e1stico est\u00e1 colocado a la altura de la cadera, a ambos lados del cuerpo para que tanto diestros como zurdos puedan utilizarlo c\u00f3modamente.<\/p>\n<p>\u00a1Y tambi\u00e9n tiene un secreto en su interior! Detr\u00e1s de la zona de sujeci\u00f3n del \u201cstrap\u201d est\u00e1 ubicado un peque\u00f1o bolsillo secreto, del tama\u00f1o perfecto para que pueda ser introducido en \u00e9l una bala vibradora, as\u00ed podr\u00e1s disfrutar de una estimulaci\u00f3n extra.<\/p>\n<p>La sujeci\u00f3n del dildo viene dada por dos anillos flexibles. Te prometemos un agarre fuerte y c\u00f3modo.<\/p>\n<p>A qu\u00e9 est\u00e1s esperando para conseguir uno de estos llamativos arneses?<\/p>\n<p><strong>MYTHOLOGY <\/strong>consta de una gama de dildos, todos ellos de silicona de alta gama, disponibles en dos versiones (con vibraci\u00f3n y sin vibraci\u00f3n) y distintos tama\u00f1os (S, M, L). La versi\u00f3n con vibraci\u00f3n, recargable, compatible con la tecnolog\u00eda Watchme.<\/p>","protected":false},"excerpt":{"rendered":"<p>MYTHOLOGY FANTASY HARNESS &#8211; IRIDESCENT S\/M<\/p>","protected":false},"featured_media":39709,"comment_status":"open","ping_status":"closed","template":"","meta":{"_monsterinsights_skip_tracking":false,"_monsterinsights_sitenote_active":false,"_monsterinsights_sitenote_note":"","_monsterinsights_sitenote_category":0,"_joinchat":[]},"product_brand":[],"product_cat":[1173,1152],"product_tag":[],"class_list":{"0":"post-39708","1":"product","2":"type-product","3":"status-publish","4":"has-post-thumbnail","6":"product_cat-juguetes-bienestar-arneses","7":"product_cat-juguetes-bienestar","8":"yith_product_brand-mythology","9":"yith_product_brand-mythologymythology-fantasy-harness","11":"first","12":"instock","13":"taxable","14":"shipping-taxable","15":"purchasable","16":"product-type-simple"},"aioseo_notices":[],"_links":{"self":[{"href":"https:\/\/www.mysexualfantasy.eu\/en\/wp-json\/wp\/v2\/product\/39708","targetHints":{"allow":["GET"]}}],"collection":[{"href":"https:\/\/www.mysexualfantasy.eu\/en\/wp-json\/wp\/v2\/product"}],"about":[{"href":"https:\/\/www.mysexualfantasy.eu\/en\/wp-json\/wp\/v2\/types\/product"}],"replies":[{"embeddable":true,"href":"https:\/\/www.mysexualfantasy.eu\/en\/wp-json\/wp\/v2\/comments?post=39708"}],"wp:featuredmedia":[{"embeddable":true,"href":"https:\/\/www.mysexualfantasy.eu\/en\/wp-json\/wp\/v2\/media\/39709"}],"wp:attachment":[{"href":"https:\/\/www.mysexualfantasy.eu\/en\/wp-json\/wp\/v2\/media?parent=39708"}],"wp:term":[{"taxonomy":"product_brand","embeddable":true,"href":"https:\/\/www.mysexualfantasy.eu\/en\/wp-json\/wp\/v2\/product_brand?post=39708"},{"taxonomy":"product_cat","embeddable":true,"href":"https:\/\/www.mysexualfantasy.eu\/en\/wp-json\/wp\/v2\/product_cat?post=39708"},{"taxonomy":"product_tag","embeddable":true,"href":"https:\/\/www.mysexualfantasy.eu\/en\/wp-json\/wp\/v2\/product_tag?post=39708"}],"curies":[{"name":"wp","href":"https:\/\/api.w.org\/{rel}","templated":true}]}}