{"id":39915,"date":"2023-01-13T11:37:54","date_gmt":"2023-01-13T11:37:54","guid":{"rendered":"https:\/\/www.mysexualfantasy.eu\/?post_type=product&#038;p=39915"},"modified":"2023-12-06T15:23:59","modified_gmt":"2023-12-06T15:23:59","slug":"fetish-fantasy-arnes-penetrix-doble","status":"publish","type":"product","link":"https:\/\/www.mysexualfantasy.eu\/en\/product\/fetish-fantasy-arnes-penetrix-doble\/","title":{"rendered":"FETISH FANTASY ARNES PENETRIX DOBLE"},"content":{"rendered":"<p>Qui\u00e9n dijo que los arneses solo serv\u00edan para dar placer? Experimenta la emoci\u00f3n de dar y recibir placer con este arn\u00e9s doble Penetrix. Con un peque\u00f1o estimulador vaginal conectado a la parte trasera del dildo, los dos podr\u00e9is disfrutar una estimulaci\u00f3n simult\u00e1nea.<\/p>\n<p>El cintur\u00f3n es el\u00e1stico y se ajusta a la mayor\u00eda de las tallas, mientras que el arn\u00e9s de suave vinilo permaneces en su lugar cuando el ambiente se calienta.<\/p>\n<p>El arn\u00e9s Penetrix gracias a su forma delgada con punta c\u00f3nica hace f\u00e1cil la penetraci\u00f3n para los principiantes y divertido para todos.<\/p>\n<p>Lo mejor de todo es la facilidad para limpiarlo simplemente utilizando el limpiador Pipedream Toy Cleaner y agua tibia.<\/p>\n<ul>\n<li>Medidas: Dildo 12,5 cm. x 2,7 cm.; Estimulador 7,6 cm. x 3,4 cm.<\/li>\n<\/ul>\n<p>Incluye\u00a0los cubrepezones en forma de X.<\/p>\n<p>Descubre nuevas experiencias!<\/p>","protected":false},"excerpt":{"rendered":"<p>FETISH FANTASY DOUBLE PENETRIX STRAP-ON.<\/p>","protected":false},"featured_media":39916,"comment_status":"open","ping_status":"closed","template":"","meta":{"_monsterinsights_skip_tracking":false,"_monsterinsights_sitenote_active":false,"_monsterinsights_sitenote_note":"","_monsterinsights_sitenote_category":0,"_joinchat":[]},"product_brand":[],"product_cat":[1173,1280,1174,1175,1152],"product_tag":[],"class_list":{"0":"post-39915","1":"product","2":"type-product","3":"status-publish","4":"has-post-thumbnail","6":"product_cat-juguetes-bienestar-arneses","7":"product_cat-juguetes-bienestar-arnesesarneses-dobles","8":"product_cat-juguetes-bienestar-arnesesarneses-sin-vibracion","9":"product_cat-bdsm-bondage","10":"product_cat-juguetes-bienestar","11":"yith_product_brand-pipedreamsfetish-fantasy-series","12":"yith_product_brand-pipedreams","14":"first","15":"instock","16":"taxable","17":"shipping-taxable","18":"purchasable","19":"product-type-simple"},"aioseo_notices":[],"_links":{"self":[{"href":"https:\/\/www.mysexualfantasy.eu\/en\/wp-json\/wp\/v2\/product\/39915","targetHints":{"allow":["GET"]}}],"collection":[{"href":"https:\/\/www.mysexualfantasy.eu\/en\/wp-json\/wp\/v2\/product"}],"about":[{"href":"https:\/\/www.mysexualfantasy.eu\/en\/wp-json\/wp\/v2\/types\/product"}],"replies":[{"embeddable":true,"href":"https:\/\/www.mysexualfantasy.eu\/en\/wp-json\/wp\/v2\/comments?post=39915"}],"wp:featuredmedia":[{"embeddable":true,"href":"https:\/\/www.mysexualfantasy.eu\/en\/wp-json\/wp\/v2\/media\/39916"}],"wp:attachment":[{"href":"https:\/\/www.mysexualfantasy.eu\/en\/wp-json\/wp\/v2\/media?parent=39915"}],"wp:term":[{"taxonomy":"product_brand","embeddable":true,"href":"https:\/\/www.mysexualfantasy.eu\/en\/wp-json\/wp\/v2\/product_brand?post=39915"},{"taxonomy":"product_cat","embeddable":true,"href":"https:\/\/www.mysexualfantasy.eu\/en\/wp-json\/wp\/v2\/product_cat?post=39915"},{"taxonomy":"product_tag","embeddable":true,"href":"https:\/\/www.mysexualfantasy.eu\/en\/wp-json\/wp\/v2\/product_tag?post=39915"}],"curies":[{"name":"wp","href":"https:\/\/api.w.org\/{rel}","templated":true}]}}