{"id":4048,"date":"2023-01-13T13:26:54","date_gmt":"2023-01-13T13:26:54","guid":{"rendered":"https:\/\/www.mysexualfantasy.eu\/?post_type=product&#038;p=4048"},"modified":"2023-12-06T15:56:19","modified_gmt":"2023-12-06T15:56:19","slug":"tenga-huevo-masturbador-shiny","status":"publish","type":"product","link":"https:\/\/www.mysexualfantasy.eu\/en\/product\/tenga-huevo-masturbador-shiny\/","title":{"rendered":"TENGA HUEVO MASTURBADOR SHINY"},"content":{"rendered":"<p>Dise\u00f1ado con la apariencia de un huevo, con este masturbador disfrutaras de tu mejor orgasmo.<\/p>\n<p>Fabricado con un elast\u00f3mero de grado medico que no causa ninguna reacci\u00f3n al\u00e9rgica, tolerado por el cuerpo, muy el\u00e1stico y ajustable que se adapta a todos los tama\u00f1os de pene. El interior de cada huevo Tenga Egg tiene un sistema nuevo de estr\u00edas que proporcionan diferentes tipos de placer.<\/p>\n<p><span style=\"line-height: 1.6;\">El interior del modelo Tenga Egg Shiny\u00a0 ha sido creado para dar placer pensado en el dios del Sol irradia desde su centro ondas al placer extremo.<\/span><\/p>\n<p>Los huevos Tenga Egg, permiten una masturbaci\u00f3n placentera y suave, produciendo sensaciones al contacto de la piel, nunca antes experimentadas.Para usarlo, tan solo hay que retirar el envoltorio y lubricarlo con la loci\u00f3n lubricante que viene incluida. Colocar en la punta como si de un preservativo se tratase y estirar hacia abajo.<\/p>\n<ul>\n<li>Producto prelubricado.<\/li>\n<li>Modelo Egg Shiny<\/li>\n<li>Dise\u00f1ado para un solo uso.<\/li>\n<\/ul>\n<p>Vive una nueva sensacion en la Masturbaci\u00f3n!!<\/p>\n<p style=\"text-align: center;\">\u00a0<\/p>","protected":false},"excerpt":{"rendered":"<p>TENGA EGG SHINY EASY ONA-CAP<\/p>","protected":false},"featured_media":59377,"comment_status":"open","ping_status":"closed","template":"","meta":{"_monsterinsights_skip_tracking":false,"_monsterinsights_sitenote_active":false,"_monsterinsights_sitenote_note":"","_monsterinsights_sitenote_category":0,"_joinchat":[]},"product_brand":[],"product_cat":[1152,1160,1155,1165,1168],"product_tag":[],"class_list":{"0":"post-4048","1":"product","2":"type-product","3":"status-publish","4":"has-post-thumbnail","6":"product_cat-juguetes-bienestar","7":"product_cat-juguetes-bienestar-juguetes-para-hombres","8":"product_cat-juguetes-bienestar-juguetes-para-mujeres","9":"product_cat-juguetes-bienestar-juguetes-para-mujeresmasturbadores-para-ellas","10":"product_cat-juguetes-bienestar-juguetes-para-hombresvaginas-y-anos","11":"yith_product_brand-tenga","13":"first","14":"instock","15":"taxable","16":"shipping-taxable","17":"purchasable","18":"product-type-simple"},"aioseo_notices":[],"_links":{"self":[{"href":"https:\/\/www.mysexualfantasy.eu\/en\/wp-json\/wp\/v2\/product\/4048","targetHints":{"allow":["GET"]}}],"collection":[{"href":"https:\/\/www.mysexualfantasy.eu\/en\/wp-json\/wp\/v2\/product"}],"about":[{"href":"https:\/\/www.mysexualfantasy.eu\/en\/wp-json\/wp\/v2\/types\/product"}],"replies":[{"embeddable":true,"href":"https:\/\/www.mysexualfantasy.eu\/en\/wp-json\/wp\/v2\/comments?post=4048"}],"wp:featuredmedia":[{"embeddable":true,"href":"https:\/\/www.mysexualfantasy.eu\/en\/wp-json\/wp\/v2\/media\/59377"}],"wp:attachment":[{"href":"https:\/\/www.mysexualfantasy.eu\/en\/wp-json\/wp\/v2\/media?parent=4048"}],"wp:term":[{"taxonomy":"product_brand","embeddable":true,"href":"https:\/\/www.mysexualfantasy.eu\/en\/wp-json\/wp\/v2\/product_brand?post=4048"},{"taxonomy":"product_cat","embeddable":true,"href":"https:\/\/www.mysexualfantasy.eu\/en\/wp-json\/wp\/v2\/product_cat?post=4048"},{"taxonomy":"product_tag","embeddable":true,"href":"https:\/\/www.mysexualfantasy.eu\/en\/wp-json\/wp\/v2\/product_tag?post=4048"}],"curies":[{"name":"wp","href":"https:\/\/api.w.org\/{rel}","templated":true}]}}