{"id":4057,"date":"2023-01-13T13:26:58","date_gmt":"2023-01-13T13:26:58","guid":{"rendered":"https:\/\/www.mysexualfantasy.eu\/?post_type=product&#038;p=4057"},"modified":"2023-12-06T15:33:49","modified_gmt":"2023-12-06T15:33:49","slug":"tenga-huevo-masturbador-street","status":"publish","type":"product","link":"https:\/\/www.mysexualfantasy.eu\/en\/product\/tenga-huevo-masturbador-street\/","title":{"rendered":"TENGA HUEVO MASTURBADOR STREET"},"content":{"rendered":"<p>TENGA EGG SURFER EASY ONA-CAP, dise\u00f1ado con la apariencia de un huevo, con este masturbador disfrutaras de tu mejor orgasmo.<\/p>\n<p>Fabricado con un elast\u00f3mero de grado medico que no causa ninguna reacci\u00f3n al\u00e9rgica, tolerado por el cuerpo, muy el\u00e1stico y ajustable que se adapta a todos los tama\u00f1os de pene. El interior de cada huevo Tenga Egg tiene un sistema nuevo de estr\u00edas que proporcionan diferentes tipos de placer.<\/p>\n<p>El interior del modelo Tenga Egg Street ha sido dise\u00f1ado por Keith Haring pensado por para las personas positivas que quieren descubrir el lado maximo de la masturbaci\u00f3n<\/p>\n<p>Los huevos Tenga Egg, permiten una masturbaci\u00f3n placentera y suave, produciendo sensaciones al contacto de la piel, nunca antes experimentadas.Para usarlo, tan solo hay que retirar el envoltorio y lubricarlo con la loci\u00f3n lubricante que viene incluida. Colocar en la punta como si de un preservativo se tratase y estirar hacia abajo.<\/p>\n<ul>\n<li>Producto prelubricado.<\/li>\n<li>Modelo Egg Street by Keith Haring<\/li>\n<li>Dise\u00f1ado para un solo uso.<\/li>\n<\/ul>\n<p>Vive una nueva sensacion en la Masturbaci\u00f3n!!<\/p>\n<p style=\"text-align: center;\">\u00a0<\/p>","protected":false},"excerpt":{"rendered":"<p>TENGA EGG STREET EASY ONA-CAP BY KEITH HARING<\/p>","protected":false},"featured_media":59395,"comment_status":"open","ping_status":"closed","template":"","meta":{"_monsterinsights_skip_tracking":false,"_monsterinsights_sitenote_active":false,"_monsterinsights_sitenote_note":"","_monsterinsights_sitenote_category":0,"_joinchat":[]},"product_brand":[],"product_cat":[1152,1160,1167,1168],"product_tag":[],"class_list":{"0":"post-4057","1":"product","2":"type-product","3":"status-publish","4":"has-post-thumbnail","6":"product_cat-juguetes-bienestar","7":"product_cat-juguetes-bienestar-juguetes-para-hombres","8":"product_cat-juguetes-bienestar-juguetes-para-hombresmasturbadores-para-ellos","9":"product_cat-juguetes-bienestar-juguetes-para-hombresvaginas-y-anos","10":"yith_product_brand-tenga","12":"first","13":"instock","14":"taxable","15":"shipping-taxable","16":"purchasable","17":"product-type-simple"},"aioseo_notices":[],"_links":{"self":[{"href":"https:\/\/www.mysexualfantasy.eu\/en\/wp-json\/wp\/v2\/product\/4057","targetHints":{"allow":["GET"]}}],"collection":[{"href":"https:\/\/www.mysexualfantasy.eu\/en\/wp-json\/wp\/v2\/product"}],"about":[{"href":"https:\/\/www.mysexualfantasy.eu\/en\/wp-json\/wp\/v2\/types\/product"}],"replies":[{"embeddable":true,"href":"https:\/\/www.mysexualfantasy.eu\/en\/wp-json\/wp\/v2\/comments?post=4057"}],"wp:featuredmedia":[{"embeddable":true,"href":"https:\/\/www.mysexualfantasy.eu\/en\/wp-json\/wp\/v2\/media\/59395"}],"wp:attachment":[{"href":"https:\/\/www.mysexualfantasy.eu\/en\/wp-json\/wp\/v2\/media?parent=4057"}],"wp:term":[{"taxonomy":"product_brand","embeddable":true,"href":"https:\/\/www.mysexualfantasy.eu\/en\/wp-json\/wp\/v2\/product_brand?post=4057"},{"taxonomy":"product_cat","embeddable":true,"href":"https:\/\/www.mysexualfantasy.eu\/en\/wp-json\/wp\/v2\/product_cat?post=4057"},{"taxonomy":"product_tag","embeddable":true,"href":"https:\/\/www.mysexualfantasy.eu\/en\/wp-json\/wp\/v2\/product_tag?post=4057"}],"curies":[{"name":"wp","href":"https:\/\/api.w.org\/{rel}","templated":true}]}}