{"id":4091,"date":"2023-01-13T11:37:50","date_gmt":"2023-01-13T11:37:50","guid":{"rendered":"https:\/\/www.mysexualfantasy.eu\/?post_type=product&#038;p=4091"},"modified":"2023-12-06T16:23:23","modified_gmt":"2023-12-06T16:23:23","slug":"fetish-fantasy-posicion-master-con-esposas","status":"publish","type":"product","link":"https:\/\/www.mysexualfantasy.eu\/en\/product\/fetish-fantasy-posicion-master-con-esposas\/","title":{"rendered":"FETISH FANTASY POSICION MASTER CON ESPOSAS"},"content":{"rendered":"<p>Deja que tu imaginaci\u00f3n te lleve m\u00e1s all\u00e1 de los l\u00edmites f\u00edsicos con el Position Master con esposas.<\/p>\n<p>Las resistentes cintas mantendr\u00e1n sus piernas firmemente en su lugar con el fin de que no se canse en el mejor momento, mientras que las esposas aseguran que tu sujeto no se escape en cualquier momento.<\/p>\n<p>La cinta que va al cuello est\u00e1 afelpada y el suave, permiti\u00e9ndole el mayor confort. Las cintas se ajustan muy f\u00e1cilmente con velcro, as\u00ed podr\u00e1s controlar donde se sit\u00faan las piernas en cualquier momento del juego.<\/p>\n<p>Asume el rango y se el maestro en tu pr\u00f3ximo encuentro<\/p>\n<p>Incluye m\u00e1scara de regalo.<\/p>\n<p>100% Ajustable<\/p>","protected":false},"excerpt":{"rendered":"<p>FETISH FANTASY POSITION MASTER WITH CUFFS<\/p>","protected":false},"featured_media":39884,"comment_status":"open","ping_status":"closed","template":"","meta":{"_monsterinsights_skip_tracking":false,"_monsterinsights_sitenote_active":false,"_monsterinsights_sitenote_note":"","_monsterinsights_sitenote_category":0,"_joinchat":[]},"product_brand":[],"product_cat":[1175,1178,1397],"product_tag":[],"class_list":{"0":"post-4091","1":"product","2":"type-product","3":"status-publish","4":"has-post-thumbnail","6":"product_cat-bdsm-bondage","7":"product_cat-bdsm-bondage-bondage","8":"product_cat-bdsm-bondage-bondageesposas-de-fijacion","9":"yith_product_brand-pipedreamsfetish-fantasy-series","10":"yith_product_brand-pipedreams","12":"first","13":"instock","14":"taxable","15":"shipping-taxable","16":"purchasable","17":"product-type-simple"},"aioseo_notices":[],"_links":{"self":[{"href":"https:\/\/www.mysexualfantasy.eu\/en\/wp-json\/wp\/v2\/product\/4091","targetHints":{"allow":["GET"]}}],"collection":[{"href":"https:\/\/www.mysexualfantasy.eu\/en\/wp-json\/wp\/v2\/product"}],"about":[{"href":"https:\/\/www.mysexualfantasy.eu\/en\/wp-json\/wp\/v2\/types\/product"}],"replies":[{"embeddable":true,"href":"https:\/\/www.mysexualfantasy.eu\/en\/wp-json\/wp\/v2\/comments?post=4091"}],"wp:featuredmedia":[{"embeddable":true,"href":"https:\/\/www.mysexualfantasy.eu\/en\/wp-json\/wp\/v2\/media\/39884"}],"wp:attachment":[{"href":"https:\/\/www.mysexualfantasy.eu\/en\/wp-json\/wp\/v2\/media?parent=4091"}],"wp:term":[{"taxonomy":"product_brand","embeddable":true,"href":"https:\/\/www.mysexualfantasy.eu\/en\/wp-json\/wp\/v2\/product_brand?post=4091"},{"taxonomy":"product_cat","embeddable":true,"href":"https:\/\/www.mysexualfantasy.eu\/en\/wp-json\/wp\/v2\/product_cat?post=4091"},{"taxonomy":"product_tag","embeddable":true,"href":"https:\/\/www.mysexualfantasy.eu\/en\/wp-json\/wp\/v2\/product_tag?post=4091"}],"curies":[{"name":"wp","href":"https:\/\/api.w.org\/{rel}","templated":true}]}}