{"id":41460,"date":"2023-01-13T11:42:10","date_gmt":"2023-01-13T11:42:10","guid":{"rendered":"https:\/\/www.mysexualfantasy.eu\/?post_type=product&#038;p=41460"},"modified":"2023-12-06T15:42:21","modified_gmt":"2023-12-06T15:42:21","slug":"all-black-masturbador-daddy","status":"publish","type":"product","link":"https:\/\/www.mysexualfantasy.eu\/en\/product\/all-black-masturbador-daddy\/","title":{"rendered":"ALL BLACK &#8211; MASTURBADOR DADDY"},"content":{"rendered":"<p>Todos deben soltarse en alg\u00fan momento, pero por qu\u00e9 perder el tiempo en aplicaciones solo para que el otro\/a las cancele en el \u00faltimo minuto? Ac\u00e9rcate a casa con el masturbador premium de ALLBLACK. Con su elegante dise\u00f1o, este masturbador\u00a0es c\u00f3modo de sostener e imitar\u00e1 la mejor mamada que hayas tenido. Con una altura de 17 cm, este juguete puede hacerte llegar el orgasmo que est\u00e1s esperando y hacerte sentir incre\u00edble. Y qui\u00e9n sabe? Toma algunas fotos de ti mismo us\u00e1ndolo (si\u00e9ntete libre de compartir), y tal vez la persona que cancel\u00f3 la cita se sentir\u00e1 celoso de haber perdido una oportunidad.<\/p>\n<ul>\n<li>Material Seguro libre de phalatos<\/li>\n<li>Tpr<\/li>\n<li>Fabricado en Europa<\/li>\n<li>Textura interior<\/li>\n<\/ul>","protected":false},"excerpt":{"rendered":"<p>ALL BLACK &#8211; MASTURBATOR DADDY<\/p>","protected":false},"featured_media":41461,"comment_status":"open","ping_status":"closed","template":"","meta":{"_monsterinsights_skip_tracking":false,"_monsterinsights_sitenote_active":false,"_monsterinsights_sitenote_note":"","_monsterinsights_sitenote_category":0,"_joinchat":[]},"product_brand":[],"product_cat":[1152,1160,1167],"product_tag":[],"class_list":{"0":"post-41460","1":"product","2":"type-product","3":"status-publish","4":"has-post-thumbnail","6":"product_cat-juguetes-bienestar","7":"product_cat-juguetes-bienestar-juguetes-para-hombres","8":"product_cat-juguetes-bienestar-juguetes-para-hombresmasturbadores-para-ellos","9":"yith_product_brand-all-black","11":"first","12":"instock","13":"taxable","14":"shipping-taxable","15":"purchasable","16":"product-type-simple"},"aioseo_notices":[],"_links":{"self":[{"href":"https:\/\/www.mysexualfantasy.eu\/en\/wp-json\/wp\/v2\/product\/41460","targetHints":{"allow":["GET"]}}],"collection":[{"href":"https:\/\/www.mysexualfantasy.eu\/en\/wp-json\/wp\/v2\/product"}],"about":[{"href":"https:\/\/www.mysexualfantasy.eu\/en\/wp-json\/wp\/v2\/types\/product"}],"replies":[{"embeddable":true,"href":"https:\/\/www.mysexualfantasy.eu\/en\/wp-json\/wp\/v2\/comments?post=41460"}],"wp:featuredmedia":[{"embeddable":true,"href":"https:\/\/www.mysexualfantasy.eu\/en\/wp-json\/wp\/v2\/media\/41461"}],"wp:attachment":[{"href":"https:\/\/www.mysexualfantasy.eu\/en\/wp-json\/wp\/v2\/media?parent=41460"}],"wp:term":[{"taxonomy":"product_brand","embeddable":true,"href":"https:\/\/www.mysexualfantasy.eu\/en\/wp-json\/wp\/v2\/product_brand?post=41460"},{"taxonomy":"product_cat","embeddable":true,"href":"https:\/\/www.mysexualfantasy.eu\/en\/wp-json\/wp\/v2\/product_cat?post=41460"},{"taxonomy":"product_tag","embeddable":true,"href":"https:\/\/www.mysexualfantasy.eu\/en\/wp-json\/wp\/v2\/product_tag?post=41460"}],"curies":[{"name":"wp","href":"https:\/\/api.w.org\/{rel}","templated":true}]}}