{"id":4153,"date":"2023-01-13T13:17:56","date_gmt":"2023-01-13T13:17:56","guid":{"rendered":"https:\/\/www.mysexualfantasy.eu\/?post_type=product&#038;p=4153"},"modified":"2023-12-06T17:24:08","modified_gmt":"2023-12-06T17:24:08","slug":"durex-dame-placer-3-uds","status":"publish","type":"product","link":"https:\/\/www.mysexualfantasy.eu\/en\/product\/durex-dame-placer-3-uds\/","title":{"rendered":"DUREX &#8211; DAME PLACER 3 UNIDADES"},"content":{"rendered":"<p>Durex Dame Placer son preservativos que suben la temperatura entre las s\u00e1banas. Sus puntos y estr\u00edas crean una experiencia sexual m\u00e1s intensa para ti y tu pareja.<br \/>Caracter\u00edsticas de Durex Dame Placer:<\/p>\n<ul>\n<li>Preservativo de l\u00e1tex de caucho natural, con relieve de puntos y estr\u00edas<\/li>\n<li>Transparente y lubricado<\/li>\n<li>Forma anat\u00f3mica Easy-On, con dep\u00f3sito<\/li>\n<li>Anchura nominal: 56mm<\/li>\n<\/ul>\n<p>La forma especial en que se fabrica Durex Dame Placer hace que huelan mejor para que no hayan inc\u00f3modas distracciones, por lo que podr\u00e1s relajarte y disfrutar.<br \/>Lee el folleto que contiene el interior de este estuche cuidadosamente, en especial si utilizas los preservativos para sexo oral o anal.<\/p>\n<p>Estuche 3 Unidades<\/p>","protected":false},"excerpt":{"rendered":"<p>DUREX &#8211; DAME PLACER 3 UNITS<\/p>","protected":false},"featured_media":57821,"comment_status":"open","ping_status":"closed","template":"","meta":{"_monsterinsights_skip_tracking":false,"_monsterinsights_sitenote_active":false,"_monsterinsights_sitenote_note":"","_monsterinsights_sitenote_category":0,"_joinchat":[]},"product_brand":[],"product_cat":[1463,600,1466,1459],"product_tag":[],"class_list":{"0":"post-4153","1":"product","2":"type-product","3":"status-publish","4":"has-post-thumbnail","6":"product_cat-preservativos-todos-los-tamanos-de-cajascajas-de-3","7":"product_cat-preservativos","8":"product_cat-preservativos-puntos-y-estrias","9":"product_cat-preservativos-todos-los-tamanos-de-cajas","10":"yith_product_brand-durex","11":"yith_product_brand-durexdurex-condoms","13":"first","14":"instock","15":"taxable","16":"shipping-taxable","17":"purchasable","18":"product-type-simple"},"aioseo_notices":[],"_links":{"self":[{"href":"https:\/\/www.mysexualfantasy.eu\/en\/wp-json\/wp\/v2\/product\/4153","targetHints":{"allow":["GET"]}}],"collection":[{"href":"https:\/\/www.mysexualfantasy.eu\/en\/wp-json\/wp\/v2\/product"}],"about":[{"href":"https:\/\/www.mysexualfantasy.eu\/en\/wp-json\/wp\/v2\/types\/product"}],"replies":[{"embeddable":true,"href":"https:\/\/www.mysexualfantasy.eu\/en\/wp-json\/wp\/v2\/comments?post=4153"}],"wp:featuredmedia":[{"embeddable":true,"href":"https:\/\/www.mysexualfantasy.eu\/en\/wp-json\/wp\/v2\/media\/57821"}],"wp:attachment":[{"href":"https:\/\/www.mysexualfantasy.eu\/en\/wp-json\/wp\/v2\/media?parent=4153"}],"wp:term":[{"taxonomy":"product_brand","embeddable":true,"href":"https:\/\/www.mysexualfantasy.eu\/en\/wp-json\/wp\/v2\/product_brand?post=4153"},{"taxonomy":"product_cat","embeddable":true,"href":"https:\/\/www.mysexualfantasy.eu\/en\/wp-json\/wp\/v2\/product_cat?post=4153"},{"taxonomy":"product_tag","embeddable":true,"href":"https:\/\/www.mysexualfantasy.eu\/en\/wp-json\/wp\/v2\/product_tag?post=4153"}],"curies":[{"name":"wp","href":"https:\/\/api.w.org\/{rel}","templated":true}]}}