{"id":42621,"date":"2023-01-13T11:45:57","date_gmt":"2023-01-13T11:45:57","guid":{"rendered":"https:\/\/www.mysexualfantasy.eu\/?post_type=product&#038;p=42621"},"modified":"2023-12-06T15:54:52","modified_gmt":"2023-12-06T15:54:52","slug":"calex-cheeky-large-tie-dye-plug-anal","status":"publish","type":"product","link":"https:\/\/www.mysexualfantasy.eu\/en\/product\/calex-cheeky-large-tie-dye-plug-anal\/","title":{"rendered":"CALEX CHEEKY LARGE TIE-DYE PLUG ANAL"},"content":{"rendered":"<p>Libere su lado salvaje y disfrute del placer con el trippy Cheeky Medium Tie Dye Plug. Este atrevido anal plus est\u00e1 hecho para pasar un buen rato con el brillante dise\u00f1o tie-dye, la sonda c\u00f3nica redondeada y la base de ventosa vers\u00e1til para un juego extra divertido.<\/p>\n<p>El Plug de\u00a0\u00a0silicona aumenta gradualmente su circunferencia para permitirle disfrutar de un tiempo de juego satisfactorio.<\/p>\n<p>Mientras disfruta de sensaciones que le hacen temblar las rodillas, use la base con reborde para una estimulaci\u00f3n excitante, una inserci\u00f3n sin esfuerzo y una extracci\u00f3n suave.<\/p>\n<p>La divertida base con ventosa te permite ser m\u00e1s descarado al montarlo en una superficie plana para una estimulaci\u00f3n con manos libres. El plug flexible est\u00e1 hecha de una silicona segura para el cuerpo con un dise\u00f1o de te\u00f1ido anudado. Estos materiales seguros para el cuerpo no tienen perfume ni ftalatos para mantener felices y saludables sus puntos m\u00e1s sensibles.<\/p>\n<ul>\n<li>Dise\u00f1o \u00fanico\u00a0<\/li>\n<li>Base con reborde para un ajuste perfecto<\/li>\n<li>Base resistente con ventosa<\/li>\n<li>Tap\u00f3n de silicona suave como la seda.<\/li>\n<li>Higi\u00e9nicamente superior y seguro para el cuerpo.<\/li>\n<li>Dimensiones del producto 7,5 x 4,5 cm (insertable)  9 x 5 cm (total)<\/li>\n<li>Longitud total 9 cm<\/li>\n<li>Di\u00e1metro 4,5 cm<\/li>\n<li>Longitud insertable 7,5 cm<\/li>\n<li>Seguro para el cuerpo si<\/li>\n<li>Material Silicona<\/li>\n<\/ul>","protected":false},"excerpt":{"rendered":"<p>CALEX CHEEKY LARGE TIE-DYE PLUG ANAL<\/p>","protected":false},"featured_media":42622,"comment_status":"open","ping_status":"closed","template":"","meta":{"_monsterinsights_skip_tracking":false,"_monsterinsights_sitenote_active":false,"_monsterinsights_sitenote_note":"","_monsterinsights_sitenote_category":0,"_joinchat":[]},"product_brand":[],"product_cat":[1162,1306,1152,1189],"product_tag":[],"class_list":{"0":"post-42621","1":"product","2":"type-product","3":"status-publish","4":"has-post-thumbnail","6":"product_cat-juguetes-bienestar-anal","7":"product_cat-juguetes-bienestar-analdildos-anales","8":"product_cat-juguetes-bienestar","9":"product_cat-juguetes-bienestar-analplugs-anales","10":"yith_product_brand-california-exotics","12":"first","13":"instock","14":"taxable","15":"shipping-taxable","16":"purchasable","17":"product-type-simple"},"aioseo_notices":[],"_links":{"self":[{"href":"https:\/\/www.mysexualfantasy.eu\/en\/wp-json\/wp\/v2\/product\/42621","targetHints":{"allow":["GET"]}}],"collection":[{"href":"https:\/\/www.mysexualfantasy.eu\/en\/wp-json\/wp\/v2\/product"}],"about":[{"href":"https:\/\/www.mysexualfantasy.eu\/en\/wp-json\/wp\/v2\/types\/product"}],"replies":[{"embeddable":true,"href":"https:\/\/www.mysexualfantasy.eu\/en\/wp-json\/wp\/v2\/comments?post=42621"}],"wp:featuredmedia":[{"embeddable":true,"href":"https:\/\/www.mysexualfantasy.eu\/en\/wp-json\/wp\/v2\/media\/42622"}],"wp:attachment":[{"href":"https:\/\/www.mysexualfantasy.eu\/en\/wp-json\/wp\/v2\/media?parent=42621"}],"wp:term":[{"taxonomy":"product_brand","embeddable":true,"href":"https:\/\/www.mysexualfantasy.eu\/en\/wp-json\/wp\/v2\/product_brand?post=42621"},{"taxonomy":"product_cat","embeddable":true,"href":"https:\/\/www.mysexualfantasy.eu\/en\/wp-json\/wp\/v2\/product_cat?post=42621"},{"taxonomy":"product_tag","embeddable":true,"href":"https:\/\/www.mysexualfantasy.eu\/en\/wp-json\/wp\/v2\/product_tag?post=42621"}],"curies":[{"name":"wp","href":"https:\/\/api.w.org\/{rel}","templated":true}]}}