{"id":43588,"date":"2023-01-13T11:48:55","date_gmt":"2023-01-13T11:48:55","guid":{"rendered":"https:\/\/www.mysexualfantasy.eu\/?post_type=product&#038;p=43588"},"modified":"2023-12-06T15:50:29","modified_gmt":"2023-12-06T15:50:29","slug":"tenga-u-s-extra-grande-tubo-blando","status":"publish","type":"product","link":"https:\/\/www.mysexualfantasy.eu\/en\/product\/tenga-u-s-extra-grande-tubo-blando\/","title":{"rendered":"TENGA U.S. EXTRA GRANDE TUBO BLANDO"},"content":{"rendered":"<p>Es el innovador masturbador masculino, que ha revolucionado los juguetes de placer para el hombre.<\/p>\n<p>Est\u00e9ticamente ha sido dise\u00f1ado con la apariencia de un estiloso producto cosm\u00e9tico, evitando la imitaci\u00f3n visual de \u00f3rgano sexual alguno.<\/p>\n<p>Estructuralmente la combinaci\u00f3n de materiales y formas ergon\u00f3micamente complejas hacen de TENGA el masturbador m\u00e1s innovador del mercado.<\/p>\n<p>Modelo para una felaci\u00f3n total y succi\u00f3n extra.<\/p>\n<p>Para aquellos con mayor tama\u00f1o, o que simplemente prefieren una sensaci\u00f3n menos ajustada. Adem\u00e1s su mayor volumen proporciona una succi\u00f3n incrementada y extraordinaria.<\/p>\n<p>Producto prelubricado.<\/p>\n<p>Dise\u00f1ado para un solo uso.<\/p>\n<p>Siente el otro lado de la masturbaci\u00f3n.<\/p>","protected":false},"excerpt":{"rendered":"<p>TENGA U.S. ULTRA SIZE SOFT TUBE CUP<\/p>","protected":false},"featured_media":43589,"comment_status":"open","ping_status":"closed","template":"","meta":{"_monsterinsights_skip_tracking":false,"_monsterinsights_sitenote_active":false,"_monsterinsights_sitenote_note":"","_monsterinsights_sitenote_category":0,"_joinchat":[]},"product_brand":[],"product_cat":[1152,1160,1167,1168],"product_tag":[],"class_list":{"0":"post-43588","1":"product","2":"type-product","3":"status-publish","4":"has-post-thumbnail","6":"product_cat-juguetes-bienestar","7":"product_cat-juguetes-bienestar-juguetes-para-hombres","8":"product_cat-juguetes-bienestar-juguetes-para-hombresmasturbadores-para-ellos","9":"product_cat-juguetes-bienestar-juguetes-para-hombresvaginas-y-anos","10":"yith_product_brand-tenga","12":"first","13":"instock","14":"taxable","15":"shipping-taxable","16":"purchasable","17":"product-type-simple"},"aioseo_notices":[],"_links":{"self":[{"href":"https:\/\/www.mysexualfantasy.eu\/en\/wp-json\/wp\/v2\/product\/43588","targetHints":{"allow":["GET"]}}],"collection":[{"href":"https:\/\/www.mysexualfantasy.eu\/en\/wp-json\/wp\/v2\/product"}],"about":[{"href":"https:\/\/www.mysexualfantasy.eu\/en\/wp-json\/wp\/v2\/types\/product"}],"replies":[{"embeddable":true,"href":"https:\/\/www.mysexualfantasy.eu\/en\/wp-json\/wp\/v2\/comments?post=43588"}],"wp:featuredmedia":[{"embeddable":true,"href":"https:\/\/www.mysexualfantasy.eu\/en\/wp-json\/wp\/v2\/media\/43589"}],"wp:attachment":[{"href":"https:\/\/www.mysexualfantasy.eu\/en\/wp-json\/wp\/v2\/media?parent=43588"}],"wp:term":[{"taxonomy":"product_brand","embeddable":true,"href":"https:\/\/www.mysexualfantasy.eu\/en\/wp-json\/wp\/v2\/product_brand?post=43588"},{"taxonomy":"product_cat","embeddable":true,"href":"https:\/\/www.mysexualfantasy.eu\/en\/wp-json\/wp\/v2\/product_cat?post=43588"},{"taxonomy":"product_tag","embeddable":true,"href":"https:\/\/www.mysexualfantasy.eu\/en\/wp-json\/wp\/v2\/product_tag?post=43588"}],"curies":[{"name":"wp","href":"https:\/\/api.w.org\/{rel}","templated":true}]}}