{"id":4481,"date":"2023-01-13T12:16:01","date_gmt":"2023-01-13T12:16:01","guid":{"rendered":"https:\/\/www.mysexualfantasy.eu\/?post_type=product&#038;p=4481"},"modified":"2023-12-06T17:10:14","modified_gmt":"2023-12-06T17:10:14","slug":"blanchet-negro-corset-con-liguero-by-casmir-l-xl","status":"publish","type":"product","link":"https:\/\/www.mysexualfantasy.eu\/en\/product\/blanchet-negro-corset-con-liguero-by-casmir-l-xl\/","title":{"rendered":"BLANCHET NEGRO CORSET CON LIGUERO BY CASMIR L\/XL"},"content":{"rendered":"<p>Blanchet es un precioso corset con liguero de color negro satin brillo con encajes, la zona del busto incluye copa realzadora y la parte inferior una blonda negra,\u00a0 el tanga de la misma tela a juego esta incluido.<\/p>\n<ul>\n<li>Sensual y elegante conjunto\u00a0 de alta gama que te har\u00e1 marcar la diferencia!<\/li>\n<\/ul>\n<p>Siente la experiencia Casmir\u00a0 y dejate llevar!<\/p>\n<p><span style=\"color:0000cd;\"><strong>Casmir <\/strong><\/span>es una de las marcas m\u00e1s sensuales de ropa interior er\u00f3tica, es una marca de lencer\u00eda, corseter\u00eda y trajes de ba\u00f1o que realiza prendas originales fortaleciendo con ellas la imagen interior que cada mujer tiene de si misma.<\/p>\n<p>A trav\u00e9s de <span style=\"color:0000cd;\"><strong>Casmir <\/strong><\/span>las mujeres, son invitadas a consolidar su autoestima, explorar su femeneidad, explotar su poder de sensualidad y seducci\u00f3n, provocando en base al juego.<\/p>\n<p>Medidas por tallas;<\/p>\n<p style=\"text-align: center;\"><img decoding=\"async\" alt=\"\" src=\"https:\/\/interno.dreamlove.es\/UserFiles\/images\/CASMIR%20ESPANOL.png\" style=\"line-height: 20.8px; text-align: center; width: 444px; height: 176px;\" \/><\/p>","protected":false},"excerpt":{"rendered":"<p>BLANCHET BLACK CORSET, GSTRING BY CASMIR L\/XL<\/p>","protected":false},"featured_media":48105,"comment_status":"open","ping_status":"closed","template":"","meta":{"_monsterinsights_skip_tracking":false,"_monsterinsights_sitenote_active":false,"_monsterinsights_sitenote_note":"","_monsterinsights_sitenote_category":0,"_joinchat":[]},"product_brand":[],"product_cat":[1447,1196,1197,1199,1166,1445],"product_tag":[],"class_list":{"0":"post-4481","1":"product","2":"type-product","3":"status-publish","4":"has-post-thumbnail","6":"product_cat-moda-lencerialenceria-mujerlenceria-picantecorsets","7":"product_cat-moda-lencerialenceria-mujer","8":"product_cat-moda-lencerialenceria-mujerlenceria-picante","9":"product_cat-moda-lencerialenceria-mujerlenceria-sexy","10":"product_cat-moda-lenceria","11":"product_cat-moda-lencerialenceria-mujerlenceria-picantesets-con-liguero","12":"yith_product_brand-casmir","14":"first","15":"instock","16":"taxable","17":"shipping-taxable","18":"purchasable","19":"product-type-simple"},"aioseo_notices":[],"_links":{"self":[{"href":"https:\/\/www.mysexualfantasy.eu\/en\/wp-json\/wp\/v2\/product\/4481","targetHints":{"allow":["GET"]}}],"collection":[{"href":"https:\/\/www.mysexualfantasy.eu\/en\/wp-json\/wp\/v2\/product"}],"about":[{"href":"https:\/\/www.mysexualfantasy.eu\/en\/wp-json\/wp\/v2\/types\/product"}],"replies":[{"embeddable":true,"href":"https:\/\/www.mysexualfantasy.eu\/en\/wp-json\/wp\/v2\/comments?post=4481"}],"wp:featuredmedia":[{"embeddable":true,"href":"https:\/\/www.mysexualfantasy.eu\/en\/wp-json\/wp\/v2\/media\/48105"}],"wp:attachment":[{"href":"https:\/\/www.mysexualfantasy.eu\/en\/wp-json\/wp\/v2\/media?parent=4481"}],"wp:term":[{"taxonomy":"product_brand","embeddable":true,"href":"https:\/\/www.mysexualfantasy.eu\/en\/wp-json\/wp\/v2\/product_brand?post=4481"},{"taxonomy":"product_cat","embeddable":true,"href":"https:\/\/www.mysexualfantasy.eu\/en\/wp-json\/wp\/v2\/product_cat?post=4481"},{"taxonomy":"product_tag","embeddable":true,"href":"https:\/\/www.mysexualfantasy.eu\/en\/wp-json\/wp\/v2\/product_tag?post=4481"}],"curies":[{"name":"wp","href":"https:\/\/api.w.org\/{rel}","templated":true}]}}