{"id":46037,"date":"2023-01-13T12:07:09","date_gmt":"2023-01-13T12:07:09","guid":{"rendered":"https:\/\/www.mysexualfantasy.eu\/?post_type=product&#038;p=46037"},"modified":"2023-12-06T16:08:37","modified_gmt":"2023-12-06T16:08:37","slug":"calex-bel-air-bombshell-light-green","status":"publish","type":"product","link":"https:\/\/www.mysexualfantasy.eu\/en\/product\/calex-bel-air-bombshell-light-green\/","title":{"rendered":"CALEX BEL AIR BOMBSHELL LIGHT GREEN"},"content":{"rendered":"<p>Sum\u00e9rgete en piscinas de placer y fantas\u00edas ba\u00f1adas por el sol con el elegante California Dreaming Bel Air Bombshell. El lujoso masajeador tiene 10 funciones de vibraci\u00f3n intensa, 3 funciones de rotaci\u00f3n del eje independientes y un teaser triple \u00fanico para una experiencia de placer \u00fanica en su tipo.<\/p>\n<p>El cuerpo de silicona sin costuras y el teaser parpadeante emiten una estimulaci\u00f3n que hace temblar las rodillas dentro y fuera del agua. Ya sea que est\u00e9 buscando subir la temperatura con un amante o simplemente disfrutar de un momento sensual a solas, este deslumbrante conejo est\u00e1 listo.<\/p>\n<p>\u00a0Mientras que el teaser de conejito contorneado parpadea y se mueve con su cuerpo, las 3 velocidades de las cuentas giratorias en el eje brindan una estimulaci\u00f3n emocionante del punto G. Controle y personalice su juego de placer con las funciones de rotaci\u00f3n del eje controladas de forma independiente y las funciones de vibraci\u00f3n teaser.<\/p>\n<p>\u00a0\u00a1Los giros que hacen temblar las rodillas en este ambiente l\u00fadico no son para los d\u00e9biles de coraz\u00f3n!<\/p>\n<p>\u00a0Los motores de triple potencia emiten profundas vibraciones retumbantes y una potente succi\u00f3n.<\/p>\n<p>Recargue el masajeador en 2,5 horas con el cable de carga USB provisto para disfrutar de 35 minutos de estimulaci\u00f3n de alta velocidad o 90 minutos de vibraciones de baja velocidad.<\/p>\n<p>Disfrute de un control sin frustraciones con el panel de control de 3 botones f\u00e1cil de tocar y la funci\u00f3n de bloqueo de seguridad para burlas listas para viajar.<\/p>\n<p>El cuerpo pr\u00e1cticamente sin costuras y el puerto de carga con autosellado le permiten disfrutar de esta vibra impermeable vers\u00e1til para darse un chapuz\u00f3n. La silicona premium hipoalerg\u00e9nica es segura para el cuerpo, sin perfume y libre de ftalatos para mantener los puntos m\u00e1s sensibles, felices y saludables.<\/p>\n<ul>\n<li>Potente masajeador vibratorio y giratorio m\u00e1s teaser de triple aleteo<\/li>\n<li>3 velocidades de acci\u00f3n giratoria m\u00e1s vibraci\u00f3n en el eje<\/li>\n<li>10 funciones de vibraci\u00f3n, pulsaci\u00f3n y escalada en el estimulador<\/li>\n<li>motores triples<\/li>\n<li>Silicona segura para el cuerpo.<\/li>\n<li>El chip de memoria de \u00faltima generaci\u00f3n se reanuda con la \u00faltima funci\u00f3n utilizada<\/li>\n<li>F\u00e1cil control de bot\u00f3n con funci\u00f3n de bloqueo de seguridad para viajes<\/li>\n<li>USB recargable &#8211; cable de carga incluido<\/li>\n<li>Carga completa en 2,5 horas<\/li>\n<li>Funciona durante 35 minutos a alta velocidad y 90 minutos a baja velocidad<\/li>\n<li>Dimensiones del producto 12,75 x 3,25 cm (eje)  5 x 2,5 cm (estimulador)<\/li>\n<li>di\u00e1metro 3,25 cm<\/li>\n<li>Longitud insertable 12,75 cm<\/li>\n<li>Modos de vibraci\u00f3n 10<\/li>\n<li>Modos de velocidad 3<\/li>\n<li>Resistencia al agua S\u00ed<\/li>\n<li>seguro para el cuerpo si<\/li>\n<li>Material Silicona (masajeador) ABS con revestimiento met\u00e1lico (decoraci\u00f3n)<\/li>\n<li>USB recargable recargable<\/li>\n<li>Tiempo de carga en minutos 150<\/li>\n<li>Tiempo de funcionamiento en minutos 60<\/li>\n<\/ul>","protected":false},"excerpt":{"rendered":"<p>CALEX BEL AIR BOMBSHELL LIGHT GREEN<\/p>","protected":false},"featured_media":46038,"comment_status":"open","ping_status":"closed","template":"","meta":{"_monsterinsights_skip_tracking":false,"_monsterinsights_sitenote_active":false,"_monsterinsights_sitenote_note":"","_monsterinsights_sitenote_category":0,"_joinchat":[]},"product_brand":[],"product_cat":[1193,1152,1155,1165,1153,1192,1293,1195],"product_tag":[],"class_list":{"0":"post-46037","1":"product","2":"type-product","3":"status-publish","4":"has-post-thumbnail","6":"product_cat-juguetes-bienestar-vibradores100-sumergible","7":"product_cat-juguetes-bienestar","8":"product_cat-juguetes-bienestar-juguetes-para-mujeres","9":"product_cat-juguetes-bienestar-juguetes-para-mujeresmasturbadores-para-ellas","10":"product_cat-juguetes-bienestar-vibradores","11":"product_cat-juguetes-bienestar-vibradoresvibradores-hi-tech","12":"product_cat-juguetes-bienestar-vibradoresvibradores-punto-g","13":"product_cat-juguetes-bienestar-vibradoresvibradores-rabbit","14":"yith_product_brand-california-exotics","16":"first","17":"instock","18":"taxable","19":"shipping-taxable","20":"purchasable","21":"product-type-simple"},"aioseo_notices":[],"_links":{"self":[{"href":"https:\/\/www.mysexualfantasy.eu\/en\/wp-json\/wp\/v2\/product\/46037","targetHints":{"allow":["GET"]}}],"collection":[{"href":"https:\/\/www.mysexualfantasy.eu\/en\/wp-json\/wp\/v2\/product"}],"about":[{"href":"https:\/\/www.mysexualfantasy.eu\/en\/wp-json\/wp\/v2\/types\/product"}],"replies":[{"embeddable":true,"href":"https:\/\/www.mysexualfantasy.eu\/en\/wp-json\/wp\/v2\/comments?post=46037"}],"wp:featuredmedia":[{"embeddable":true,"href":"https:\/\/www.mysexualfantasy.eu\/en\/wp-json\/wp\/v2\/media\/46038"}],"wp:attachment":[{"href":"https:\/\/www.mysexualfantasy.eu\/en\/wp-json\/wp\/v2\/media?parent=46037"}],"wp:term":[{"taxonomy":"product_brand","embeddable":true,"href":"https:\/\/www.mysexualfantasy.eu\/en\/wp-json\/wp\/v2\/product_brand?post=46037"},{"taxonomy":"product_cat","embeddable":true,"href":"https:\/\/www.mysexualfantasy.eu\/en\/wp-json\/wp\/v2\/product_cat?post=46037"},{"taxonomy":"product_tag","embeddable":true,"href":"https:\/\/www.mysexualfantasy.eu\/en\/wp-json\/wp\/v2\/product_tag?post=46037"}],"curies":[{"name":"wp","href":"https:\/\/api.w.org\/{rel}","templated":true}]}}