{"id":46155,"date":"2023-01-13T12:07:44","date_gmt":"2023-01-13T12:07:44","guid":{"rendered":"https:\/\/www.mysexualfantasy.eu\/?post_type=product&#038;p=46155"},"modified":"2023-12-06T16:09:23","modified_gmt":"2023-12-06T16:09:23","slug":"satisfyer-g-spot-flex-2-multi-vibrador-morado","status":"publish","type":"product","link":"https:\/\/www.mysexualfantasy.eu\/en\/product\/satisfyer-g-spot-flex-2-multi-vibrador-morado\/","title":{"rendered":"SATISFYER G-SPOT FLEX 2 MULTI VIBRADOR &#8211; MORADO"},"content":{"rendered":"<p>El G-Spot Flex 2 estimula el punto G y el cl\u00edtoris como m\u00e1s te guste. El eje flexible permite convertir el vibrador para el punto G en un vibrador tipo conejito. Dos potentes motores hacen que veas las estrellas.<\/p>\n<p><strong>Informaci\u00f3n del producto \u00abSatisfyer G-Spot Flex 2\u00bb<\/strong><\/p>\n<ul>\n<li>Anat\u00f3micamente optimizado: \u00e1ngulo de estimulaci\u00f3n ajustable\n<li>Perfectamente dise\u00f1ado para una estimulaci\u00f3n intensa del punto G\n<li>Fabricado con silicona m\u00e9dica s\u00faper suave e inocua para la piel y con un tacto sedoso y extremadamente higi\u00e9nico\n<li>15 a\u00f1os de garant\u00eda\n<li>Flexible y maleable\n<li>Ideal para la estimulaci\u00f3n del punto G\n<li>Silicona inocua para el cuerpo\n<li>12 programas de vibraci\u00f3n\n<li>Impermeable (IPX7)\n<li>Modo susurro\n<li>Bater\u00eda de iones de litio\n<li>F\u00e1cil de limpiar\n<li>Cable de carga magn\u00e9tico USB incluido<\/ul>\n<p><strong>Estimulaci\u00f3n vers\u00e1til con el G-Spot Flex 2<\/strong><\/p>\n<p>Este vibrador se convertir\u00e1 r\u00e1pidamente en tu favorito. El flexible vibrador se puede utilizar tanto para la estimulaci\u00f3n del punto G como para estimular a la vez el punto G y el cl\u00edtoris. Gracias al cable interno, puedes ajustar el \u00e1ngulo de estimulaci\u00f3n a tus curvas, o transformar esta maravilla en un vibrador tipo conejito con solo un movimiento, para estimular el cl\u00edtoris y el punto G al mismo tiempo con las vibraciones profundas de dos potentes motores. El eje aplanado con punta redondeada recuerda a una lengua que te estimula como m\u00e1s te gusta.<\/p>\n<p><strong>Un vibrador flexible con muchas funciones<\/strong><\/p>\n<p>El G-Spot Flex 2 te estimula con 12 niveles de vibraci\u00f3n, que se pueden controlar f\u00e1cilmente a trav\u00e9s del panel de control. La suave silicona es delicada con la piel y se desliza suavemente dentro de ti. Gracias al acabado resistente al agua (IPX7), no hay nada que te detenga cuando el ambiente se caliente en la ducha o el ba\u00f1o: \u00a1este vibrador te hace feliz cuando y donde quieras!<\/p>","protected":false},"excerpt":{"rendered":"<p>SATISFYER G-SPOT FLEX 2 MULTI VIBRATOR &#8211; PURPLE<\/p>","protected":false},"featured_media":46156,"comment_status":"open","ping_status":"closed","template":"","meta":{"_monsterinsights_skip_tracking":false,"_monsterinsights_sitenote_active":false,"_monsterinsights_sitenote_note":"","_monsterinsights_sitenote_category":0,"_joinchat":[]},"product_brand":[],"product_cat":[1193,1156,1152,1155,1165,1309,1153],"product_tag":[],"class_list":{"0":"post-46155","1":"product","2":"type-product","3":"status-publish","4":"has-post-thumbnail","6":"product_cat-juguetes-bienestar-vibradores100-sumergible","7":"product_cat-juguetes-bienestar-juguetes-para-mujeresestimuladores","8":"product_cat-juguetes-bienestar","9":"product_cat-juguetes-bienestar-juguetes-para-mujeres","10":"product_cat-juguetes-bienestar-juguetes-para-mujeresmasturbadores-para-ellas","11":"product_cat-juguetes-bienestar-juguetes-para-mujerespunto-g","12":"product_cat-juguetes-bienestar-vibradores","13":"yith_product_brand-satisfyer","14":"yith_product_brand-satisfyer-satisfyer-vibrator","16":"first","17":"instock","18":"taxable","19":"shipping-taxable","20":"purchasable","21":"product-type-simple"},"aioseo_notices":[],"_links":{"self":[{"href":"https:\/\/www.mysexualfantasy.eu\/en\/wp-json\/wp\/v2\/product\/46155","targetHints":{"allow":["GET"]}}],"collection":[{"href":"https:\/\/www.mysexualfantasy.eu\/en\/wp-json\/wp\/v2\/product"}],"about":[{"href":"https:\/\/www.mysexualfantasy.eu\/en\/wp-json\/wp\/v2\/types\/product"}],"replies":[{"embeddable":true,"href":"https:\/\/www.mysexualfantasy.eu\/en\/wp-json\/wp\/v2\/comments?post=46155"}],"wp:featuredmedia":[{"embeddable":true,"href":"https:\/\/www.mysexualfantasy.eu\/en\/wp-json\/wp\/v2\/media\/46156"}],"wp:attachment":[{"href":"https:\/\/www.mysexualfantasy.eu\/en\/wp-json\/wp\/v2\/media?parent=46155"}],"wp:term":[{"taxonomy":"product_brand","embeddable":true,"href":"https:\/\/www.mysexualfantasy.eu\/en\/wp-json\/wp\/v2\/product_brand?post=46155"},{"taxonomy":"product_cat","embeddable":true,"href":"https:\/\/www.mysexualfantasy.eu\/en\/wp-json\/wp\/v2\/product_cat?post=46155"},{"taxonomy":"product_tag","embeddable":true,"href":"https:\/\/www.mysexualfantasy.eu\/en\/wp-json\/wp\/v2\/product_tag?post=46155"}],"curies":[{"name":"wp","href":"https:\/\/api.w.org\/{rel}","templated":true}]}}