{"id":46165,"date":"2023-01-13T12:07:47","date_gmt":"2023-01-13T12:07:47","guid":{"rendered":"https:\/\/www.mysexualfantasy.eu\/?post_type=product&#038;p=46165"},"modified":"2023-12-06T14:57:27","modified_gmt":"2023-12-06T14:57:27","slug":"nalone-loli-masajeador-control-remoto-negro","status":"publish","type":"product","link":"https:\/\/www.mysexualfantasy.eu\/en\/product\/nalone-loli-masajeador-control-remoto-negro\/","title":{"rendered":"NALONE LOLI MASAJEADOR CONTROL REMOTO &#8211; NEGRO"},"content":{"rendered":"<p>Loli es un nuevo masajeador controlado por control remoto. Elegante, moderno y un dise\u00f1o muy especial\u00a0 y disponible para las partes \u00edntimas de la mujer. Con 7 modos de vibraci\u00f3n y 5 modos \u00abimpinge\u00bb que te dar\u00e1n el placer m\u00e1s alto y alocado que jam\u00e1s hayas tenido.\u00a0<\/p>\n<p>Caracter\u00edsticas:\u00a0<\/p>\n<ul>\n<li>Material: Silicona y ABS<\/li>\n<li>Carga magn\u00e9tica<\/li>\n<li>7 modos de vibraci\u00f3n<\/li>\n<li>5 modos Impinge<\/li>\n<li>Color: Negro<\/li>\n<\/ul>\n<p>Ahora con Nalone, placer como nunca antes. No est\u00e1s sol@<\/p>","protected":false},"excerpt":{"rendered":"<p>NALONE LOLI REMOTE CONTROL MASSAGER &#8211; BLACK<\/p>","protected":false},"featured_media":46166,"comment_status":"open","ping_status":"closed","template":"","meta":{"_monsterinsights_skip_tracking":false,"_monsterinsights_sitenote_active":false,"_monsterinsights_sitenote_note":"","_monsterinsights_sitenote_category":0,"_joinchat":[]},"product_brand":[],"product_cat":[1162,1152,1189,1153,1154],"product_tag":[],"class_list":{"0":"post-46165","1":"product","2":"type-product","3":"status-publish","4":"has-post-thumbnail","6":"product_cat-juguetes-bienestar-anal","7":"product_cat-juguetes-bienestar","8":"product_cat-juguetes-bienestar-analplugs-anales","9":"product_cat-juguetes-bienestar-vibradores","10":"product_cat-juguetes-bienestar-vibradoresvibradores-control-remoto","11":"yith_product_brand-nalone","13":"first","14":"instock","15":"taxable","16":"shipping-taxable","17":"purchasable","18":"product-type-simple"},"aioseo_notices":[],"_links":{"self":[{"href":"https:\/\/www.mysexualfantasy.eu\/en\/wp-json\/wp\/v2\/product\/46165","targetHints":{"allow":["GET"]}}],"collection":[{"href":"https:\/\/www.mysexualfantasy.eu\/en\/wp-json\/wp\/v2\/product"}],"about":[{"href":"https:\/\/www.mysexualfantasy.eu\/en\/wp-json\/wp\/v2\/types\/product"}],"replies":[{"embeddable":true,"href":"https:\/\/www.mysexualfantasy.eu\/en\/wp-json\/wp\/v2\/comments?post=46165"}],"wp:featuredmedia":[{"embeddable":true,"href":"https:\/\/www.mysexualfantasy.eu\/en\/wp-json\/wp\/v2\/media\/46166"}],"wp:attachment":[{"href":"https:\/\/www.mysexualfantasy.eu\/en\/wp-json\/wp\/v2\/media?parent=46165"}],"wp:term":[{"taxonomy":"product_brand","embeddable":true,"href":"https:\/\/www.mysexualfantasy.eu\/en\/wp-json\/wp\/v2\/product_brand?post=46165"},{"taxonomy":"product_cat","embeddable":true,"href":"https:\/\/www.mysexualfantasy.eu\/en\/wp-json\/wp\/v2\/product_cat?post=46165"},{"taxonomy":"product_tag","embeddable":true,"href":"https:\/\/www.mysexualfantasy.eu\/en\/wp-json\/wp\/v2\/product_tag?post=46165"}],"curies":[{"name":"wp","href":"https:\/\/api.w.org\/{rel}","templated":true}]}}