{"id":46188,"date":"2023-01-13T12:07:50","date_gmt":"2023-01-13T12:07:50","guid":{"rendered":"https:\/\/www.mysexualfantasy.eu\/?post_type=product&#038;p=46188"},"modified":"2023-12-06T16:09:33","modified_gmt":"2023-12-06T16:09:33","slug":"calex-long-beach-bootylicious-purple","status":"publish","type":"product","link":"https:\/\/www.mysexualfantasy.eu\/en\/product\/calex-long-beach-bootylicious-purple\/","title":{"rendered":"CALEX LONG BEACH BOOTYLICIOUS PURPLE"},"content":{"rendered":"<p>Entr\u00e9gate a tus fantas\u00edas m\u00e1s salvajes con el California Dreaming Long Beach Bootylicious. Experimenta el placer como nunca antes con el potente masajeador de triple acci\u00f3n con eje, cola y estimuladores. El potente masajeador de doble penetraci\u00f3n utiliza 3 velocidades de vibraci\u00f3n a trav\u00e9s del eje curvado sensualmente para una penetraci\u00f3n provocativa en el punto G.<\/p>\n<p>Mientras que una cola BEDDED emociona a todos los amantes del placer de la puerta trasera, un teaser BEDDED parpadea al ritmo de 10 potentes funciones de vibraci\u00f3n. Las funciones r\u00edtmicas de vibraciones vibratorias brindan una estimulaci\u00f3n del cl\u00edtoris que detiene el espect\u00e1culo, mientras que el eje contorneado se entrega con vibradores profundos y retumbantes.<\/p>\n<p>Controla y personaliza tu juego de placer con las funciones de vibraci\u00f3n controladas de forma independiente. Recarga el masajeador en 2,5 horas con el cable de carga USB proporcionado para disfrutar de 45 minutos de estimulaci\u00f3n de alta velocidad o 90 minutos de vibraciones de baja velocidad.<\/p>\n<p>Disfrute de un control sin frustraciones con el panel de control de 3 botones f\u00e1cil de tocar y la funci\u00f3n de bloqueo de seguridad para burlas listas para viajar. El cuerpo pr\u00e1cticamente sin costuras y el puerto de carga con autosellado le permiten disfrutar de esta vibra impermeable vers\u00e1til para darse un chapuz\u00f3n. La silicona premium hipoalerg\u00e9nica es segura para el cuerpo, sin perfume y libre de ftalatos para mantener los puntos m\u00e1s sensibles, felices y saludables.<\/p>\n<ul>\n<li>Potente masajeador de triple acci\u00f3n con vibraci\u00f3n en eje, estimulador y cola<\/li>\n<li>3 velocidades de vibraci\u00f3n en el eje<\/li>\n<li>10 funciones de vibraci\u00f3n, pulsaci\u00f3n y escalada en el estimulador de cuentas y cola<\/li>\n<li>Motores triples<\/li>\n<li>Silicona segura para el cuerpo.<\/li>\n<li>El chip de memoria de \u00faltima generaci\u00f3n se reanuda con la \u00faltima funci\u00f3n utilizada<\/li>\n<li>F\u00e1cil control de bot\u00f3n con funci\u00f3n de bloqueo de seguridad para viajes<\/li>\n<li>USB recargable &#8211; cable de carga incluido<\/li>\n<li>Carga completa en 2,5 horas<\/li>\n<li>Funciona durante 35 minutos a alta velocidad y 90 minutos a baja velocidad<\/li>\n<li>Dimensiones del producto 11,5 x 3,25 cm (eje)  3,75 x 2 cm (estimulador)  7,5 x 2 cm (cola)<\/li>\n<li>Di\u00e1metro 3,25 cm<\/li>\n<li>Longitud insertable 11,5 cm<\/li>\n<li>Modos de vibraci\u00f3n 10<\/li>\n<li>Modos de velocidad 3<\/li>\n<li>Resistencia al agua\u00a0<\/li>\n<li>Material Silicona (masajeador) ABS con revestimiento met\u00e1lico (decoraci\u00f3n)<\/li>\n<li>USB recargable recargable<\/li>\n<li>Tiempo de carga en minutos 150<\/li>\n<li>Tiempo de funcionamiento en minutos 60<\/li>\n<\/ul>\n<p>\u00a0<\/p>","protected":false},"excerpt":{"rendered":"<p>CALEX LONG BEACH BOOTYLICIOUS PURPLE<\/p>","protected":false},"featured_media":46189,"comment_status":"open","ping_status":"closed","template":"","meta":{"_monsterinsights_skip_tracking":false,"_monsterinsights_sitenote_active":false,"_monsterinsights_sitenote_note":"","_monsterinsights_sitenote_category":0,"_joinchat":[]},"product_brand":[],"product_cat":[1193,1152,1155,1165,1153,1192,1195],"product_tag":[],"class_list":{"0":"post-46188","1":"product","2":"type-product","3":"status-publish","4":"has-post-thumbnail","6":"product_cat-juguetes-bienestar-vibradores100-sumergible","7":"product_cat-juguetes-bienestar","8":"product_cat-juguetes-bienestar-juguetes-para-mujeres","9":"product_cat-juguetes-bienestar-juguetes-para-mujeresmasturbadores-para-ellas","10":"product_cat-juguetes-bienestar-vibradores","11":"product_cat-juguetes-bienestar-vibradoresvibradores-hi-tech","12":"product_cat-juguetes-bienestar-vibradoresvibradores-rabbit","13":"yith_product_brand-california-exotics","15":"first","16":"instock","17":"taxable","18":"shipping-taxable","19":"purchasable","20":"product-type-simple"},"aioseo_notices":[],"_links":{"self":[{"href":"https:\/\/www.mysexualfantasy.eu\/en\/wp-json\/wp\/v2\/product\/46188","targetHints":{"allow":["GET"]}}],"collection":[{"href":"https:\/\/www.mysexualfantasy.eu\/en\/wp-json\/wp\/v2\/product"}],"about":[{"href":"https:\/\/www.mysexualfantasy.eu\/en\/wp-json\/wp\/v2\/types\/product"}],"replies":[{"embeddable":true,"href":"https:\/\/www.mysexualfantasy.eu\/en\/wp-json\/wp\/v2\/comments?post=46188"}],"wp:featuredmedia":[{"embeddable":true,"href":"https:\/\/www.mysexualfantasy.eu\/en\/wp-json\/wp\/v2\/media\/46189"}],"wp:attachment":[{"href":"https:\/\/www.mysexualfantasy.eu\/en\/wp-json\/wp\/v2\/media?parent=46188"}],"wp:term":[{"taxonomy":"product_brand","embeddable":true,"href":"https:\/\/www.mysexualfantasy.eu\/en\/wp-json\/wp\/v2\/product_brand?post=46188"},{"taxonomy":"product_cat","embeddable":true,"href":"https:\/\/www.mysexualfantasy.eu\/en\/wp-json\/wp\/v2\/product_cat?post=46188"},{"taxonomy":"product_tag","embeddable":true,"href":"https:\/\/www.mysexualfantasy.eu\/en\/wp-json\/wp\/v2\/product_tag?post=46188"}],"curies":[{"name":"wp","href":"https:\/\/api.w.org\/{rel}","templated":true}]}}