{"id":4621,"date":"2023-01-13T12:12:28","date_gmt":"2023-01-13T12:12:28","guid":{"rendered":"https:\/\/www.mysexualfantasy.eu\/?post_type=product&#038;p=4621"},"modified":"2023-12-06T16:23:35","modified_gmt":"2023-12-06T16:23:35","slug":"lilly-latigo-de-flecos","status":"publish","type":"product","link":"https:\/\/www.mysexualfantasy.eu\/en\/product\/lilly-latigo-de-flecos\/","title":{"rendered":"LILLY LATIGO DE FLECOS"},"content":{"rendered":"<p>El \u00faltimo capricho para amantes de Bijoux Indiscrets se llama Lilly, un l\u00e1tigo de suaves flecos para acariciar y castigar&#8230; de placer. Un vibrante juego de fantas\u00eda que agita la sensualidad y no produce dolor.<\/p>\n<p>Contenido:<strong> L\u00e1tigo de flecos<\/strong>.<\/p>","protected":false},"excerpt":{"rendered":"<p>LILLY LATIGO DE FLECOS<\/p>","protected":false},"featured_media":47324,"comment_status":"open","ping_status":"closed","template":"","meta":{"_monsterinsights_skip_tracking":false,"_monsterinsights_sitenote_active":false,"_monsterinsights_sitenote_note":"","_monsterinsights_sitenote_category":0,"_joinchat":[]},"product_brand":[],"product_cat":[1176,1175,1152,1404,1166],"product_tag":[],"class_list":{"0":"post-4621","1":"product","2":"type-product","3":"status-publish","4":"has-post-thumbnail","6":"product_cat-bdsm-bondage-articulos-bdsm","7":"product_cat-bdsm-bondage","8":"product_cat-juguetes-bienestar","9":"product_cat-bdsm-bondage-articulos-bdsmlatigos-bdsm","10":"product_cat-moda-lenceria","11":"yith_product_brand-bijoux-indiscrets","13":"first","14":"instock","15":"taxable","16":"shipping-taxable","17":"purchasable","18":"product-type-simple"},"aioseo_notices":[],"_links":{"self":[{"href":"https:\/\/www.mysexualfantasy.eu\/en\/wp-json\/wp\/v2\/product\/4621","targetHints":{"allow":["GET"]}}],"collection":[{"href":"https:\/\/www.mysexualfantasy.eu\/en\/wp-json\/wp\/v2\/product"}],"about":[{"href":"https:\/\/www.mysexualfantasy.eu\/en\/wp-json\/wp\/v2\/types\/product"}],"replies":[{"embeddable":true,"href":"https:\/\/www.mysexualfantasy.eu\/en\/wp-json\/wp\/v2\/comments?post=4621"}],"wp:featuredmedia":[{"embeddable":true,"href":"https:\/\/www.mysexualfantasy.eu\/en\/wp-json\/wp\/v2\/media\/47324"}],"wp:attachment":[{"href":"https:\/\/www.mysexualfantasy.eu\/en\/wp-json\/wp\/v2\/media?parent=4621"}],"wp:term":[{"taxonomy":"product_brand","embeddable":true,"href":"https:\/\/www.mysexualfantasy.eu\/en\/wp-json\/wp\/v2\/product_brand?post=4621"},{"taxonomy":"product_cat","embeddable":true,"href":"https:\/\/www.mysexualfantasy.eu\/en\/wp-json\/wp\/v2\/product_cat?post=4621"},{"taxonomy":"product_tag","embeddable":true,"href":"https:\/\/www.mysexualfantasy.eu\/en\/wp-json\/wp\/v2\/product_tag?post=4621"}],"curies":[{"name":"wp","href":"https:\/\/api.w.org\/{rel}","templated":true}]}}