{"id":46224,"date":"2023-01-13T12:07:57","date_gmt":"2023-01-13T12:07:57","guid":{"rendered":"https:\/\/www.mysexualfantasy.eu\/?post_type=product&#038;p=46224"},"modified":"2023-12-06T16:09:49","modified_gmt":"2023-12-06T16:09:49","slug":"coverme-g-spot-vibrator-10-velocidades","status":"publish","type":"product","link":"https:\/\/www.mysexualfantasy.eu\/en\/product\/coverme-g-spot-vibrator-10-velocidades\/","title":{"rendered":"COVERME &#8211; G-SPOT VIBRATOR 10 VELOCIDADES"},"content":{"rendered":"<p>La nueva colecci\u00f3n de COVERME, est\u00e1 dise\u00f1ada y pensada para desarrollar las fantas\u00edas que siempre has pensado y que han llenado tu mente con la garant\u00eda de un juguete de primera calidad. COVERME arrasa gracias a sus potentes motores de baja frecuencia. La silicona suave y sedosa realza la belleza de un juguete que siempre deja el deseo de volver a utilizarlo.<\/p>\n<p>El juguete que tiene en sus manos es una cristalizaci\u00f3n de nuestro car\u00e1cter constante. Una apariencia elegante, el tacto natural y perfecto, la estimulaci\u00f3n y vibraci\u00f3n son nuestras exigencias b\u00e1sicas. Bajo su pura y suave apariencia hay compromiso con la protecci\u00f3n del medio ambiente.<\/p>\n<p><strong>Especificaciones:<\/strong><\/p>\n<ul>\n<li>10 modos de vibraci\u00f3n<\/li>\n<li>Motor super\u00a0potente<\/li>\n<li>Ergon\u00f3mico<\/li>\n<li>Recargable por USB<\/li>\n<li>Impermeable IPX7<\/li>\n<li>Silicona s\u00faper suave y ABS<\/li>\n<li>Material seguro para el cuerpo<\/li>\n<li>Libre de\u00a0ftalatos<\/li>\n<li><strong>Regalo\u00a0<\/strong>Lubricante WATERFEEL Neutro 6 ml<\/li>\n<\/ul>","protected":false},"excerpt":{"rendered":"<p>COVERME &#8211; G-SPOT VIBRATOR 10 SPEEDS<\/p>","protected":false},"featured_media":46225,"comment_status":"open","ping_status":"closed","template":"","meta":{"_monsterinsights_skip_tracking":false,"_monsterinsights_sitenote_active":false,"_monsterinsights_sitenote_note":"","_monsterinsights_sitenote_category":0,"_joinchat":[]},"product_brand":[],"product_cat":[1152,1155,1165,1309,1153],"product_tag":[],"class_list":{"0":"post-46224","1":"product","2":"type-product","3":"status-publish","4":"has-post-thumbnail","6":"product_cat-juguetes-bienestar","7":"product_cat-juguetes-bienestar-juguetes-para-mujeres","8":"product_cat-juguetes-bienestar-juguetes-para-mujeresmasturbadores-para-ellas","9":"product_cat-juguetes-bienestar-juguetes-para-mujerespunto-g","10":"product_cat-juguetes-bienestar-vibradores","11":"yith_product_brand-coverme","13":"first","14":"instock","15":"taxable","16":"shipping-taxable","17":"purchasable","18":"product-type-simple"},"aioseo_notices":[],"_links":{"self":[{"href":"https:\/\/www.mysexualfantasy.eu\/en\/wp-json\/wp\/v2\/product\/46224","targetHints":{"allow":["GET"]}}],"collection":[{"href":"https:\/\/www.mysexualfantasy.eu\/en\/wp-json\/wp\/v2\/product"}],"about":[{"href":"https:\/\/www.mysexualfantasy.eu\/en\/wp-json\/wp\/v2\/types\/product"}],"replies":[{"embeddable":true,"href":"https:\/\/www.mysexualfantasy.eu\/en\/wp-json\/wp\/v2\/comments?post=46224"}],"wp:featuredmedia":[{"embeddable":true,"href":"https:\/\/www.mysexualfantasy.eu\/en\/wp-json\/wp\/v2\/media\/46225"}],"wp:attachment":[{"href":"https:\/\/www.mysexualfantasy.eu\/en\/wp-json\/wp\/v2\/media?parent=46224"}],"wp:term":[{"taxonomy":"product_brand","embeddable":true,"href":"https:\/\/www.mysexualfantasy.eu\/en\/wp-json\/wp\/v2\/product_brand?post=46224"},{"taxonomy":"product_cat","embeddable":true,"href":"https:\/\/www.mysexualfantasy.eu\/en\/wp-json\/wp\/v2\/product_cat?post=46224"},{"taxonomy":"product_tag","embeddable":true,"href":"https:\/\/www.mysexualfantasy.eu\/en\/wp-json\/wp\/v2\/product_tag?post=46224"}],"curies":[{"name":"wp","href":"https:\/\/api.w.org\/{rel}","templated":true}]}}