{"id":46241,"date":"2023-01-13T12:08:01","date_gmt":"2023-01-13T12:08:01","guid":{"rendered":"https:\/\/www.mysexualfantasy.eu\/?post_type=product&#038;p=46241"},"modified":"2023-12-06T16:10:31","modified_gmt":"2023-12-06T16:10:31","slug":"satisfyer-tri-ball-2-multi-vibrador-azul","status":"publish","type":"product","link":"https:\/\/www.mysexualfantasy.eu\/en\/product\/satisfyer-tri-ball-2-multi-vibrador-azul\/","title":{"rendered":"SATISFYER TRI BALL 2 MULTI VIBRADOR &#8211; AZUL"},"content":{"rendered":"<p>Experimenta la multifunci\u00f3n como nunca antes&#8230; Tri Ball 2 es un multivibrador que permite estimular varios puntos de placer, \u00a1todo al mismo tiempo!<\/p>\n<p><strong>Informaci\u00f3n del producto \u00abSatisfyer Tri Ball 2\u00bb<\/strong><\/p>\n<ul>\n<li>Anat\u00f3micamente optimizado: \u00e1ngulo de estimulaci\u00f3n ajustable<\/li>\n<li>Tres s\u00faper potentes motores independientes<\/li>\n<li>Perfectamente dise\u00f1ado para una estimulaci\u00f3n intensa del punto G<\/li>\n<li>15 a\u00f1os de garant\u00eda Flexible y maleable<\/li>\n<li>Ideal para la estimulaci\u00f3n del punto G<\/li>\n<li>Silicona inocua para el cuerpo<\/li>\n<li>Impermeable (IPX7)<\/li>\n<li>Modo susurro<\/li>\n<li>Bater\u00eda de iones de litio<\/li>\n<li>Cable de carga magn\u00e9tico USB incluido<\/li>\n<li>F\u00e1cil de limpiar<\/li>\n<\/ul>\n<p><strong>Estimulaci\u00f3n vers\u00e1til con el Tri Ball 2<\/strong><\/p>\n<p>Disfruta de la estimulaci\u00f3n del cl\u00edtoris, la vagina y el ano simult\u00e1neamente gracias al cable flexible y plegable situado en la base del dispositivo. Similar a un vibrador de contacto, Tri Ball 2 permite disfrutar de la estimulaci\u00f3n externa. Gracias al alambre ajustable, se puede ajustar f\u00e1cilmente para adaptarse a su anatom\u00eda y liberar f\u00e1cilmente el placer. Tri Ball 2 es ligeramente m\u00e1s corto que Tri Ball 1, y tiene las bolas m\u00e1s juntas, una forma m\u00e1s curvada y un mango en forma de anillo. Disfruta de las potentes vibraciones gracias a los 3 motores, situados en las bolas firmes. Prueba los 10 programas de vibraci\u00f3n con 5 niveles de intensidad, \u00a1un total de 50 combinaciones de vibraci\u00f3n! Tri Ball 2 est\u00e1 fabricado con silicona inocua para el cuerpo, es recargable e impermeable (IPX7). Si la eficiencia es tu especialidad, \u00a1te damos la bienvenida al maravilloso mundo de los multivibradores!<\/p>","protected":false},"excerpt":{"rendered":"<p>SATISFYER TRI BALL 2 MULTI VIBRATOR &#8211; BLUE<\/p>","protected":false},"featured_media":46242,"comment_status":"open","ping_status":"closed","template":"","meta":{"_monsterinsights_skip_tracking":false,"_monsterinsights_sitenote_active":false,"_monsterinsights_sitenote_note":"","_monsterinsights_sitenote_category":0,"_joinchat":[]},"product_brand":[],"product_cat":[1193,1156,1152,1155,1165,1309,1153,1195],"product_tag":[],"class_list":{"0":"post-46241","1":"product","2":"type-product","3":"status-publish","4":"has-post-thumbnail","6":"product_cat-juguetes-bienestar-vibradores100-sumergible","7":"product_cat-juguetes-bienestar-juguetes-para-mujeresestimuladores","8":"product_cat-juguetes-bienestar","9":"product_cat-juguetes-bienestar-juguetes-para-mujeres","10":"product_cat-juguetes-bienestar-juguetes-para-mujeresmasturbadores-para-ellas","11":"product_cat-juguetes-bienestar-juguetes-para-mujerespunto-g","12":"product_cat-juguetes-bienestar-vibradores","13":"product_cat-juguetes-bienestar-vibradoresvibradores-rabbit","14":"yith_product_brand-satisfyer","15":"yith_product_brand-satisfyer-satisfyer-vibrator","17":"first","18":"instock","19":"taxable","20":"shipping-taxable","21":"purchasable","22":"product-type-simple"},"aioseo_notices":[],"_links":{"self":[{"href":"https:\/\/www.mysexualfantasy.eu\/en\/wp-json\/wp\/v2\/product\/46241","targetHints":{"allow":["GET"]}}],"collection":[{"href":"https:\/\/www.mysexualfantasy.eu\/en\/wp-json\/wp\/v2\/product"}],"about":[{"href":"https:\/\/www.mysexualfantasy.eu\/en\/wp-json\/wp\/v2\/types\/product"}],"replies":[{"embeddable":true,"href":"https:\/\/www.mysexualfantasy.eu\/en\/wp-json\/wp\/v2\/comments?post=46241"}],"wp:featuredmedia":[{"embeddable":true,"href":"https:\/\/www.mysexualfantasy.eu\/en\/wp-json\/wp\/v2\/media\/46242"}],"wp:attachment":[{"href":"https:\/\/www.mysexualfantasy.eu\/en\/wp-json\/wp\/v2\/media?parent=46241"}],"wp:term":[{"taxonomy":"product_brand","embeddable":true,"href":"https:\/\/www.mysexualfantasy.eu\/en\/wp-json\/wp\/v2\/product_brand?post=46241"},{"taxonomy":"product_cat","embeddable":true,"href":"https:\/\/www.mysexualfantasy.eu\/en\/wp-json\/wp\/v2\/product_cat?post=46241"},{"taxonomy":"product_tag","embeddable":true,"href":"https:\/\/www.mysexualfantasy.eu\/en\/wp-json\/wp\/v2\/product_tag?post=46241"}],"curies":[{"name":"wp","href":"https:\/\/api.w.org\/{rel}","templated":true}]}}