{"id":4698,"date":"2023-01-13T11:50:18","date_gmt":"2023-01-13T11:50:18","guid":{"rendered":"https:\/\/www.mysexualfantasy.eu\/?post_type=product&#038;p=4698"},"modified":"2023-12-06T15:56:21","modified_gmt":"2023-12-06T15:56:21","slug":"pretty-love-smart-hot-plus-vibrador-recargable","status":"publish","type":"product","link":"https:\/\/www.mysexualfantasy.eu\/en\/product\/pretty-love-smart-hot-plus-vibrador-recargable\/","title":{"rendered":"PRETTY LOVE &#8211; SMART &#8211; HOT-PLUS VIBRADOR RECARGABLE"},"content":{"rendered":"<p>Elegante vibrador de calidad inigualable que puede ofrecer una estimulaci\u00f3n del cl\u00edtoris altamente irresistible.<\/p>\n<p>Te dar\u00e1 sin duda un paseo inolvidable, al mismo tiempo que se introduce dentro de ti, haci\u00e9ndote sentir a\u00fan m\u00e1s profundamente sus vibraciones, masajeando tu interior.<\/p>\n<ul>\n<li>Se pone caliente al contacto con la piel + temperatura<\/li>\n<li>Recargable\u00a0 a la corriente o al ordenador ( adaptadores incluidos)<\/li>\n<li>Acuatico<\/li>\n<li>100% Silicona<\/li>\n<li>10 Funciones de Vibraci\u00f3n<\/li>\n<li>Doble motor<\/li>\n<li>Muy Silencioso<\/li>\n<li>Fabricado en silicona ABS\/TPR, respetar\u00e1 tu cuerpo y tu piel.<\/li>\n<li>Medidas: 23.5 cm x 3,5 cm.<\/li>\n<li>Incluye practica bolsa de tela para guardar el producto despues de su uso!<\/li>\n<\/ul>\n<p><span style=\"line-height: 20.8px;\">Sin lugar a dudas, quien dijo que todo estaba inventado!!<\/span><\/p>\n<p>Pretty Love fabrica productos con exigentes normas de calidad, todos sus productos estan dise\u00f1ados en Estados Unidos y tienen 1 a\u00f1o de garant\u00eda en defectos tecnicos.<\/p>","protected":false},"excerpt":{"rendered":"<p>PRETTY LOVE &#8211; SMART &#8211; HOT-PLUS VIBRADOR RECARGABLE<\/p>","protected":false},"featured_media":43906,"comment_status":"open","ping_status":"closed","template":"","meta":{"_monsterinsights_skip_tracking":false,"_monsterinsights_sitenote_active":false,"_monsterinsights_sitenote_note":"","_monsterinsights_sitenote_category":0,"_joinchat":[]},"product_brand":[],"product_cat":[1193,1152,1155,1165,1153,1192,1293,1195],"product_tag":[],"class_list":{"0":"post-4698","1":"product","2":"type-product","3":"status-publish","4":"has-post-thumbnail","6":"product_cat-juguetes-bienestar-vibradores100-sumergible","7":"product_cat-juguetes-bienestar","8":"product_cat-juguetes-bienestar-juguetes-para-mujeres","9":"product_cat-juguetes-bienestar-juguetes-para-mujeresmasturbadores-para-ellas","10":"product_cat-juguetes-bienestar-vibradores","11":"product_cat-juguetes-bienestar-vibradoresvibradores-hi-tech","12":"product_cat-juguetes-bienestar-vibradoresvibradores-punto-g","13":"product_cat-juguetes-bienestar-vibradoresvibradores-rabbit","14":"yith_product_brand-pretty-love","15":"yith_product_brand-pretty-lovepretty-love-smart","17":"first","18":"instock","19":"taxable","20":"shipping-taxable","21":"purchasable","22":"product-type-simple"},"aioseo_notices":[],"_links":{"self":[{"href":"https:\/\/www.mysexualfantasy.eu\/en\/wp-json\/wp\/v2\/product\/4698","targetHints":{"allow":["GET"]}}],"collection":[{"href":"https:\/\/www.mysexualfantasy.eu\/en\/wp-json\/wp\/v2\/product"}],"about":[{"href":"https:\/\/www.mysexualfantasy.eu\/en\/wp-json\/wp\/v2\/types\/product"}],"replies":[{"embeddable":true,"href":"https:\/\/www.mysexualfantasy.eu\/en\/wp-json\/wp\/v2\/comments?post=4698"}],"wp:featuredmedia":[{"embeddable":true,"href":"https:\/\/www.mysexualfantasy.eu\/en\/wp-json\/wp\/v2\/media\/43906"}],"wp:attachment":[{"href":"https:\/\/www.mysexualfantasy.eu\/en\/wp-json\/wp\/v2\/media?parent=4698"}],"wp:term":[{"taxonomy":"product_brand","embeddable":true,"href":"https:\/\/www.mysexualfantasy.eu\/en\/wp-json\/wp\/v2\/product_brand?post=4698"},{"taxonomy":"product_cat","embeddable":true,"href":"https:\/\/www.mysexualfantasy.eu\/en\/wp-json\/wp\/v2\/product_cat?post=4698"},{"taxonomy":"product_tag","embeddable":true,"href":"https:\/\/www.mysexualfantasy.eu\/en\/wp-json\/wp\/v2\/product_tag?post=4698"}],"curies":[{"name":"wp","href":"https:\/\/api.w.org\/{rel}","templated":true}]}}