{"id":47241,"date":"2023-01-13T12:12:12","date_gmt":"2023-01-13T12:12:12","guid":{"rendered":"https:\/\/www.mysexualfantasy.eu\/?post_type=product&#038;p=47241"},"modified":"2023-12-06T17:27:14","modified_gmt":"2023-12-06T17:27:14","slug":"obsessive-bodystocking-g325-s-m-l","status":"publish","type":"product","link":"https:\/\/www.mysexualfantasy.eu\/en\/product\/obsessive-bodystocking-g325-s-m-l\/","title":{"rendered":"OBSESSIVE &#8211; BODYSTOCKING G325 S\/M\/L"},"content":{"rendered":"<p>Tentador y sexy, intrincadamente tejido como una telara\u00f1a: \u00a1estamos hablando del intrigante bodystocking G325! A partir de ahora, las noches calurosas para dos ser\u00e1n a\u00fan m\u00e1s picantes y traviesas, y los momentos que pasen juntos, inolvidables. El corte femenino enfatizar\u00e1 perfectamente la silueta, y los adornos geom\u00e9tricos resaltar\u00e1n de manera \u00fanica todos sus activos. \u00a1Pru\u00e9balo y no te arrepentir\u00e1s!<\/p>\n<p>Descubre m\u00e1s detalles:<\/p>\n<p>&#8211; media corporal picante G325<\/p>\n<p>&#8211; tejido sensual y transparente: un look superfemenino<\/p>\n<p>&#8211; escote sexy en la parte delantera y trasera: un elemento intrigante<\/p>\n<p>&#8211; finas correas que conectan la parte superior e inferior: una adici\u00f3n tentadora<\/p>\n<p>&#8211; decoraciones geom\u00e9tricas: una cintura enfatizada y un busto bellamente expuesto<\/p>\n<p>&#8211; material flexible y agradable al tacto (90 % nailon, 10 % elastano)<\/p>\n<p>\u00a1Obsessive significa inspiraci\u00f3n en la mujer!\u00a0 Elegancia, sensualidad, amor a la costura&#8230;.significa mucho para la mujer, pocos son los adjetivos que pueden calificar a Obsessive, donde una labor de a\u00f1os han conseguido unir la mejor relaci\u00f3n calidad-precio.<\/p>\n<p>\u00a1L\u00edderes mundiales en lencer\u00eda, nadie lo hace mejor!<\/p>\n<p style=\"text-align: center;\"><img decoding=\"async\" src=\"https:\/\/store.dreamlove.es\/UserFiles\/images\/SIZES.png\" \/><\/p>","protected":false},"excerpt":{"rendered":"<p>OBSESSIVE &#8211; BODYSTOCKING G325 S\/M\/L<\/p>","protected":false},"featured_media":47243,"comment_status":"open","ping_status":"closed","template":"","meta":{"_monsterinsights_skip_tracking":false,"_monsterinsights_sitenote_active":false,"_monsterinsights_sitenote_note":"","_monsterinsights_sitenote_category":0,"_joinchat":[]},"product_brand":[],"product_cat":[1450,1196,1197,1199,1166,148],"product_tag":[],"class_list":{"0":"post-47241","1":"product","2":"type-product","3":"status-publish","4":"has-post-thumbnail","6":"product_cat-moda-lencerialenceria-mujerlenceria-picantebodystocking","7":"product_cat-moda-lencerialenceria-mujer","8":"product_cat-moda-lencerialenceria-mujerlenceria-picante","9":"product_cat-moda-lencerialenceria-mujerlenceria-sexy","10":"product_cat-moda-lenceria","11":"product_cat-ofertas","12":"yith_product_brand-obsessive-obsessive-last-chance","13":"yith_product_brand-obsessive","15":"first","16":"instock","17":"taxable","18":"shipping-taxable","19":"purchasable","20":"product-type-variable"},"aioseo_notices":[],"_links":{"self":[{"href":"https:\/\/www.mysexualfantasy.eu\/en\/wp-json\/wp\/v2\/product\/47241","targetHints":{"allow":["GET"]}}],"collection":[{"href":"https:\/\/www.mysexualfantasy.eu\/en\/wp-json\/wp\/v2\/product"}],"about":[{"href":"https:\/\/www.mysexualfantasy.eu\/en\/wp-json\/wp\/v2\/types\/product"}],"replies":[{"embeddable":true,"href":"https:\/\/www.mysexualfantasy.eu\/en\/wp-json\/wp\/v2\/comments?post=47241"}],"wp:featuredmedia":[{"embeddable":true,"href":"https:\/\/www.mysexualfantasy.eu\/en\/wp-json\/wp\/v2\/media\/47243"}],"wp:attachment":[{"href":"https:\/\/www.mysexualfantasy.eu\/en\/wp-json\/wp\/v2\/media?parent=47241"}],"wp:term":[{"taxonomy":"product_brand","embeddable":true,"href":"https:\/\/www.mysexualfantasy.eu\/en\/wp-json\/wp\/v2\/product_brand?post=47241"},{"taxonomy":"product_cat","embeddable":true,"href":"https:\/\/www.mysexualfantasy.eu\/en\/wp-json\/wp\/v2\/product_cat?post=47241"},{"taxonomy":"product_tag","embeddable":true,"href":"https:\/\/www.mysexualfantasy.eu\/en\/wp-json\/wp\/v2\/product_tag?post=47241"}],"curies":[{"name":"wp","href":"https:\/\/api.w.org\/{rel}","templated":true}]}}