{"id":4735,"date":"2023-01-13T11:48:58","date_gmt":"2023-01-13T11:48:58","guid":{"rendered":"https:\/\/www.mysexualfantasy.eu\/?post_type=product&#038;p=4735"},"modified":"2023-12-06T15:56:25","modified_gmt":"2023-12-06T15:56:25","slug":"heat-fire-bunny-rampante-temperature-10f","status":"publish","type":"product","link":"https:\/\/www.mysexualfantasy.eu\/en\/product\/heat-fire-bunny-rampante-temperature-10f\/","title":{"rendered":"HEAT FIRE BUNNY RAMPANTE TEMPERATURE 10F"},"content":{"rendered":"<p>Elegante vibrador rampante en color Fresh\u00a0 de calidad inigualable que puede ofrecer una estimulaci\u00f3n del cl\u00edtoris altamente irresistible.<\/p>\n<p>Su punta alcanza la temperatura maxima de 48 grados, es decir se pone caliente accionando el boton.<\/p>\n<p>Te dar\u00e1 sin duda un paseo inolvidable, al mismo tiempo que se introduce dentro de ti, haci\u00e9ndote sentir a\u00fan m\u00e1s profundamente sus vibraciones, masajeando tu interior.<\/p>\n<ul>\n<li>Recargable<\/li>\n<li>Se pone caliente accionando el boton<\/li>\n<li>100% Silicona<\/li>\n<li>10 Funciones de Vibraci\u00f3n (5 Vibracion y 5 Rotacion)<\/li>\n<li>Doble motor<\/li>\n<li>Fabricado en silicona ABS\/TPR, respetar\u00e1 tu cuerpo y tu piel.<\/li>\n<li>Medidas: 27 cm x 4.5 cm.<\/li>\n<\/ul>\n<p>Sin lugar a dudas, quien dijo que todo estaba inventado!!<\/p>\n<p>\u00a0<\/p>","protected":false},"excerpt":{"rendered":"<p>HEAT FIRE BUNNY RAMPANTE TEMPERATURE 10F<\/p>","protected":false},"featured_media":43609,"comment_status":"open","ping_status":"closed","template":"","meta":{"_monsterinsights_skip_tracking":false,"_monsterinsights_sitenote_active":false,"_monsterinsights_sitenote_note":"","_monsterinsights_sitenote_category":0,"_joinchat":[]},"product_brand":[],"product_cat":[1152,1155,1165,1309,1194,1153,1192],"product_tag":[],"class_list":{"0":"post-4735","1":"product","2":"type-product","3":"status-publish","4":"has-post-thumbnail","6":"product_cat-juguetes-bienestar","7":"product_cat-juguetes-bienestar-juguetes-para-mujeres","8":"product_cat-juguetes-bienestar-juguetes-para-mujeresmasturbadores-para-ellas","9":"product_cat-juguetes-bienestar-juguetes-para-mujerespunto-g","10":"product_cat-juguetes-bienestar-vibradoresrotadores-y-vibradores","11":"product_cat-juguetes-bienestar-vibradores","12":"product_cat-juguetes-bienestar-vibradoresvibradores-hi-tech","13":"yith_product_brand-baile","14":"yith_product_brand-bailebaile-rotations","16":"first","17":"instock","18":"taxable","19":"shipping-taxable","20":"purchasable","21":"product-type-simple"},"aioseo_notices":[],"_links":{"self":[{"href":"https:\/\/www.mysexualfantasy.eu\/en\/wp-json\/wp\/v2\/product\/4735","targetHints":{"allow":["GET"]}}],"collection":[{"href":"https:\/\/www.mysexualfantasy.eu\/en\/wp-json\/wp\/v2\/product"}],"about":[{"href":"https:\/\/www.mysexualfantasy.eu\/en\/wp-json\/wp\/v2\/types\/product"}],"replies":[{"embeddable":true,"href":"https:\/\/www.mysexualfantasy.eu\/en\/wp-json\/wp\/v2\/comments?post=4735"}],"wp:featuredmedia":[{"embeddable":true,"href":"https:\/\/www.mysexualfantasy.eu\/en\/wp-json\/wp\/v2\/media\/43609"}],"wp:attachment":[{"href":"https:\/\/www.mysexualfantasy.eu\/en\/wp-json\/wp\/v2\/media?parent=4735"}],"wp:term":[{"taxonomy":"product_brand","embeddable":true,"href":"https:\/\/www.mysexualfantasy.eu\/en\/wp-json\/wp\/v2\/product_brand?post=4735"},{"taxonomy":"product_cat","embeddable":true,"href":"https:\/\/www.mysexualfantasy.eu\/en\/wp-json\/wp\/v2\/product_cat?post=4735"},{"taxonomy":"product_tag","embeddable":true,"href":"https:\/\/www.mysexualfantasy.eu\/en\/wp-json\/wp\/v2\/product_tag?post=4735"}],"curies":[{"name":"wp","href":"https:\/\/api.w.org\/{rel}","templated":true}]}}