{"id":4737,"date":"2023-01-13T11:50:27","date_gmt":"2023-01-13T11:50:27","guid":{"rendered":"https:\/\/www.mysexualfantasy.eu\/?post_type=product&#038;p=4737"},"modified":"2023-12-06T15:56:26","modified_gmt":"2023-12-06T15:56:26","slug":"cute-passion-bunny-rampante-10f-27cm","status":"publish","type":"product","link":"https:\/\/www.mysexualfantasy.eu\/en\/product\/cute-passion-bunny-rampante-10f-27cm\/","title":{"rendered":"CUTE PASSION BUNNY RAMPANTE 10F 27CM"},"content":{"rendered":"<p>Potente vibrador \/ rotador rampante en color rosa\u00a0 de calidad inigualable que puede ofrecer una estimulaci\u00f3n del cl\u00edtoris altamente irresistible.<\/p>\n<p>Te dar\u00e1 sin duda un paseo inolvidable, al mismo tiempo que se introduce dentro de ti, haci\u00e9ndote sentir a\u00fan m\u00e1s profundamente sus vibraciones, masajeando tu interior.<\/p>\n<p>Sus ondulaciones y relieves har\u00e1n provocar una mayor estimulaci\u00f3n.<\/p>\n<ul>\n<li>Rotador<\/li>\n<li>Dobles Bolas Metalicas para mayor estimulaci\u00f3n<\/li>\n<li>100% Silicona<\/li>\n<li>10 Funciones de Vibraci\u00f3n (5 Vibracion y 5 Rotacion)<\/li>\n<li>Doble motor<\/li>\n<li>Estimulador de Clitoris<\/li>\n<li>Utiliza 4 pilas AAA no incluidas<\/li>\n<li>Medidas: 27 cm x 4.5 cm.<\/li>\n<\/ul>\n<p>Sin lugar a dudas, quien dijo que todo estaba inventado!!<\/p>\n<p>Fabricado en silicona ABS\/TPR, respetar\u00e1 tu cuerpo y tu piel.<\/p>\n<p>\u00a0<\/p>","protected":false},"excerpt":{"rendered":"<p>CUTE PASSION BUNNY RAMPANTE 10F 27CM<\/p>","protected":false},"featured_media":43946,"comment_status":"open","ping_status":"closed","template":"","meta":{"_monsterinsights_skip_tracking":false,"_monsterinsights_sitenote_active":false,"_monsterinsights_sitenote_note":"","_monsterinsights_sitenote_category":0,"_joinchat":[]},"product_brand":[],"product_cat":[1152,1155,1165,1194,1153,1192],"product_tag":[],"class_list":{"0":"post-4737","1":"product","2":"type-product","3":"status-publish","4":"has-post-thumbnail","6":"product_cat-juguetes-bienestar","7":"product_cat-juguetes-bienestar-juguetes-para-mujeres","8":"product_cat-juguetes-bienestar-juguetes-para-mujeresmasturbadores-para-ellas","9":"product_cat-juguetes-bienestar-vibradoresrotadores-y-vibradores","10":"product_cat-juguetes-bienestar-vibradores","11":"product_cat-juguetes-bienestar-vibradoresvibradores-hi-tech","12":"yith_product_brand-baile","13":"yith_product_brand-bailebaile-rotations","15":"first","16":"instock","17":"taxable","18":"shipping-taxable","19":"purchasable","20":"product-type-simple"},"aioseo_notices":[],"_links":{"self":[{"href":"https:\/\/www.mysexualfantasy.eu\/en\/wp-json\/wp\/v2\/product\/4737","targetHints":{"allow":["GET"]}}],"collection":[{"href":"https:\/\/www.mysexualfantasy.eu\/en\/wp-json\/wp\/v2\/product"}],"about":[{"href":"https:\/\/www.mysexualfantasy.eu\/en\/wp-json\/wp\/v2\/types\/product"}],"replies":[{"embeddable":true,"href":"https:\/\/www.mysexualfantasy.eu\/en\/wp-json\/wp\/v2\/comments?post=4737"}],"wp:featuredmedia":[{"embeddable":true,"href":"https:\/\/www.mysexualfantasy.eu\/en\/wp-json\/wp\/v2\/media\/43946"}],"wp:attachment":[{"href":"https:\/\/www.mysexualfantasy.eu\/en\/wp-json\/wp\/v2\/media?parent=4737"}],"wp:term":[{"taxonomy":"product_brand","embeddable":true,"href":"https:\/\/www.mysexualfantasy.eu\/en\/wp-json\/wp\/v2\/product_brand?post=4737"},{"taxonomy":"product_cat","embeddable":true,"href":"https:\/\/www.mysexualfantasy.eu\/en\/wp-json\/wp\/v2\/product_cat?post=4737"},{"taxonomy":"product_tag","embeddable":true,"href":"https:\/\/www.mysexualfantasy.eu\/en\/wp-json\/wp\/v2\/product_tag?post=4737"}],"curies":[{"name":"wp","href":"https:\/\/api.w.org\/{rel}","templated":true}]}}