{"id":4744,"date":"2023-01-13T11:50:28","date_gmt":"2023-01-13T11:50:28","guid":{"rendered":"https:\/\/www.mysexualfantasy.eu\/?post_type=product&#038;p=4744"},"modified":"2023-12-06T15:56:27","modified_gmt":"2023-12-06T15:56:27","slug":"pleasure-shell12-purple-save-new","status":"publish","type":"product","link":"https:\/\/www.mysexualfantasy.eu\/en\/product\/pleasure-shell12-purple-save-new\/","title":{"rendered":"PLEASURE SHELL12 PURPLE SAVE NEW"},"content":{"rendered":"<p>Este\u00a0 vibrador dispone de una textura suave e inocente como la piel de un melocoton de tacto aterciopelado.<\/p>\n<p>Su sencillo funcionamiento ( Mando con Cable) e permitir\u00e1 jugar en un sin fin de posibilidades, har\u00e1 f\u00e1cil la diversi\u00f3n. Mant\u00e9n pulsadas las teclas 12, los ritmos van cambiando.<\/p>\n<p>Utilizalo como estimulador y juega!!<\/p>\n<ul>\n<li>Fabricado en silicona ABS\/TPR, respetar\u00e1 tu cuerpo y tu piel.<\/li>\n<li>Medidas del huevo: 8 x 3 cm.<\/li>\n<li>Color Lila.<\/li>\n<li>100% Libre phalatos, acuatico<\/li>\n<\/ul>\n<p>Utiliza pilas\u00a0 AAA que las puedes encontrar en las seccion pilas y no estan INCLUIDAS.<\/p>\n<p>Incluye practica bolsa de tela para guardar el producto despues de su uso!<\/p>\n<p>Pretty Love fabrica productos con exigentes normas de calidad, todos sus productos estan dise\u00f1ados en Estados Unidos y tienen 1 a\u00f1o de garant\u00eda en defectos tecnicos.<\/p>","protected":false},"excerpt":{"rendered":"<p>PLEASURE SHELL12 PURPLE SAVE NEW<\/p>","protected":false},"featured_media":43951,"comment_status":"open","ping_status":"closed","template":"","meta":{"_monsterinsights_skip_tracking":false,"_monsterinsights_sitenote_active":false,"_monsterinsights_sitenote_note":"","_monsterinsights_sitenote_category":0,"_joinchat":[]},"product_brand":[],"product_cat":[1156,1152,1155,1165,1153],"product_tag":[],"class_list":{"0":"post-4744","1":"product","2":"type-product","3":"status-publish","4":"has-post-thumbnail","6":"product_cat-juguetes-bienestar-juguetes-para-mujeresestimuladores","7":"product_cat-juguetes-bienestar","8":"product_cat-juguetes-bienestar-juguetes-para-mujeres","9":"product_cat-juguetes-bienestar-juguetes-para-mujeresmasturbadores-para-ellas","10":"product_cat-juguetes-bienestar-vibradores","11":"yith_product_brand-baile","12":"yith_product_brand-bailebaile-stimulating","14":"first","15":"instock","16":"taxable","17":"shipping-taxable","18":"purchasable","19":"product-type-simple"},"aioseo_notices":[],"_links":{"self":[{"href":"https:\/\/www.mysexualfantasy.eu\/en\/wp-json\/wp\/v2\/product\/4744","targetHints":{"allow":["GET"]}}],"collection":[{"href":"https:\/\/www.mysexualfantasy.eu\/en\/wp-json\/wp\/v2\/product"}],"about":[{"href":"https:\/\/www.mysexualfantasy.eu\/en\/wp-json\/wp\/v2\/types\/product"}],"replies":[{"embeddable":true,"href":"https:\/\/www.mysexualfantasy.eu\/en\/wp-json\/wp\/v2\/comments?post=4744"}],"wp:featuredmedia":[{"embeddable":true,"href":"https:\/\/www.mysexualfantasy.eu\/en\/wp-json\/wp\/v2\/media\/43951"}],"wp:attachment":[{"href":"https:\/\/www.mysexualfantasy.eu\/en\/wp-json\/wp\/v2\/media?parent=4744"}],"wp:term":[{"taxonomy":"product_brand","embeddable":true,"href":"https:\/\/www.mysexualfantasy.eu\/en\/wp-json\/wp\/v2\/product_brand?post=4744"},{"taxonomy":"product_cat","embeddable":true,"href":"https:\/\/www.mysexualfantasy.eu\/en\/wp-json\/wp\/v2\/product_cat?post=4744"},{"taxonomy":"product_tag","embeddable":true,"href":"https:\/\/www.mysexualfantasy.eu\/en\/wp-json\/wp\/v2\/product_tag?post=4744"}],"curies":[{"name":"wp","href":"https:\/\/api.w.org\/{rel}","templated":true}]}}