{"id":4749,"date":"2023-01-13T14:48:33","date_gmt":"2023-01-13T14:48:33","guid":{"rendered":"https:\/\/www.mysexualfantasy.eu\/?post_type=product&#038;p=4749"},"modified":"2023-12-06T15:19:37","modified_gmt":"2023-12-06T15:19:37","slug":"juego-de-dados-eroticos-lesbianas-donde-y-como","status":"publish","type":"product","link":"https:\/\/www.mysexualfantasy.eu\/en\/product\/juego-de-dados-eroticos-lesbianas-donde-y-como\/","title":{"rendered":"INEDIT &#8211; JUEGO DE DADOS EROTICOS LESBIANAS  DONDE Y COMO?"},"content":{"rendered":"<p style=\"line-height: 18.9090900421143px;\">Donde tus fantas\u00edas m\u00e1s deseadas te esperan. Cada persona tira los dados y luego act\u00faa seg\u00fan la combinaci\u00f3n de los ellos<\/p>\n<ol style=\"line-height: 18.9090900421143px;\">\n<li>Un dado ilustra las posiciones<\/li>\n<li>El otro sugiere el Lugar<\/li>\n<li>T\u00edralos y disfruta<\/li>\n<\/ol>\n<p style=\"line-height: 18.9090900421143px;\">!Es muy f\u00e1cil y nadie pierde!<\/p>","protected":false},"excerpt":{"rendered":"<p>EROTIC DICE LESBIAN<\/p>","protected":false},"featured_media":71576,"comment_status":"open","ping_status":"closed","template":"","meta":{"_monsterinsights_skip_tracking":false,"_monsterinsights_sitenote_active":false,"_monsterinsights_sitenote_note":"","_monsterinsights_sitenote_category":0,"_joinchat":[]},"product_brand":[],"product_cat":[1237,616,1232,1267],"product_tag":[],"class_list":{"0":"post-4749","1":"product","2":"type-product","3":"status-publish","4":"has-post-thumbnail","6":"product_cat-juegos-juego-de-dados","7":"product_cat-juegos","8":"product_cat-juegos-juegos-de-pareja","9":"product_cat-juegos-juegos-en-espanol","10":"yith_product_brand-inedit","12":"first","13":"instock","14":"taxable","15":"shipping-taxable","16":"purchasable","17":"product-type-simple"},"aioseo_notices":[],"_links":{"self":[{"href":"https:\/\/www.mysexualfantasy.eu\/en\/wp-json\/wp\/v2\/product\/4749","targetHints":{"allow":["GET"]}}],"collection":[{"href":"https:\/\/www.mysexualfantasy.eu\/en\/wp-json\/wp\/v2\/product"}],"about":[{"href":"https:\/\/www.mysexualfantasy.eu\/en\/wp-json\/wp\/v2\/types\/product"}],"replies":[{"embeddable":true,"href":"https:\/\/www.mysexualfantasy.eu\/en\/wp-json\/wp\/v2\/comments?post=4749"}],"wp:featuredmedia":[{"embeddable":true,"href":"https:\/\/www.mysexualfantasy.eu\/en\/wp-json\/wp\/v2\/media\/71576"}],"wp:attachment":[{"href":"https:\/\/www.mysexualfantasy.eu\/en\/wp-json\/wp\/v2\/media?parent=4749"}],"wp:term":[{"taxonomy":"product_brand","embeddable":true,"href":"https:\/\/www.mysexualfantasy.eu\/en\/wp-json\/wp\/v2\/product_brand?post=4749"},{"taxonomy":"product_cat","embeddable":true,"href":"https:\/\/www.mysexualfantasy.eu\/en\/wp-json\/wp\/v2\/product_cat?post=4749"},{"taxonomy":"product_tag","embeddable":true,"href":"https:\/\/www.mysexualfantasy.eu\/en\/wp-json\/wp\/v2\/product_tag?post=4749"}],"curies":[{"name":"wp","href":"https:\/\/api.w.org\/{rel}","templated":true}]}}