{"id":47521,"date":"2023-01-13T12:13:16","date_gmt":"2023-01-13T12:13:16","guid":{"rendered":"https:\/\/www.mysexualfantasy.eu\/?post_type=product&#038;p=47521"},"modified":"2023-12-06T17:26:09","modified_gmt":"2023-12-06T17:26:09","slug":"obsessive-milladis-guantes-s-m-l","status":"publish","type":"product","link":"https:\/\/www.mysexualfantasy.eu\/en\/product\/obsessive-milladis-guantes-s-m-l\/","title":{"rendered":"OBSESSIVE &#8211; MILLADIS GUANTES S\/M\/L"},"content":{"rendered":"<p>\u00a1D\u00e9jate llevar por tu imaginaci\u00f3n y siente la delicadeza del tejido en tu piel que ans\u00eda ser tocada! La combinaci\u00f3n de malla transparente y cuentas intrigantes se une en forma de guantes extremadamente sensuales de la colecci\u00f3n Milladis. \u00a1D\u00e9jese llevar por su fantas\u00eda y planifique una noche calurosa, donde usted y su nueva adici\u00f3n favorita a las travesuras sexy jugar\u00e1n el papel principal!<\/p>\n<p>Descubre m\u00e1s detalles:<\/p>\n<p>&#8211; elegant Milladis gloves<\/p>\n<p>&#8211; malla transparente: agrega delicadeza<\/p>\n<p>&#8211; perlas encantadoras desde las mu\u00f1ecas hasta los codos: un aspecto llamativo<\/p>\n<p>&#8211; tejido el\u00e1stico que se adapta a la forma de tus manos ( 90% poliamida, 10% elastano)<\/p>\n<p>\u00a1Obsessive significa inspiraci\u00f3n!\u00a0 Elegancia, sensualidad, amor a la costura&#8230;.significa mucho para la mujer, pocos son los adjetivos que pueden calificar a Obsessive, donde una labor de a\u00f1os\u00a0ha\u00a0conseguido unir la mejor relaci\u00f3n calidad-precio.<\/p>\n<p>\u00a1L\u00edderes mundiales en lencer\u00eda, nadie lo hace mejor!<\/p>\n<p><img decoding=\"async\" alt=\"\" src=\"https:\/\/interno.dreamlove.es\/UserFiles\/images\/SIZE%20CHART%20OBSESSIVE.jpg\" style=\"width: 900px; height: 900px; float: center;\" \/><\/p>","protected":false},"excerpt":{"rendered":"<p>OBSESSIVE &#8211; MILLADIS GLOVES S\/M\/L<\/p>","protected":false},"featured_media":47523,"comment_status":"open","ping_status":"closed","template":"","meta":{"_monsterinsights_skip_tracking":false,"_monsterinsights_sitenote_active":false,"_monsterinsights_sitenote_note":"","_monsterinsights_sitenote_category":0,"_joinchat":[]},"product_brand":[],"product_cat":[1323,1433,1196,1166],"product_tag":[],"class_list":{"0":"post-47521","1":"product","2":"type-product","3":"status-publish","4":"has-post-thumbnail","6":"product_cat-moda-lencerialenceria-mujeraccesorios","7":"product_cat-moda-lencerialenceria-mujeraccesoriosguantes-para-lenceria","8":"product_cat-moda-lencerialenceria-mujer","9":"product_cat-moda-lenceria","10":"yith_product_brand-obsessive","11":"yith_product_brand-obsessiveobsessive-accessories","13":"first","14":"instock","15":"taxable","16":"shipping-taxable","17":"purchasable","18":"product-type-variable"},"aioseo_notices":[],"_links":{"self":[{"href":"https:\/\/www.mysexualfantasy.eu\/en\/wp-json\/wp\/v2\/product\/47521","targetHints":{"allow":["GET"]}}],"collection":[{"href":"https:\/\/www.mysexualfantasy.eu\/en\/wp-json\/wp\/v2\/product"}],"about":[{"href":"https:\/\/www.mysexualfantasy.eu\/en\/wp-json\/wp\/v2\/types\/product"}],"replies":[{"embeddable":true,"href":"https:\/\/www.mysexualfantasy.eu\/en\/wp-json\/wp\/v2\/comments?post=47521"}],"wp:featuredmedia":[{"embeddable":true,"href":"https:\/\/www.mysexualfantasy.eu\/en\/wp-json\/wp\/v2\/media\/47523"}],"wp:attachment":[{"href":"https:\/\/www.mysexualfantasy.eu\/en\/wp-json\/wp\/v2\/media?parent=47521"}],"wp:term":[{"taxonomy":"product_brand","embeddable":true,"href":"https:\/\/www.mysexualfantasy.eu\/en\/wp-json\/wp\/v2\/product_brand?post=47521"},{"taxonomy":"product_cat","embeddable":true,"href":"https:\/\/www.mysexualfantasy.eu\/en\/wp-json\/wp\/v2\/product_cat?post=47521"},{"taxonomy":"product_tag","embeddable":true,"href":"https:\/\/www.mysexualfantasy.eu\/en\/wp-json\/wp\/v2\/product_tag?post=47521"}],"curies":[{"name":"wp","href":"https:\/\/api.w.org\/{rel}","templated":true}]}}