{"id":47592,"date":"2023-01-13T12:13:29","date_gmt":"2023-01-13T12:13:29","guid":{"rendered":"https:\/\/www.mysexualfantasy.eu\/?post_type=product&#038;p=47592"},"modified":"2023-12-06T17:27:06","modified_gmt":"2023-12-06T17:27:06","slug":"passion-zinnia-corset-eco-collection-s-m","status":"publish","type":"product","link":"https:\/\/www.mysexualfantasy.eu\/en\/product\/passion-zinnia-corset-eco-collection-s-m\/","title":{"rendered":"PASSION ZINNIA CORSET ECO COLLECTION S\/M"},"content":{"rendered":"<p>Queremos mostrarte el fabuloso corset\u00a0Zinnia de la nueva Colecci\u00f3n Passion ECO<\/p>\n<p>ECO Collection utiliza un 95% de materiales reciclados y biodegradables, confirmados con los certificados GRS, GL y OEKO-TEX reconocidos a nivel mundial. Para producir esta colecci\u00f3n utilizamos:<\/p>\n<ul>\n<li>Materiales reciclados y biodegradables producidos por tecnolog\u00edas renovables<\/li>\n<li>Pigmentos naturales<\/li>\n<li>Menor emisi\u00f3n de CO2<\/li>\n<li>Reducci\u00f3n del uso del agua en un 56%\u00a0<\/li>\n<\/ul>\n<p>M\u00e1s sobre el corset Zinnia:<\/p>\n<ul>\n<li>Fabuloso corset bordado<\/li>\n<li>Gran combinaci\u00f3n de tejidos semitransparentes\u00a0y encajes\u00a0<\/li>\n<li>Tirantas ajustables<\/li>\n<li>Material suave y muy c\u00f3modo de llevar\u00a0<\/li>\n<li>Presentado en una preciosa caja ecol\u00f3gica<\/li>\n<li>Talla: S\/M<\/li>\n<\/ul>\n<p>Concebida y dise\u00f1ada para mujeres actuales y din\u00e1micas, Passion es lencer\u00eda made in the European Union con estrictos controles de calidad.<\/p>\n<p>El m\u00e1ximo detalle en la fabricaci\u00f3n y sus elementos decorativos son las principales caracter\u00edsticas de esta lencer\u00eda que est\u00e1 pensada para el mundo actual y personas din\u00e1micas con ganas de innovar.<\/p>","protected":false},"excerpt":{"rendered":"<p>PASSION ZINNIA CORSET ECO COLLECTION S\/M<\/p>","protected":false},"featured_media":47594,"comment_status":"open","ping_status":"closed","template":"","meta":{"_monsterinsights_skip_tracking":false,"_monsterinsights_sitenote_active":false,"_monsterinsights_sitenote_note":"","_monsterinsights_sitenote_category":0,"_joinchat":[]},"product_brand":[],"product_cat":[1198,1447,1196,1197,1166],"product_tag":[],"class_list":{"0":"post-47592","1":"product","2":"type-product","3":"status-publish","4":"has-post-thumbnail","6":"product_cat-moda-lencerialenceria-mujerlenceria-picanteconjunto-de-lenceria-sexy","7":"product_cat-moda-lencerialenceria-mujerlenceria-picantecorsets","8":"product_cat-moda-lencerialenceria-mujer","9":"product_cat-moda-lencerialenceria-mujerlenceria-picante","10":"product_cat-moda-lenceria","11":"yith_product_brand-passion","12":"yith_product_brand-passionpassion-woman","13":"yith_product_brand-passionpassion-womanpassion-woman-corsets","15":"first","16":"instock","17":"taxable","18":"shipping-taxable","19":"purchasable","20":"product-type-variable"},"aioseo_notices":[],"_links":{"self":[{"href":"https:\/\/www.mysexualfantasy.eu\/en\/wp-json\/wp\/v2\/product\/47592","targetHints":{"allow":["GET"]}}],"collection":[{"href":"https:\/\/www.mysexualfantasy.eu\/en\/wp-json\/wp\/v2\/product"}],"about":[{"href":"https:\/\/www.mysexualfantasy.eu\/en\/wp-json\/wp\/v2\/types\/product"}],"replies":[{"embeddable":true,"href":"https:\/\/www.mysexualfantasy.eu\/en\/wp-json\/wp\/v2\/comments?post=47592"}],"wp:featuredmedia":[{"embeddable":true,"href":"https:\/\/www.mysexualfantasy.eu\/en\/wp-json\/wp\/v2\/media\/47594"}],"wp:attachment":[{"href":"https:\/\/www.mysexualfantasy.eu\/en\/wp-json\/wp\/v2\/media?parent=47592"}],"wp:term":[{"taxonomy":"product_brand","embeddable":true,"href":"https:\/\/www.mysexualfantasy.eu\/en\/wp-json\/wp\/v2\/product_brand?post=47592"},{"taxonomy":"product_cat","embeddable":true,"href":"https:\/\/www.mysexualfantasy.eu\/en\/wp-json\/wp\/v2\/product_cat?post=47592"},{"taxonomy":"product_tag","embeddable":true,"href":"https:\/\/www.mysexualfantasy.eu\/en\/wp-json\/wp\/v2\/product_tag?post=47592"}],"curies":[{"name":"wp","href":"https:\/\/api.w.org\/{rel}","templated":true}]}}