{"id":47714,"date":"2023-01-13T12:13:52","date_gmt":"2023-01-13T12:13:52","guid":{"rendered":"https:\/\/www.mysexualfantasy.eu\/?post_type=product&#038;p=47714"},"modified":"2023-12-06T17:26:06","modified_gmt":"2023-12-06T17:26:06","slug":"obsessive-catriny-disfraz-s-m","status":"publish","type":"product","link":"https:\/\/www.mysexualfantasy.eu\/en\/product\/obsessive-catriny-disfraz-s-m\/","title":{"rendered":"OBSESSIVE &#8211; CATRINY DISFRAZ"},"content":{"rendered":"<p>\u00a1Oh, realmente debes estar de humor para algunos juegos traviesos ahora que has encontrado este disfraz de gatito s\u00faper juguet\u00f3n! \u00a1El sujetador y las bragas abiertos son una recomendaci\u00f3n muy picante para los amantes de los juegos de amor, y los accesorios tentadores en forma de cubre pezones, una gargantilla y lindas orejas solo subir\u00e1n el ambiente en el dormitorio! \u00a1Vu\u00e9lvete loco y agrega Catriny a tu colecci\u00f3n de lencer\u00eda sexy hoy!<\/p>\n<p>Descubre m\u00e1s detalles:<\/p>\n<p>&#8211; Disfraz de Catriny: sujetador abierto, braguita abierta, orejeras, gargantilla y cubrepezones<\/p>\n<p>&#8211; tirantes ajustables y pr\u00e1ctico cierre: un ajuste perfecto<\/p>\n<p>&#8211; tirantes finos que realzan la forma de la figura &#8211; look sexy garantizado<\/p>\n<p>&#8211; estampado de leopardo juguet\u00f3n: tienta e intriga<\/p>\n<p>&#8211; gargantilla sensual con un colgante de oro &#8211; llama la atenci\u00f3n<\/p>\n<p>&#8211; Cubre pezones con estampado de zarpa de gato para darle sabor<\/p>\n<p>&#8211; materiales flexibles y agradables al tacto (sujetador, braguita, gargantilla: 72 % poliamida, 28 % elastano, orejas: 100 % poli\u00e9ster, cubrepezones: 85 % PU, 10 % poli\u00e9ster, 5 % pegamento)<\/p>\n<p>\u00a1Obsessive significa inspiraci\u00f3n en la mujer!\u00a0 Elegancia, sensualidad, amor a la costura&#8230;.significa mucho para la mujer, pocos son los adjetivos que pueden calificar a Obsessive, donde una labor de a\u00f1os han conseguido unir la mejor relaci\u00f3n calidad-precio.<\/p>\n<p>\u00a1L\u00edderes mundiales en lencer\u00eda, nadie lo hace mejor!<\/p>\n<p style=\"text-align: center;\"><img decoding=\"async\" src=\"https:\/\/store.dreamlove.es\/UserFiles\/images\/SIZES.png\" \/><\/p>","protected":false},"excerpt":{"rendered":"<p>OBSESSIVE &#8211; CATRINY COSTUME S\/M<\/p>","protected":false},"featured_media":47716,"comment_status":"open","ping_status":"closed","template":"","meta":{"_monsterinsights_skip_tracking":false,"_monsterinsights_sitenote_active":false,"_monsterinsights_sitenote_note":"","_monsterinsights_sitenote_category":0,"_joinchat":[]},"product_brand":[],"product_cat":[1132,326,1131],"product_tag":[],"class_list":{"0":"post-47714","1":"product","2":"type-product","3":"status-publish","4":"has-post-thumbnail","6":"product_cat-lencerialenceria-picantedisfraces-mujer","7":"product_cat-lenceria","8":"product_cat-lencerialenceria-picante","9":"yith_product_brand-obsessive","10":"yith_product_brand-obsessiveobsessive-costumes","12":"first","13":"instock","14":"taxable","15":"shipping-taxable","16":"purchasable","17":"product-type-variable"},"aioseo_notices":[],"_links":{"self":[{"href":"https:\/\/www.mysexualfantasy.eu\/en\/wp-json\/wp\/v2\/product\/47714","targetHints":{"allow":["GET"]}}],"collection":[{"href":"https:\/\/www.mysexualfantasy.eu\/en\/wp-json\/wp\/v2\/product"}],"about":[{"href":"https:\/\/www.mysexualfantasy.eu\/en\/wp-json\/wp\/v2\/types\/product"}],"replies":[{"embeddable":true,"href":"https:\/\/www.mysexualfantasy.eu\/en\/wp-json\/wp\/v2\/comments?post=47714"}],"wp:featuredmedia":[{"embeddable":true,"href":"https:\/\/www.mysexualfantasy.eu\/en\/wp-json\/wp\/v2\/media\/47716"}],"wp:attachment":[{"href":"https:\/\/www.mysexualfantasy.eu\/en\/wp-json\/wp\/v2\/media?parent=47714"}],"wp:term":[{"taxonomy":"product_brand","embeddable":true,"href":"https:\/\/www.mysexualfantasy.eu\/en\/wp-json\/wp\/v2\/product_brand?post=47714"},{"taxonomy":"product_cat","embeddable":true,"href":"https:\/\/www.mysexualfantasy.eu\/en\/wp-json\/wp\/v2\/product_cat?post=47714"},{"taxonomy":"product_tag","embeddable":true,"href":"https:\/\/www.mysexualfantasy.eu\/en\/wp-json\/wp\/v2\/product_tag?post=47714"}],"curies":[{"name":"wp","href":"https:\/\/api.w.org\/{rel}","templated":true}]}}