{"id":48864,"date":"2023-01-13T12:18:42","date_gmt":"2023-01-13T12:18:42","guid":{"rendered":"https:\/\/www.mysexualfantasy.eu\/?post_type=product&#038;p=48864"},"modified":"2023-12-06T17:27:14","modified_gmt":"2023-12-06T17:27:14","slug":"obsessive-setilla-corset-s-m","status":"publish","type":"product","link":"https:\/\/www.mysexualfantasy.eu\/en\/product\/obsessive-setilla-corset-s-m\/","title":{"rendered":"OBSESSIVE &#8211; SETILLA CORSET"},"content":{"rendered":"<p>Te gustan las recomendaciones de lencer\u00eda atrevidas y muy picantes para una velada calurosa con tu amada? \u00a1Est\u00e1s en el lugar correcto! El cors\u00e9 Setilla puede ponerte rojo vivo y brindarte una experiencia s\u00faper placentera. \u00a1Un cl\u00e1sico mezclado con un poco de modernidad en forma de correas sexys que tientan y estimulan la imaginaci\u00f3n para que anheles m\u00e1s y m\u00e1s momentos placenteros!<\/p>\n<p>Descubre m\u00e1s detalles:<\/p>\n<p>&#8211; Corset negro de setilla y tanga abierta<\/p>\n<p>&#8211; Copas de sujetador abiertas con aros: \u00a1m\u00e1s sensaciones tentadoras!<\/p>\n<p>&#8211; correas sexys en los hombros y el escote: una mirada intrigante<\/p>\n<p>&#8211; espalda descubierta decorada con un lazo de raso: un elemento extremadamente sensual<\/p>\n<p>&#8211; Tirantes de liga ajustables: un ajuste ideal<\/p>\n<p>&#8211; hermoso encaje &#8211; chic y elegancia<\/p>\n<p>&#8211; tanga abierta &#8211; \u00a1placeres traviesos!<\/p>\n<p>&#8211; tejido suave y el\u00e1stico (94 % poliamida, 6 % elastano)<\/p>\n<p>\u00a1Obsessive significa inspiraci\u00f3n en la mujer!\u00a0 Elegancia, sensualidad, amor a la costura&#8230;.significa mucho para la mujer, pocos son los adjetivos que pueden calificar a Obsessive, donde una labor de a\u00f1os han conseguido unir la mejor relaci\u00f3n calidad-precio.<\/p>\n<p>\u00a1L\u00edderes mundiales en lencer\u00eda, nadie lo hace mejor!<\/p>\n<p style=\"text-align: center;\"><img decoding=\"async\" src=\"https:\/\/store.dreamlove.es\/UserFiles\/images\/SIZES.png\" \/><\/p>","protected":false},"excerpt":{"rendered":"<p>OBSESSIVE &#8211; SETILLA CORSET S\/M<\/p>","protected":false},"featured_media":48866,"comment_status":"open","ping_status":"closed","template":"","meta":{"_monsterinsights_skip_tracking":false,"_monsterinsights_sitenote_active":false,"_monsterinsights_sitenote_note":"","_monsterinsights_sitenote_category":0,"_joinchat":[]},"product_brand":[],"product_cat":[1145,326,948,1139,1147],"product_tag":[],"class_list":{"0":"post-48864","1":"product","2":"type-product","3":"status-publish","4":"has-post-thumbnail","6":"product_cat-lencerialenceria-mujerlenceria-sexycorsets","7":"product_cat-lenceria","8":"product_cat-lencerialenceria-mujer","9":"product_cat-lencerialenceria-mujerlenceria-sexy","10":"product_cat-lencerialenceria-mujerlenceria-sexytangas-culots","11":"yith_product_brand-obsessive","12":"yith_product_brand-obsessiveobsessive-corsets","14":"first","15":"instock","16":"taxable","17":"shipping-taxable","18":"purchasable","19":"product-type-variable"},"aioseo_notices":[],"_links":{"self":[{"href":"https:\/\/www.mysexualfantasy.eu\/en\/wp-json\/wp\/v2\/product\/48864","targetHints":{"allow":["GET"]}}],"collection":[{"href":"https:\/\/www.mysexualfantasy.eu\/en\/wp-json\/wp\/v2\/product"}],"about":[{"href":"https:\/\/www.mysexualfantasy.eu\/en\/wp-json\/wp\/v2\/types\/product"}],"replies":[{"embeddable":true,"href":"https:\/\/www.mysexualfantasy.eu\/en\/wp-json\/wp\/v2\/comments?post=48864"}],"wp:featuredmedia":[{"embeddable":true,"href":"https:\/\/www.mysexualfantasy.eu\/en\/wp-json\/wp\/v2\/media\/48866"}],"wp:attachment":[{"href":"https:\/\/www.mysexualfantasy.eu\/en\/wp-json\/wp\/v2\/media?parent=48864"}],"wp:term":[{"taxonomy":"product_brand","embeddable":true,"href":"https:\/\/www.mysexualfantasy.eu\/en\/wp-json\/wp\/v2\/product_brand?post=48864"},{"taxonomy":"product_cat","embeddable":true,"href":"https:\/\/www.mysexualfantasy.eu\/en\/wp-json\/wp\/v2\/product_cat?post=48864"},{"taxonomy":"product_tag","embeddable":true,"href":"https:\/\/www.mysexualfantasy.eu\/en\/wp-json\/wp\/v2\/product_tag?post=48864"}],"curies":[{"name":"wp","href":"https:\/\/api.w.org\/{rel}","templated":true}]}}