{"id":48880,"date":"2023-01-13T12:18:44","date_gmt":"2023-01-13T12:18:44","guid":{"rendered":"https:\/\/www.mysexualfantasy.eu\/?post_type=product&#038;p=48880"},"modified":"2023-11-28T22:22:25","modified_gmt":"2023-11-28T22:22:25","slug":"obsessive-yaskana-tanga-xs-s","status":"publish","type":"product","link":"https:\/\/www.mysexualfantasy.eu\/en\/product\/obsessive-yaskana-tanga-xs-s\/","title":{"rendered":"OBSESSIVE &#8211; YASKANA TANGA"},"content":{"rendered":"<p>\u00a1Esta tanga negra de la colecci\u00f3n Yaskana es una recomendaci\u00f3n sexy, perfecta para jugar en el dormitorio caliente, pero tambi\u00e9n para el uso diario! Los cortes sensuales exponen suavemente el cuerpo y encienden la imaginaci\u00f3n, y el encaje cl\u00e1sico agrega elegancia y estilo. \u00a1La cintura alta resalta fenomenalmente las caderas y la cintura, d\u00e1ndote confianza en ti mismo y envolviendo tu cuerpo en atractivo sexual!<\/p>\n<p>Descubre m\u00e1s detalles:<\/p>\n<p>&#8211; tanga Yaskana negra<\/p>\n<p>&#8211; corte muy femenino con cintura alta &#8211; \u00a1hermosa silueta y curvas acentuadas!<\/p>\n<p>&#8211; encaje sensual &#8211; clase y elegancia<\/p>\n<p>&#8211; colgante de joyer\u00eda en la parte delantera: un detalle encantador<\/p>\n<p>&#8211; Recortes sexys en la parte delantera y por encima del trasero: \u00a1un elemento muy caliente!<\/p>\n<p>&#8211; tejido el\u00e1stico y agradable (90% poliamida, 10% elastano)<\/p>\n<p>\u00a1Obsessive significa inspiraci\u00f3n en la mujer!\u00a0 Elegancia, sensualidad, amor a la costura&#8230;.significa mucho para la mujer, pocos son los adjetivos que pueden calificar a Obsessive, donde una labor de a\u00f1os han conseguido unir la mejor relaci\u00f3n calidad-precio.<\/p>\n<p>\u00a1L\u00edderes mundiales en lencer\u00eda, nadie lo hace mejor!<\/p>\n<p style=\"text-align: center;\"><img decoding=\"async\" src=\"https:\/\/store.dreamlove.es\/UserFiles\/images\/SIZES.png\" \/><\/p>","protected":false},"excerpt":{"rendered":"<p>OBSESSIVE &#8211; YASKANA THONG XS\/S<\/p>","protected":false},"featured_media":48882,"comment_status":"open","ping_status":"closed","template":"","meta":{"_monsterinsights_skip_tracking":false,"_monsterinsights_sitenote_active":false,"_monsterinsights_sitenote_note":"","_monsterinsights_sitenote_category":0,"_joinchat":[]},"product_brand":[],"product_cat":[326,948,1139,1147],"product_tag":[],"class_list":{"0":"post-48880","1":"product","2":"type-product","3":"status-publish","4":"has-post-thumbnail","6":"product_cat-lenceria","7":"product_cat-lencerialenceria-mujer","8":"product_cat-lencerialenceria-mujerlenceria-sexy","9":"product_cat-lencerialenceria-mujerlenceria-sexytangas-culots","10":"yith_product_brand-obsessive","11":"yith_product_brand-obsessiveobsessive-panties-thong","13":"first","14":"instock","15":"taxable","16":"shipping-taxable","17":"purchasable","18":"product-type-variable"},"aioseo_notices":[],"_links":{"self":[{"href":"https:\/\/www.mysexualfantasy.eu\/en\/wp-json\/wp\/v2\/product\/48880","targetHints":{"allow":["GET"]}}],"collection":[{"href":"https:\/\/www.mysexualfantasy.eu\/en\/wp-json\/wp\/v2\/product"}],"about":[{"href":"https:\/\/www.mysexualfantasy.eu\/en\/wp-json\/wp\/v2\/types\/product"}],"replies":[{"embeddable":true,"href":"https:\/\/www.mysexualfantasy.eu\/en\/wp-json\/wp\/v2\/comments?post=48880"}],"wp:featuredmedia":[{"embeddable":true,"href":"https:\/\/www.mysexualfantasy.eu\/en\/wp-json\/wp\/v2\/media\/48882"}],"wp:attachment":[{"href":"https:\/\/www.mysexualfantasy.eu\/en\/wp-json\/wp\/v2\/media?parent=48880"}],"wp:term":[{"taxonomy":"product_brand","embeddable":true,"href":"https:\/\/www.mysexualfantasy.eu\/en\/wp-json\/wp\/v2\/product_brand?post=48880"},{"taxonomy":"product_cat","embeddable":true,"href":"https:\/\/www.mysexualfantasy.eu\/en\/wp-json\/wp\/v2\/product_cat?post=48880"},{"taxonomy":"product_tag","embeddable":true,"href":"https:\/\/www.mysexualfantasy.eu\/en\/wp-json\/wp\/v2\/product_tag?post=48880"}],"curies":[{"name":"wp","href":"https:\/\/api.w.org\/{rel}","templated":true}]}}