{"id":48891,"date":"2023-01-13T12:18:46","date_gmt":"2023-01-13T12:18:46","guid":{"rendered":"https:\/\/www.mysexualfantasy.eu\/?post_type=product&#038;p=48891"},"modified":"2023-12-06T17:26:06","modified_gmt":"2023-12-06T17:26:06","slug":"obsessive-larisya-tanga-s-m","status":"publish","type":"product","link":"https:\/\/www.mysexualfantasy.eu\/en\/product\/obsessive-larisya-tanga-s-m\/","title":{"rendered":"OBSESSIVE &#8211; LARISYA TANGA S\/M"},"content":{"rendered":"<p>\u00a1Guau! \u00a1Que cuerpo! \u00a1Estas palabras exactas vendr\u00e1n a tu mente cuando te veas en la tanga Larisya extremadamente femenina! \u00a1El rojo vivo, el corte elegante y la cintura alta al estilo de los a\u00f1os noventa garantizar\u00e1n una apariencia fenomenal de la figura y un estado de \u00e1nimo igualmente fant\u00e1stico! \u00a1Elige este incre\u00edble modelo de tanga y te garantizamos que no querr\u00e1s volver a saltar de \u00e9l!<\/p>\n<p>Descubre m\u00e1s detalles:<\/p>\n<p>&#8211; Tanga rojo Larisya<\/p>\n<p>&#8211; Color rojo jugoso: \u00a1agrega car\u00e1cter y atractivo sexual!<\/p>\n<p>&#8211; elegante bordado en la parte delantera, lleno de elegancia<\/p>\n<p>&#8211; cintura alta: silueta incre\u00edblemente enfatizada y un hermoso aspecto del trasero<\/p>\n<p>&#8211; correas en las caderas &#8211; piernas \u00f3pticamente m\u00e1s largas<\/p>\n<p>&#8211; materiales agradables al tacto (94 % poliamida, 6 % elastano)<\/p>\n<p>\u00a1Obsessive significa inspiraci\u00f3n en la mujer!\u00a0 Elegancia, sensualidad, amor a la costura&#8230;.significa mucho para la mujer, pocos son los adjetivos que pueden calificar a Obsessive, donde una labor de a\u00f1os han conseguido unir la mejor relaci\u00f3n calidad-precio.<\/p>\n<p>\u00a1L\u00edderes mundiales en lencer\u00eda, nadie lo hace mejor!<\/p>\n<p style=\"text-align: center;\"><img decoding=\"async\" src=\"https:\/\/store.dreamlove.es\/UserFiles\/images\/SIZES.png\" \/><\/p>","protected":false},"excerpt":{"rendered":"<p>OBSESSIVE &#8211; LARISYA THONG S\/M<\/p>","protected":false},"featured_media":48893,"comment_status":"open","ping_status":"closed","template":"","meta":{"_monsterinsights_skip_tracking":false,"_monsterinsights_sitenote_active":false,"_monsterinsights_sitenote_note":"","_monsterinsights_sitenote_category":0,"_joinchat":[]},"product_brand":[],"product_cat":[1325,1196,1199,1166,1326],"product_tag":[],"class_list":{"0":"post-48891","1":"product","2":"type-product","3":"status-publish","4":"has-post-thumbnail","6":"product_cat-moda-lencerialenceria-mujerlenceria-sexybragas-sexys","7":"product_cat-moda-lencerialenceria-mujer","8":"product_cat-moda-lencerialenceria-mujerlenceria-sexy","9":"product_cat-moda-lenceria","10":"product_cat-moda-lencerialenceria-mujerlenceria-sexybragas-sexystangas-mujer","11":"yith_product_brand-obsessive","12":"yith_product_brand-obsessiveobsessive-panties-thong","14":"first","15":"instock","16":"taxable","17":"shipping-taxable","18":"purchasable","19":"product-type-variable"},"aioseo_notices":[],"_links":{"self":[{"href":"https:\/\/www.mysexualfantasy.eu\/en\/wp-json\/wp\/v2\/product\/48891","targetHints":{"allow":["GET"]}}],"collection":[{"href":"https:\/\/www.mysexualfantasy.eu\/en\/wp-json\/wp\/v2\/product"}],"about":[{"href":"https:\/\/www.mysexualfantasy.eu\/en\/wp-json\/wp\/v2\/types\/product"}],"replies":[{"embeddable":true,"href":"https:\/\/www.mysexualfantasy.eu\/en\/wp-json\/wp\/v2\/comments?post=48891"}],"wp:featuredmedia":[{"embeddable":true,"href":"https:\/\/www.mysexualfantasy.eu\/en\/wp-json\/wp\/v2\/media\/48893"}],"wp:attachment":[{"href":"https:\/\/www.mysexualfantasy.eu\/en\/wp-json\/wp\/v2\/media?parent=48891"}],"wp:term":[{"taxonomy":"product_brand","embeddable":true,"href":"https:\/\/www.mysexualfantasy.eu\/en\/wp-json\/wp\/v2\/product_brand?post=48891"},{"taxonomy":"product_cat","embeddable":true,"href":"https:\/\/www.mysexualfantasy.eu\/en\/wp-json\/wp\/v2\/product_cat?post=48891"},{"taxonomy":"product_tag","embeddable":true,"href":"https:\/\/www.mysexualfantasy.eu\/en\/wp-json\/wp\/v2\/product_tag?post=48891"}],"curies":[{"name":"wp","href":"https:\/\/api.w.org\/{rel}","templated":true}]}}