{"id":48931,"date":"2023-01-13T12:18:51","date_gmt":"2023-01-13T12:18:51","guid":{"rendered":"https:\/\/www.mysexualfantasy.eu\/?post_type=product&#038;p=48931"},"modified":"2023-12-06T17:26:08","modified_gmt":"2023-12-06T17:26:08","slug":"obsessive-arienna-panties-xs-s","status":"publish","type":"product","link":"https:\/\/www.mysexualfantasy.eu\/en\/product\/obsessive-arienna-panties-xs-s\/","title":{"rendered":"OBSESSIVE &#8211; ARIENNA PANTIES XS\/S"},"content":{"rendered":"<p>Las bragas Arienna son una propuesta extremadamente femenina y sensual. El dise\u00f1o de talle alto expone perfectamente las formas femeninas y enfatiza la cintura de forma hermosa. El corte sexy sobre el trasero es un incentivo para los placeres calientes en el dormitorio, y el encaje excepcionalmente elegante agregar\u00e1 estilo y envolver\u00e1 el cuerpo en atractivo sexual. Las braguitas forman una tentadora pareja con un sujetador de la misma colecci\u00f3n.<\/p>\n<p>Descubre m\u00e1s detalles:<\/p>\n<p>-Arienna bragas en negro<\/p>\n<p>-material sexy y transl\u00facido: un aspecto tentador<\/p>\n<p>-cintura alta &#8211; curvas perfectamente acentuadas<\/p>\n<p>-corte por encima del trasero &#8211; un elemento picante<\/p>\n<p>-colgante brillante en el frente &#8211; chic y elegancia<\/p>\n<p>-material agradable para la piel ( 90% poliamida, 10% elastano)<\/p>\n<p>\u00a1Obsessive significa inspiraci\u00f3n!\u00a0 Elegancia, sensualidad, amor a la costura&#8230;.significa mucho para la mujer, pocos son los adjetivos que pueden calificar a Obsessive, donde una labor de a\u00f1os\u00a0ha\u00a0conseguido unir la mejor relaci\u00f3n calidad-precio.<\/p>\n<p>\u00a1L\u00edderes mundiales en lencer\u00eda, nadie lo hace mejor!<\/p>\n<p><img decoding=\"async\" alt=\"\" src=\"https:\/\/interno.dreamlove.es\/UserFiles\/images\/SIZE%20CHART%20OBSESSIVE.jpg\" style=\"width: 900px; height: 900px; float: center;\" \/><\/p>","protected":false},"excerpt":{"rendered":"<p>OBSESSIVE &#8211; ARIENNA PANTIES XS\/S<\/p>","protected":false},"featured_media":48933,"comment_status":"open","ping_status":"closed","template":"","meta":{"_monsterinsights_skip_tracking":false,"_monsterinsights_sitenote_active":false,"_monsterinsights_sitenote_note":"","_monsterinsights_sitenote_category":0,"_joinchat":[]},"product_brand":[],"product_cat":[1329,1325,1196,1199,1166],"product_tag":[],"class_list":{"0":"post-48931","1":"product","2":"type-product","3":"status-publish","4":"has-post-thumbnail","6":"product_cat-moda-lencerialenceria-mujerlenceria-sexybragas-sexysbragas-altas","7":"product_cat-moda-lencerialenceria-mujerlenceria-sexybragas-sexys","8":"product_cat-moda-lencerialenceria-mujer","9":"product_cat-moda-lencerialenceria-mujerlenceria-sexy","10":"product_cat-moda-lenceria","11":"yith_product_brand-obsessive","12":"yith_product_brand-obsessiveobsessive-panties-thong","14":"first","15":"instock","16":"taxable","17":"shipping-taxable","18":"purchasable","19":"product-type-variable"},"aioseo_notices":[],"_links":{"self":[{"href":"https:\/\/www.mysexualfantasy.eu\/en\/wp-json\/wp\/v2\/product\/48931","targetHints":{"allow":["GET"]}}],"collection":[{"href":"https:\/\/www.mysexualfantasy.eu\/en\/wp-json\/wp\/v2\/product"}],"about":[{"href":"https:\/\/www.mysexualfantasy.eu\/en\/wp-json\/wp\/v2\/types\/product"}],"replies":[{"embeddable":true,"href":"https:\/\/www.mysexualfantasy.eu\/en\/wp-json\/wp\/v2\/comments?post=48931"}],"wp:featuredmedia":[{"embeddable":true,"href":"https:\/\/www.mysexualfantasy.eu\/en\/wp-json\/wp\/v2\/media\/48933"}],"wp:attachment":[{"href":"https:\/\/www.mysexualfantasy.eu\/en\/wp-json\/wp\/v2\/media?parent=48931"}],"wp:term":[{"taxonomy":"product_brand","embeddable":true,"href":"https:\/\/www.mysexualfantasy.eu\/en\/wp-json\/wp\/v2\/product_brand?post=48931"},{"taxonomy":"product_cat","embeddable":true,"href":"https:\/\/www.mysexualfantasy.eu\/en\/wp-json\/wp\/v2\/product_cat?post=48931"},{"taxonomy":"product_tag","embeddable":true,"href":"https:\/\/www.mysexualfantasy.eu\/en\/wp-json\/wp\/v2\/product_tag?post=48931"}],"curies":[{"name":"wp","href":"https:\/\/api.w.org\/{rel}","templated":true}]}}