{"id":49492,"date":"2023-01-13T12:21:08","date_gmt":"2023-01-13T12:21:08","guid":{"rendered":"https:\/\/www.mysexualfantasy.eu\/?post_type=product&#038;p=49492"},"modified":"2023-12-06T15:26:59","modified_gmt":"2023-12-06T15:26:59","slug":"passion-erotic-line-azalia-teddy-s-m","status":"publish","type":"product","link":"https:\/\/www.mysexualfantasy.eu\/en\/product\/passion-erotic-line-azalia-teddy-s-m\/","title":{"rendered":"PASSION EROTIC LINE AZALIA TEDDY S\/M"},"content":{"rendered":"<p>Este teddy\u00a0es una fabulosa pieza de lencer\u00eda\u00a0con un dise\u00f1o espectacularmente sexy con el que te convertir\u00e1s en una bomba de seducci\u00f3n,\u00a0fabricado por la prestigiosa marca de lencer\u00eda sexy Passion.\u00a0<\/p>\n<p style=\"line-height: 20.8px;\">Erotic Line es la l\u00ednea m\u00e1s atrevida y er\u00f3tica de tu marca de lencer\u00eda favorita, Passion.\u00a0<\/p>\n<ul>\n<li>Teddy Erotic line Azalia<\/li>\n<li>Tirantas ajustables\u00a0<\/li>\n<li>Material el\u00e1stico<\/li>\n<li>Sensuales encajes\u00a0<\/li>\n<li>Color: Negro<\/li>\n<li>Presentaci\u00f3n en\u00a0caja\u00a0<\/li>\n<li>Talla S\/M<\/li>\n<\/ul>\n<p style=\"line-height: 20.8px;\">Passion es lenceria fabricada en la Union Europea con estrictos controles de calidad, cuidando el maximo detalle tanto en la fabricacion como en sus elementos decorativos, pensado para el mundo actual, personas dinamicas con ganas de innovar y sentirse siempre al dia.<\/p>\n<p style=\"text-align: center;\"><img decoding=\"async\" alt=\"\" src=\"https:\/\/store.dreamlove.es\/UserFiles\/images\/PASIOM.png\" style=\"line-height: 20.8px; outline: 0px; box-sizing: border-box; vertical-align: middle; border: 0px; max-width: 100%; width: 512px; height: 167px;\" \/><\/p>","protected":false},"excerpt":{"rendered":"<p>PASSION EROTIC LINE AZALIA TEDDY S\/M<\/p>","protected":false},"featured_media":49494,"comment_status":"open","ping_status":"closed","template":"","meta":{"_monsterinsights_skip_tracking":false,"_monsterinsights_sitenote_active":false,"_monsterinsights_sitenote_note":"","_monsterinsights_sitenote_category":0,"_joinchat":[]},"product_brand":[],"product_cat":[1287,1196,1199,1166],"product_tag":[],"class_list":{"0":"post-49492","1":"product","2":"type-product","3":"status-publish","4":"has-post-thumbnail","6":"product_cat-moda-lencerialenceria-mujerlenceria-sexybodys","7":"product_cat-moda-lencerialenceria-mujer","8":"product_cat-moda-lencerialenceria-mujerlenceria-sexy","9":"product_cat-moda-lenceria","10":"yith_product_brand-passion","11":"yith_product_brand-passionpassion-woman","12":"yith_product_brand-passionpassion-womanpassion-woman-teddies","14":"first","15":"instock","16":"taxable","17":"shipping-taxable","18":"purchasable","19":"product-type-variable"},"aioseo_notices":[],"_links":{"self":[{"href":"https:\/\/www.mysexualfantasy.eu\/en\/wp-json\/wp\/v2\/product\/49492","targetHints":{"allow":["GET"]}}],"collection":[{"href":"https:\/\/www.mysexualfantasy.eu\/en\/wp-json\/wp\/v2\/product"}],"about":[{"href":"https:\/\/www.mysexualfantasy.eu\/en\/wp-json\/wp\/v2\/types\/product"}],"replies":[{"embeddable":true,"href":"https:\/\/www.mysexualfantasy.eu\/en\/wp-json\/wp\/v2\/comments?post=49492"}],"wp:featuredmedia":[{"embeddable":true,"href":"https:\/\/www.mysexualfantasy.eu\/en\/wp-json\/wp\/v2\/media\/49494"}],"wp:attachment":[{"href":"https:\/\/www.mysexualfantasy.eu\/en\/wp-json\/wp\/v2\/media?parent=49492"}],"wp:term":[{"taxonomy":"product_brand","embeddable":true,"href":"https:\/\/www.mysexualfantasy.eu\/en\/wp-json\/wp\/v2\/product_brand?post=49492"},{"taxonomy":"product_cat","embeddable":true,"href":"https:\/\/www.mysexualfantasy.eu\/en\/wp-json\/wp\/v2\/product_cat?post=49492"},{"taxonomy":"product_tag","embeddable":true,"href":"https:\/\/www.mysexualfantasy.eu\/en\/wp-json\/wp\/v2\/product_tag?post=49492"}],"curies":[{"name":"wp","href":"https:\/\/api.w.org\/{rel}","templated":true}]}}