{"id":50098,"date":"2023-01-13T12:23:11","date_gmt":"2023-01-13T12:23:11","guid":{"rendered":"https:\/\/www.mysexualfantasy.eu\/?post_type=product&#038;p=50098"},"modified":"2023-12-06T17:26:07","modified_gmt":"2023-12-06T17:26:07","slug":"obsessive-b136-teddy-xs-s","status":"publish","type":"product","link":"https:\/\/www.mysexualfantasy.eu\/en\/product\/obsessive-b136-teddy-xs-s\/","title":{"rendered":"OBSESSIVE &#8211; B136 TEDDY XS\/S"},"content":{"rendered":"<p>El teddy B136 extremadamente sexy y sensualmente transl\u00facido te seducir\u00e1 y te excitar\u00e1. Su corte femenino enfatiza perfectamente las formas de la figura, y el negro universal ser\u00e1 perfecto en combinaci\u00f3n con accesorios picantes, por ejemplo, cubre pezones. Agr\u00e9galo a tu colecci\u00f3n y comienza una emocionante aventura de placer.<\/p>\n<p>Descubre m\u00e1s detalles:<\/p>\n<p>-Teddy B136 sensualmente transl\u00facido: \u00a1incre\u00edblemente sexy!<\/p>\n<p>-corte femenino con cuello alto: un aspecto elegante y con estilo<\/p>\n<p>-c\u00f3modo cierre de entrepierna &#8211; un ajuste perfecto<\/p>\n<p>-crea un d\u00fao picante con un arn\u00e9s o cubrepezones<\/p>\n<p>-las cubiertas para pezones presentadas no est\u00e1n incluidas en el producto<\/p>\n<p>-material agradable al tacto y muy flexible ( 90% poliamida, 10% elastano)<\/p>\n<p>\u00a1Obsessive significa inspiraci\u00f3n!\u00a0 Elegancia, sensualidad, amor a la costura&#8230;.significa mucho para la mujer, pocos son los adjetivos que pueden calificar a Obsessive, donde una labor de a\u00f1os\u00a0ha\u00a0conseguido unir la mejor relaci\u00f3n calidad-precio.<\/p>\n<p>\u00a1L\u00edderes mundiales en lencer\u00eda, nadie lo hace mejor!<\/p>\n<p><img decoding=\"async\" alt=\"\" src=\"https:\/\/interno.dreamlove.es\/UserFiles\/images\/SIZE%20CHART%20OBSESSIVE.jpg\" style=\"width: 900px; height: 900px; float: center;\" \/><\/p>","protected":false},"excerpt":{"rendered":"<p>OBSESSIVE &#8211; B136 TEDDY XS\/S<\/p>","protected":false},"featured_media":50100,"comment_status":"open","ping_status":"closed","template":"","meta":{"_monsterinsights_skip_tracking":false,"_monsterinsights_sitenote_active":false,"_monsterinsights_sitenote_note":"","_monsterinsights_sitenote_category":0,"_joinchat":[]},"product_brand":[],"product_cat":[1287,1196,1199,1166],"product_tag":[],"class_list":{"0":"post-50098","1":"product","2":"type-product","3":"status-publish","4":"has-post-thumbnail","6":"product_cat-moda-lencerialenceria-mujerlenceria-sexybodys","7":"product_cat-moda-lencerialenceria-mujer","8":"product_cat-moda-lencerialenceria-mujerlenceria-sexy","9":"product_cat-moda-lenceria","10":"yith_product_brand-obsessive","11":"yith_product_brand-obsessiveobsessive-teddies","13":"first","14":"instock","15":"taxable","16":"shipping-taxable","17":"purchasable","18":"product-type-variable"},"aioseo_notices":[],"_links":{"self":[{"href":"https:\/\/www.mysexualfantasy.eu\/en\/wp-json\/wp\/v2\/product\/50098","targetHints":{"allow":["GET"]}}],"collection":[{"href":"https:\/\/www.mysexualfantasy.eu\/en\/wp-json\/wp\/v2\/product"}],"about":[{"href":"https:\/\/www.mysexualfantasy.eu\/en\/wp-json\/wp\/v2\/types\/product"}],"replies":[{"embeddable":true,"href":"https:\/\/www.mysexualfantasy.eu\/en\/wp-json\/wp\/v2\/comments?post=50098"}],"wp:featuredmedia":[{"embeddable":true,"href":"https:\/\/www.mysexualfantasy.eu\/en\/wp-json\/wp\/v2\/media\/50100"}],"wp:attachment":[{"href":"https:\/\/www.mysexualfantasy.eu\/en\/wp-json\/wp\/v2\/media?parent=50098"}],"wp:term":[{"taxonomy":"product_brand","embeddable":true,"href":"https:\/\/www.mysexualfantasy.eu\/en\/wp-json\/wp\/v2\/product_brand?post=50098"},{"taxonomy":"product_cat","embeddable":true,"href":"https:\/\/www.mysexualfantasy.eu\/en\/wp-json\/wp\/v2\/product_cat?post=50098"},{"taxonomy":"product_tag","embeddable":true,"href":"https:\/\/www.mysexualfantasy.eu\/en\/wp-json\/wp\/v2\/product_tag?post=50098"}],"curies":[{"name":"wp","href":"https:\/\/api.w.org\/{rel}","templated":true}]}}