{"id":50359,"date":"2023-01-13T12:24:02","date_gmt":"2023-01-13T12:24:02","guid":{"rendered":"https:\/\/www.mysexualfantasy.eu\/?post_type=product&#038;p=50359"},"modified":"2023-12-06T17:27:19","modified_gmt":"2023-12-06T17:27:19","slug":"leg-avenue-kink-teddy-arnes-con-tachuelas-talla-s-rojo","status":"publish","type":"product","link":"https:\/\/www.mysexualfantasy.eu\/en\/product\/leg-avenue-kink-teddy-arnes-con-tachuelas-talla-s-rojo\/","title":{"rendered":"LEG AVENUE KINK TEDDY ARN\u00c9S CON TACHUELAS TALLA S &#8211; ROJO"},"content":{"rendered":"<p>Arn\u00e9s de cuero vegano con anillas, lazo, correas ajustables y tanga separable. Embalado en una lujosa caja de cart\u00f3n.<\/p>\n<p>DETALLES DEL PRODUCTO<\/p>\n<ul>\n<li>Tipo de embalaje Caja de cart\u00f3n<\/li>\n<li>Includes arnes<\/li>\n<li>Material 100% PU<\/li>\n<\/ul>\n<p>Leg Avenue ha creado un universo ilimitado de exquisita lencer\u00eda e innovadores disfraces. Con hermosos dise\u00f1os, materiales de calidad y un excelente ojo para cada\u00a0detalle. Nuestra lencer\u00eda\u00a0es una celebraci\u00f3n de todo lo que es coqueto y femenino.<\/p>\n<p style=\"text-align: center;\"><img decoding=\"async\" alt=\"\" src=\"https:\/\/interno.dreamlove.es\/UserFiles\/images\/TABLA%20TALLAS.jpg\" style=\"width: 662px; height: 847px;\" \/><\/p>","protected":false},"excerpt":{"rendered":"<p>LEG AVENUE KINK STUDDED O-RING HARNESS TEDDY SIZE S &#8211; RED<\/p>","protected":false},"featured_media":50361,"comment_status":"open","ping_status":"closed","template":"","meta":{"_monsterinsights_skip_tracking":false,"_monsterinsights_sitenote_active":false,"_monsterinsights_sitenote_note":"","_monsterinsights_sitenote_category":0,"_joinchat":[]},"product_brand":[],"product_cat":[1323,1324,1176,1175,1452,1196,1197,1199,1411,1166],"product_tag":[],"class_list":{"0":"post-50359","1":"product","2":"type-product","3":"status-publish","4":"has-post-thumbnail","6":"product_cat-moda-lencerialenceria-mujeraccesorios","7":"product_cat-moda-lencerialenceria-mujeraccesoriosarnes-para-el-cuerpo","8":"product_cat-bdsm-bondage-articulos-bdsm","9":"product_cat-bdsm-bondage","10":"product_cat-moda-lencerialenceria-mujerlenceria-picanteestilo-fetish","11":"product_cat-moda-lencerialenceria-mujer","12":"product_cat-moda-lencerialenceria-mujerlenceria-picante","13":"product_cat-moda-lencerialenceria-mujerlenceria-sexy","14":"product_cat-bdsm-bondage-articulos-bdsmmoda-bdsm","15":"product_cat-moda-lenceria","16":"yith_product_brand-leg-avenue","17":"yith_product_brand-leg-avenueleg-avenue-kink","19":"first","20":"instock","21":"taxable","22":"shipping-taxable","23":"purchasable","24":"product-type-variable"},"aioseo_notices":[],"_links":{"self":[{"href":"https:\/\/www.mysexualfantasy.eu\/en\/wp-json\/wp\/v2\/product\/50359","targetHints":{"allow":["GET"]}}],"collection":[{"href":"https:\/\/www.mysexualfantasy.eu\/en\/wp-json\/wp\/v2\/product"}],"about":[{"href":"https:\/\/www.mysexualfantasy.eu\/en\/wp-json\/wp\/v2\/types\/product"}],"replies":[{"embeddable":true,"href":"https:\/\/www.mysexualfantasy.eu\/en\/wp-json\/wp\/v2\/comments?post=50359"}],"wp:featuredmedia":[{"embeddable":true,"href":"https:\/\/www.mysexualfantasy.eu\/en\/wp-json\/wp\/v2\/media\/50361"}],"wp:attachment":[{"href":"https:\/\/www.mysexualfantasy.eu\/en\/wp-json\/wp\/v2\/media?parent=50359"}],"wp:term":[{"taxonomy":"product_brand","embeddable":true,"href":"https:\/\/www.mysexualfantasy.eu\/en\/wp-json\/wp\/v2\/product_brand?post=50359"},{"taxonomy":"product_cat","embeddable":true,"href":"https:\/\/www.mysexualfantasy.eu\/en\/wp-json\/wp\/v2\/product_cat?post=50359"},{"taxonomy":"product_tag","embeddable":true,"href":"https:\/\/www.mysexualfantasy.eu\/en\/wp-json\/wp\/v2\/product_tag?post=50359"}],"curies":[{"name":"wp","href":"https:\/\/api.w.org\/{rel}","templated":true}]}}