{"id":50727,"date":"2023-01-13T12:30:43","date_gmt":"2023-01-13T12:30:43","guid":{"rendered":"https:\/\/www.mysexualfantasy.eu\/?post_type=product&#038;p=50727"},"modified":"2023-12-06T17:27:15","modified_gmt":"2023-12-06T17:27:15","slug":"obsessive-vivianty-dress-xs-s","status":"publish","type":"product","link":"https:\/\/www.mysexualfantasy.eu\/en\/product\/obsessive-vivianty-dress-xs-s\/","title":{"rendered":"OBSESSIVE &#8211; VIVIANTY DRESS XS\/S"},"content":{"rendered":"<p>Lencer\u00eda en forma de vestido? \u00a1S\u00ed, y es tan sexy! \u00a1Este modelo sabe c\u00f3mo calentar el ambiente de las noches con tu SO! El dise\u00f1o y corte \u00fanicos agregan atractivo sexual y enfatizan sensualmente los activos de la figura. Si te gustan las soluciones originales, \u00a1el vestido Vivianty est\u00e1 hecho para ti!<\/p>\n<p>Descubre m\u00e1s detalles:<\/p>\n<p>-Vestido vivanty con un corte \u00fanico<\/p>\n<p>-sujetador bandeau &#8211; comodidad de uso<\/p>\n<p>-cierre en la espalda &#8211; un ajuste perfecto<\/p>\n<p>-encuadernaci\u00f3n c\u00f3moda alrededor del cuello<\/p>\n<p>-un anillo brillante que conecta la parte superior e inferior &#8211; chic y elegancia<\/p>\n<p>-material brillante &#8211; aspecto hermoso<\/p>\n<p>-corte tentador debajo del busto y en la espalda  llama la atenci\u00f3n<\/p>\n<p>-material agradable y flexible material agradable al tacto ( 85% poli\u00e9ster, 8% elastano, 7% poliuretano)<\/p>\n<p>\u00a1Obsessive significa inspiraci\u00f3n!\u00a0 Elegancia, sensualidad, amor a la costura&#8230;.significa mucho para la mujer, pocos son los adjetivos que pueden calificar a Obsessive, donde una labor de a\u00f1os\u00a0ha\u00a0conseguido unir la mejor relaci\u00f3n calidad-precio.<\/p>\n<p>\u00a1L\u00edderes mundiales en lencer\u00eda, nadie lo hace mejor!<\/p>\n<p><img decoding=\"async\" alt=\"\" src=\"https:\/\/interno.dreamlove.es\/UserFiles\/images\/SIZE%20CHART%20OBSESSIVE.jpg\" style=\"width: 900px; height: 900px; float: center;\" \/><\/p>","protected":false},"excerpt":{"rendered":"<p>OBSESSIVE &#8211; VIVIANTY DRESS XS\/S<\/p>","protected":false},"featured_media":50729,"comment_status":"open","ping_status":"closed","template":"","meta":{"_monsterinsights_skip_tracking":false,"_monsterinsights_sitenote_active":false,"_monsterinsights_sitenote_note":"","_monsterinsights_sitenote_category":0,"_joinchat":[]},"product_brand":[],"product_cat":[1196,1197,1166,1451],"product_tag":[],"class_list":{"0":"post-50727","1":"product","2":"type-product","3":"status-publish","4":"has-post-thumbnail","6":"product_cat-moda-lencerialenceria-mujer","7":"product_cat-moda-lencerialenceria-mujerlenceria-picante","8":"product_cat-moda-lenceria","9":"product_cat-moda-lencerialenceria-mujerlenceria-picantevestidos-sexys","10":"yith_product_brand-obsessive","11":"yith_product_brand-obsessiveobsessive-dresses","13":"first","14":"instock","15":"taxable","16":"shipping-taxable","17":"purchasable","18":"product-type-variable"},"aioseo_notices":[],"_links":{"self":[{"href":"https:\/\/www.mysexualfantasy.eu\/en\/wp-json\/wp\/v2\/product\/50727","targetHints":{"allow":["GET"]}}],"collection":[{"href":"https:\/\/www.mysexualfantasy.eu\/en\/wp-json\/wp\/v2\/product"}],"about":[{"href":"https:\/\/www.mysexualfantasy.eu\/en\/wp-json\/wp\/v2\/types\/product"}],"replies":[{"embeddable":true,"href":"https:\/\/www.mysexualfantasy.eu\/en\/wp-json\/wp\/v2\/comments?post=50727"}],"wp:featuredmedia":[{"embeddable":true,"href":"https:\/\/www.mysexualfantasy.eu\/en\/wp-json\/wp\/v2\/media\/50729"}],"wp:attachment":[{"href":"https:\/\/www.mysexualfantasy.eu\/en\/wp-json\/wp\/v2\/media?parent=50727"}],"wp:term":[{"taxonomy":"product_brand","embeddable":true,"href":"https:\/\/www.mysexualfantasy.eu\/en\/wp-json\/wp\/v2\/product_brand?post=50727"},{"taxonomy":"product_cat","embeddable":true,"href":"https:\/\/www.mysexualfantasy.eu\/en\/wp-json\/wp\/v2\/product_cat?post=50727"},{"taxonomy":"product_tag","embeddable":true,"href":"https:\/\/www.mysexualfantasy.eu\/en\/wp-json\/wp\/v2\/product_tag?post=50727"}],"curies":[{"name":"wp","href":"https:\/\/api.w.org\/{rel}","templated":true}]}}