{"id":52055,"date":"2023-01-13T12:35:55","date_gmt":"2023-01-13T12:35:55","guid":{"rendered":"https:\/\/www.mysexualfantasy.eu\/?post_type=product&#038;p=52055"},"modified":"2023-12-06T16:19:47","modified_gmt":"2023-12-06T16:19:47","slug":"maxi-control-retardante-eyaculacion-60-cap","status":"publish","type":"product","link":"https:\/\/www.mysexualfantasy.eu\/en\/product\/maxi-control-retardante-eyaculacion-60-cap\/","title":{"rendered":"MAXI CONTROL RETARDANTE EYACULACI\u00d3N 60 CAP"},"content":{"rendered":"<p>Para qui\u00e9n?<\/p>\n<ul>\n<li>Hombres con problemas de eyaculaci\u00f3n precoz Hombres que para hacer que el sexo dure m\u00e1s tiempo Hombres estresados por su rendimiento sexual 1 de cada 5 hombres se ven afectados por la eyaculaci\u00f3n precoz en su vida<\/li>\n<\/ul>\n<p>Los ingredientes activos<\/p>\n<ul>\n<li>Rhodiola: Ayuda a hacer frente al estr\u00e9s emocional<\/li>\n<li>Ginseng: Ayuda a mantener buenas relaciones sexuales<\/li>\n<li>Griffonia: Esta planta africana contiene un precursor de la serotonina que ayuda a mejorar la actividad cerebral<\/li>\n<\/ul>\n<p>Dosificaci\u00f3n<\/p>\n<ul>\n<li>2 c\u00e1psulas al d\u00eda con un vaso grande de agua, preferiblemente por la ma\u00f1ana<\/li>\n<\/ul>\n<p>Los complementos alimenticios no pueden sustituir a una dieta variada y equilibrada. Consumir como parte de un estilo de vida saludable. No exceda la dosis diaria recomendada. Mantener fuera del alcance de los ni\u00f1os. No debe ser utilizado por mujeres embarazadas o lactantes, y por personas bajo tratamiento m\u00e9dico. Para su salud, coma al menos cinco frutas y verduras al d\u00eda, practique actividad f\u00edsica regular, evite comer demasiada grasa, demasiado dulce, demasiado salado, evite picar entre comidas.<\/p>","protected":false},"excerpt":{"rendered":"<p>PACKAGING DISPONIBLE EN: \/fr\/en\/de\/<\/p>","protected":false},"featured_media":52056,"comment_status":"open","ping_status":"closed","template":"","meta":{"_monsterinsights_skip_tracking":false,"_monsterinsights_sitenote_active":false,"_monsterinsights_sitenote_note":"","_monsterinsights_sitenote_category":0,"_joinchat":[]},"product_brand":[],"product_cat":[1345,1359,1355,1203,1342,1343],"product_tag":[],"class_list":{"0":"post-52055","1":"product","2":"type-product","3":"status-publish","4":"has-post-thumbnail","6":"product_cat-drogueria-estimulantes-para-elloscapsulas","7":"product_cat-drogueria-complementos-alimenticioscapsulas-para-hombres","8":"product_cat-drogueria-complementos-alimenticios","9":"product_cat-drogueria","10":"product_cat-drogueria-estimulantes-para-ellos","11":"product_cat-drogueria-estimulantes-para-ellosretardantes","12":"yith_product_brand-labophyto","14":"first","15":"instock","16":"taxable","17":"shipping-taxable","18":"purchasable","19":"product-type-simple"},"aioseo_notices":[],"_links":{"self":[{"href":"https:\/\/www.mysexualfantasy.eu\/en\/wp-json\/wp\/v2\/product\/52055","targetHints":{"allow":["GET"]}}],"collection":[{"href":"https:\/\/www.mysexualfantasy.eu\/en\/wp-json\/wp\/v2\/product"}],"about":[{"href":"https:\/\/www.mysexualfantasy.eu\/en\/wp-json\/wp\/v2\/types\/product"}],"replies":[{"embeddable":true,"href":"https:\/\/www.mysexualfantasy.eu\/en\/wp-json\/wp\/v2\/comments?post=52055"}],"wp:featuredmedia":[{"embeddable":true,"href":"https:\/\/www.mysexualfantasy.eu\/en\/wp-json\/wp\/v2\/media\/52056"}],"wp:attachment":[{"href":"https:\/\/www.mysexualfantasy.eu\/en\/wp-json\/wp\/v2\/media?parent=52055"}],"wp:term":[{"taxonomy":"product_brand","embeddable":true,"href":"https:\/\/www.mysexualfantasy.eu\/en\/wp-json\/wp\/v2\/product_brand?post=52055"},{"taxonomy":"product_cat","embeddable":true,"href":"https:\/\/www.mysexualfantasy.eu\/en\/wp-json\/wp\/v2\/product_cat?post=52055"},{"taxonomy":"product_tag","embeddable":true,"href":"https:\/\/www.mysexualfantasy.eu\/en\/wp-json\/wp\/v2\/product_tag?post=52055"}],"curies":[{"name":"wp","href":"https:\/\/api.w.org\/{rel}","templated":true}]}}