{"id":52333,"date":"2023-01-13T12:37:49","date_gmt":"2023-01-13T12:37:49","guid":{"rendered":"https:\/\/www.mysexualfantasy.eu\/?post_type=product&#038;p=52333"},"modified":"2023-12-06T16:20:30","modified_gmt":"2023-12-06T16:20:30","slug":"bioaqua-lubricante-ingredientes-naturales-base-agua-200-ml","status":"publish","type":"product","link":"https:\/\/www.mysexualfantasy.eu\/en\/product\/bioaqua-lubricante-ingredientes-naturales-base-agua-200-ml\/","title":{"rendered":"BIOAQUA LUBRICANTE INGREDIENTES NATURALES BASE AGUA 200 ML"},"content":{"rendered":"<p>Nuestro lubricante BIOAQUA\u00ae es la elecci\u00f3n perfecta para el placer natural: sin efectos, solo sensaciones sin fricci\u00f3n con un toque ligero. Se puede usar durante el sexo, pero gracias a su formulaci\u00f3n con base acuosa natural, tambi\u00e9n es delicado con los juguetes sexuales.<\/p>\n<p> Qu\u00e9 puede aportar el lubricante BIOAQUA\u00ae?<\/p>\n<p> La versi\u00f3n BIOAQUA del lubricante a base de agua, gracias a su f\u00f3rmula suave y 100% natural, ofrece una sensaci\u00f3n de piel sedosa que hace que la estimulaci\u00f3n resulte especialmente intensa. Es adecuado tanto para mujeres como para hombres o parejas y proporciona siempre un mayor placer deslizante. La f\u00f3rmula sin aceites ni componentes grasos tambi\u00e9n es compatible con los condones.<\/p>\n<p> \u00a1Este lubricante a base de agua es 100% natural, seguro para los juguetes y agradable para el cuerpo!<\/p>\n<p> BIOAQUA\u00ae tambi\u00e9n es excelente para usar con preservativos o simplemente piel con piel. A diferencia de muchos otros lubricantes a base de agua, BIOAQUA\u00ae no deja residuos. Adem\u00e1s, su transparente botella se ve genial en tu mesita de noche.<\/p>\n<p> Tenga en cuenta: El uso de lubricantes, aceites y cremas que no sean a base de agua puede causar da\u00f1os irreversibles a la unidad de control ya todo el juguete.<\/p>\n<p> Instrucciones de uso: aplica la cantidad de lubricante que quieras en las partes del cuerpo deseadas y rep\u00edtalo todas las veces que quieras.<\/p>\n<p> Los lubricantes BIOAQUA\u00ae son compatibles con preservativos de Latex.<\/p>\n<ul>\n<li> Apto para el sexo oral<\/li>\n<li> Ideal para utilizarlo con juguetes sexuales<\/li>\n<li> 100% Europeo.<\/li>\n<\/ul>\n<p> Tenga en cuenta: El uso de lubricantes, aceites y cremas que no sean a base de agua de calidad puede causar da\u00f1os irreversibles a la unidad de control ya todo el juguete.<\/p>\n<ul>\n<li> Ingredientes 100% naturales.<\/li>\n<li> Dermatol\u00f3gicamente probado<\/li>\n<li> Alto rendimiento<\/li>\n<li> Larga capacidad deslizante<\/li>\n<li> Apropiado para el uso con preservativos de l\u00e1tex<\/li>\n<li> Hidrosoluble<\/li>\n<li> Neutro al gusto<\/li>\n<li> Incoloro e inodoro<\/li>\n<li> No contiene aceite ni perfumes<\/li>\n<li> Homologado como producto medicinal con el distintivo CE<\/li>\n<\/ul>","protected":false},"excerpt":{"rendered":"<p>LUBRICANTE AL AGUA BIOAQUA INGREDIENTES NATURALES 200 ML<\/p>","protected":false},"featured_media":52334,"comment_status":"open","ping_status":"closed","template":"","meta":{"_monsterinsights_skip_tracking":false,"_monsterinsights_sitenote_active":false,"_monsterinsights_sitenote_note":"","_monsterinsights_sitenote_category":0,"_joinchat":[]},"product_brand":[],"product_cat":[1367,1203,1206],"product_tag":[],"class_list":{"0":"post-52333","1":"product","2":"type-product","3":"status-publish","4":"has-post-thumbnail","6":"product_cat-drogueria-lubricantesbio-ecologico","7":"product_cat-drogueria","8":"product_cat-drogueria-lubricantes","9":"yith_product_brand-aqua","10":"yith_product_brand-aquabioaqua","12":"first","13":"instock","14":"taxable","15":"shipping-taxable","16":"purchasable","17":"product-type-simple"},"aioseo_notices":[],"_links":{"self":[{"href":"https:\/\/www.mysexualfantasy.eu\/en\/wp-json\/wp\/v2\/product\/52333","targetHints":{"allow":["GET"]}}],"collection":[{"href":"https:\/\/www.mysexualfantasy.eu\/en\/wp-json\/wp\/v2\/product"}],"about":[{"href":"https:\/\/www.mysexualfantasy.eu\/en\/wp-json\/wp\/v2\/types\/product"}],"replies":[{"embeddable":true,"href":"https:\/\/www.mysexualfantasy.eu\/en\/wp-json\/wp\/v2\/comments?post=52333"}],"wp:featuredmedia":[{"embeddable":true,"href":"https:\/\/www.mysexualfantasy.eu\/en\/wp-json\/wp\/v2\/media\/52334"}],"wp:attachment":[{"href":"https:\/\/www.mysexualfantasy.eu\/en\/wp-json\/wp\/v2\/media?parent=52333"}],"wp:term":[{"taxonomy":"product_brand","embeddable":true,"href":"https:\/\/www.mysexualfantasy.eu\/en\/wp-json\/wp\/v2\/product_brand?post=52333"},{"taxonomy":"product_cat","embeddable":true,"href":"https:\/\/www.mysexualfantasy.eu\/en\/wp-json\/wp\/v2\/product_cat?post=52333"},{"taxonomy":"product_tag","embeddable":true,"href":"https:\/\/www.mysexualfantasy.eu\/en\/wp-json\/wp\/v2\/product_tag?post=52333"}],"curies":[{"name":"wp","href":"https:\/\/api.w.org\/{rel}","templated":true}]}}