{"id":52378,"date":"2023-01-13T12:38:18","date_gmt":"2023-01-13T12:38:18","guid":{"rendered":"https:\/\/www.mysexualfantasy.eu\/?post_type=product&#038;p=52378"},"modified":"2023-12-06T16:20:36","modified_gmt":"2023-12-06T16:20:36","slug":"xpower-lubricante-blanco-base-agua-100-ml","status":"publish","type":"product","link":"https:\/\/www.mysexualfantasy.eu\/en\/product\/xpower-lubricante-blanco-base-agua-100-ml\/","title":{"rendered":"XPOWER LUBRICANTE BLANCO BASE AGUA 100 ML"},"content":{"rendered":"<p>Fabricado por Labophyto, el White Water-Based Lube de la gama Xpower y su color blanco natural que parece esperma es un lubricante a base de agua. Su color y su textura de esperma lo hacen er\u00f3tico a la vez que aseguran una lubricaci\u00f3n eficaz y placentera. Su ph neutro para la piel y su composici\u00f3n vegana sabr\u00e1n respetar tu cuerpo asegur\u00e1ndole un intenso placer. Tambi\u00e9n puede contribuir a reducir la sequedad vaginal para una relaci\u00f3n sexual m\u00e1s placentera.<\/p>\n<p><strong>El White Water-Based Lube es por lo tanto un excelente producto para:<\/strong><\/p>\n<ul>\n<li>Haz que la lubricaci\u00f3n sea er\u00f3tica gracias a su color blanco y su textura que recuerda al esperma.<\/li>\n<li>Asegura sensaciones intensas extendi\u00e9ndose con facilidad.<\/li>\n<li>Respeta tu piel con su ph neutro<\/li>\n<\/ul>\n<p><strong>Instrucciones de uso:<\/strong><\/p>\n<p>Aplique Xpower White Water-Based Lube en la parte del cuerpo deseada y exti\u00e9ndalo. La f\u00f3rmula a base de agua puede ser absorbida por la piel con el tiempo, as\u00ed que si\u00e9ntete libre de agregar m\u00e1s lubricante durante las relaciones sexuales para asegurar un placer intenso continuo. Compatible con juguetes sexuales de silicona.<\/p>\n<p><strong>Peso neto:<\/strong><\/p>\n<p>100ml<\/p>\n<p><strong>Ingredientes:<\/strong><\/p>\n<p>Aqua, glicerina, propilenglicol, pol\u00edmero cruzado de acrilato de sodio\/acriloildimetiltaurato\/dimetilacrilamida, hidroxietilcelulosa, isohexadecano, fenoxietanol, etilhexilglicerina, polisorbato 60, \u00e1cido c\u00edtrico<\/p>\n<p>Antes de usar el lubricante de forma habitual, aplica una peque\u00f1a cantidad en el antebrazo. Si se produce una reacci\u00f3n al\u00e9rgica, suspenda su uso. Mantener fuera del alcance de los ni\u00f1os. Conservar en un lugar fresco y oscuro. Despu\u00e9s de abrir, usar dentro de los 6 meses.<\/p>","protected":false},"excerpt":{"rendered":"<p>PACKAGING DISPONIBLE EN: \/fr\/en\/es\/it\/de\/nl\/<\/p>","protected":false},"featured_media":52379,"comment_status":"open","ping_status":"closed","template":"","meta":{"_monsterinsights_skip_tracking":false,"_monsterinsights_sitenote_active":false,"_monsterinsights_sitenote_note":"","_monsterinsights_sitenote_category":0,"_joinchat":[]},"product_brand":[],"product_cat":[1207,1203,1206,1370],"product_tag":[],"class_list":{"0":"post-52378","1":"product","2":"type-product","3":"status-publish","4":"has-post-thumbnail","6":"product_cat-drogueria-lubricantesbase-agua","7":"product_cat-drogueria","8":"product_cat-drogueria-lubricantes","9":"product_cat-drogueria-lubricantestacto-fluido-semen","10":"yith_product_brand-labophyto","11":"yith_product_brand-labophytoxpower","13":"first","14":"instock","15":"taxable","16":"shipping-taxable","17":"purchasable","18":"product-type-simple"},"aioseo_notices":[],"_links":{"self":[{"href":"https:\/\/www.mysexualfantasy.eu\/en\/wp-json\/wp\/v2\/product\/52378","targetHints":{"allow":["GET"]}}],"collection":[{"href":"https:\/\/www.mysexualfantasy.eu\/en\/wp-json\/wp\/v2\/product"}],"about":[{"href":"https:\/\/www.mysexualfantasy.eu\/en\/wp-json\/wp\/v2\/types\/product"}],"replies":[{"embeddable":true,"href":"https:\/\/www.mysexualfantasy.eu\/en\/wp-json\/wp\/v2\/comments?post=52378"}],"wp:featuredmedia":[{"embeddable":true,"href":"https:\/\/www.mysexualfantasy.eu\/en\/wp-json\/wp\/v2\/media\/52379"}],"wp:attachment":[{"href":"https:\/\/www.mysexualfantasy.eu\/en\/wp-json\/wp\/v2\/media?parent=52378"}],"wp:term":[{"taxonomy":"product_brand","embeddable":true,"href":"https:\/\/www.mysexualfantasy.eu\/en\/wp-json\/wp\/v2\/product_brand?post=52378"},{"taxonomy":"product_cat","embeddable":true,"href":"https:\/\/www.mysexualfantasy.eu\/en\/wp-json\/wp\/v2\/product_cat?post=52378"},{"taxonomy":"product_tag","embeddable":true,"href":"https:\/\/www.mysexualfantasy.eu\/en\/wp-json\/wp\/v2\/product_tag?post=52378"}],"curies":[{"name":"wp","href":"https:\/\/api.w.org\/{rel}","templated":true}]}}